{"id":994,"date":"2023-04-28T11:16:47","date_gmt":"2023-04-28T11:16:47","guid":{"rendered":"http:\/\/ustniki.pl\/?post_type=product&#038;p=994"},"modified":"2024-11-25T01:07:54","modified_gmt":"2024-11-25T00:07:54","slug":"alkoskaner-alkomat-bramkowy-ebs","status":"publish","type":"product","link":"https:\/\/ustniki.pl\/?product=alkoskaner-alkomat-bramkowy-ebs","title":{"rendered":"EBS 010 Alkoskaner Alkomat bramkowy"},"content":{"rendered":"<div id=\"hikashop_product_left_part\" class=\"hikashop_product_left_part \">\n<div id=\"hikashop_product_image_main\" class=\"hikashop_global_image_div\">\n<div id=\"hikashop_main_image_div\" class=\"hikashop_main_image_div\">\n<div id=\"hikashop_image_main_thumb_div\" class=\"hikashop_product_main_image_thumb\">\n<div class=\"hikashop_product_main_image\">\n<div class=\"hikashop_product_main_image_subdiv\"><\/div>\n<\/div>\n<\/div>\n<\/div>\n<\/div>\n<\/div>\n<div id=\"hikashop_product_bottom_part\" class=\"hikashop_product_bottom_part\">\n<div id=\"hikashop_product_description_main\" class=\"hikashop_product_description_main\">\n<h2><strong>EBS 010<\/strong><\/h2>\n<p>EBS 10 to\u00a0 alkomat , kt\u00f3ry s\u0142u\u017cy do kontroli dost\u0119pu do miejsc i pomieszcze\u0144, w kt\u00f3rych wymagana jest absolutna trze\u017awo\u015b\u0107. Alkomat wskazuje jedynie stan nietrze\u017awo\u015bci lub brak alkoholu w wydychanym powietrzu za pomoc\u0105 dw\u00f3ch komunikat\u00f3w: PASS\/FAIL. Wynik badania mo\u017cna rejestrowa\u0107\u00a0 i warto\u015b\u0107 zawartego alkoholu w wydychanym powietrzu ilo\u015bciowy np. 0,75 mg\/l i zapisa\u0107 w programie kt\u00f3ry wsp\u00f3\u0142pracuje z alkomatem. Posiadamy rozwi\u0105zanie autonomiczne dla dyspozytor\u00f3w ruchu kt\u00f3re to wyr\u0119czaj\u0105 ich w badaniu i wydawaniu kluczy do aut s\u0142u\u017cbowych.<\/p>\n<p>&nbsp;<\/p>\n<p>System zosta\u0142 zaprojektowany, by kontrolowa\u0107 dost\u0119p do miejsc wymagaj\u0105cych absolutnej trze\u017awo\u015bci np. kopal\u0144, zak\u0142ad\u00f3w przemys\u0142owych, itp. EBS 010 jest szybkim i wysoce wiarygodnym testerem bazuj\u0105cym na sensorze elektrochemicznym stosowanym m.in. w urz\u0105dzeniach u\u017cywanych przez policj\u0119. W zgodzie z RODO i UODO.<\/p>\n<p>Zam\u00f3w poprzez tel. 501-134-201 lub\u00a0 e-mail:\u00a0<span id=\"cloak0e4258d61c4c027f25659865680afa77\"><a href=\"mailto:ustniki@ustniki.pl\">ustniki@ustniki.pl<\/a><\/span><br \/>\nZyska\u0142 uznanie w wielu zak\u0142adach przemys\u0142owych \u2012 szczeg\u00f3lnie popularny jest w Rosji gdzie przemys\u0142 ci\u0119\u017cki jest bardzo rozbudowany a problem alkoholu w miejscu pracy powszechny. W istniej\u0105cych instalacjach pojedyncze urz\u0105dzenie kontroluje nawet kilkaset os\u00f3b dziennie \u2013 w przypadku nie wykrytego st\u0119\u017cenia alkoholu EBS potrzebuje zaledwie ok. 3 sekund na wykonanie kolejnego testu.<\/p>\n<p>Mo\u017ce s\u0142u\u017cy\u0107 do zabezpieczenia m.in.:<br \/>\n\u2013 wej\u015b\u0107 na teren zak\u0142adu<br \/>\n\u2013 dost\u0119pu do szaf z kluczami tzw. depozytorami kluczy<br \/>\n-mo\u017cliwo\u015bci uruchomienia maszyny (np. d\u017awigu)<\/p>\n<p>-zasilanie 12V<\/p>\n<p>-wymienny sensor elektrochemiczny<\/p>\n<p>-wynik badania pozytywny lub negatywny<\/p>\n<p>-nie wymaga ustnika\u00a0 \u00a0 obecnie mamy wersje ta\u017c\u00a0 z ustnikiem po 10 groszy<\/p>\n<p>-zakres pomiarowy \u00a00-5 promili<\/p>\n<p>-b\u0142\u0105d \u00a0pomiaru 0,05 promila 0,025 mg\/l<\/p>\n<p>-kalibracja kom\u00f3rki po 6 miesi\u0119cy lub 10 000 pomiar\u00f3w<\/p>\n<p>&nbsp;<\/p>\n<p>-komunikacja USB RS 232 lub analogowo<\/p>\n<p>-mo\u017cliwo\u015b\u0107 w\u0142\u0105czenia do istniej\u0105cego ju\u017c systemu RCP lub kontroli dost\u0119pu.<\/p>\n<p>&nbsp;<\/p>\n<p>&nbsp;<\/p>\n<p>&nbsp;<\/p>\n<\/div>\n<\/div>\n","protected":false},"excerpt":{"rendered":"<p>EBS 010 EBS 10 to\u00a0 alkomat , kt\u00f3ry s\u0142u\u017cy do kontroli dost\u0119pu do miejsc i pomieszcze\u0144, w kt\u00f3rych wymagana jest absolutna trze\u017awo\u015b\u0107. Alkomat wskazuje jedynie stan nietrze\u017awo\u015bci lub brak alkoholu w wydychanym powietrzu za pomoc\u0105 dw\u00f3ch komunikat\u00f3w: PASS\/FAIL. Wynik badania mo\u017cna rejestrowa\u0107\u00a0 i warto\u015b\u0107 zawartego alkoholu w wydychanym powietrzu ilo\u015bciowy np. 0,75 mg\/l i zapisa\u0107 [&hellip;]<\/p>\n","protected":false},"featured_media":995,"comment_status":"open","ping_status":"closed","template":"","meta":{"ocean_post_layout":"","ocean_both_sidebars_style":"","ocean_both_sidebars_content_width":0,"ocean_both_sidebars_sidebars_width":0,"ocean_sidebar":"","ocean_second_sidebar":"","ocean_disable_margins":"enable","ocean_add_body_class":"","ocean_shortcode_before_top_bar":"","ocean_shortcode_after_top_bar":"","ocean_shortcode_before_header":"","ocean_shortcode_after_header":"","ocean_has_shortcode":"","ocean_shortcode_after_title":"","ocean_shortcode_before_footer_widgets":"","ocean_shortcode_after_footer_widgets":"","ocean_shortcode_before_footer_bottom":"","ocean_shortcode_after_footer_bottom":"","ocean_display_top_bar":"default","ocean_display_header":"default","ocean_header_style":"","ocean_center_header_left_menu":"","ocean_custom_header_template":"","ocean_custom_logo":0,"ocean_custom_retina_logo":0,"ocean_custom_logo_max_width":0,"ocean_custom_logo_tablet_max_width":0,"ocean_custom_logo_mobile_max_width":0,"ocean_custom_logo_max_height":0,"ocean_custom_logo_tablet_max_height":0,"ocean_custom_logo_mobile_max_height":0,"ocean_header_custom_menu":"","ocean_menu_typo_font_family":"","ocean_menu_typo_font_subset":"","ocean_menu_typo_font_size":0,"ocean_menu_typo_font_size_tablet":0,"ocean_menu_typo_font_size_mobile":0,"ocean_menu_typo_font_size_unit":"px","ocean_menu_typo_font_weight":"","ocean_menu_typo_font_weight_tablet":"","ocean_menu_typo_font_weight_mobile":"","ocean_menu_typo_transform":"","ocean_menu_typo_transform_tablet":"","ocean_menu_typo_transform_mobile":"","ocean_menu_typo_line_height":0,"ocean_menu_typo_line_height_tablet":0,"ocean_menu_typo_line_height_mobile":0,"ocean_menu_typo_line_height_unit":"","ocean_menu_typo_spacing":0,"ocean_menu_typo_spacing_tablet":0,"ocean_menu_typo_spacing_mobile":0,"ocean_menu_typo_spacing_unit":"","ocean_menu_link_color":"","ocean_menu_link_color_hover":"","ocean_menu_link_color_active":"","ocean_menu_link_background":"","ocean_menu_link_hover_background":"","ocean_menu_link_active_background":"","ocean_menu_social_links_bg":"","ocean_menu_social_hover_links_bg":"","ocean_menu_social_links_color":"","ocean_menu_social_hover_links_color":"","ocean_disable_title":"default","ocean_disable_heading":"default","ocean_post_title":"","ocean_post_subheading":"","ocean_post_title_style":"","ocean_post_title_background_color":"","ocean_post_title_background":0,"ocean_post_title_bg_image_position":"","ocean_post_title_bg_image_attachment":"","ocean_post_title_bg_image_repeat":"","ocean_post_title_bg_image_size":"","ocean_post_title_height":0,"ocean_post_title_bg_overlay":0.5,"ocean_post_title_bg_overlay_color":"","ocean_disable_breadcrumbs":"default","ocean_breadcrumbs_color":"","ocean_breadcrumbs_separator_color":"","ocean_breadcrumbs_links_color":"","ocean_breadcrumbs_links_hover_color":"","ocean_display_footer_widgets":"default","ocean_display_footer_bottom":"default","ocean_custom_footer_template":""},"product_brand":[],"product_cat":[32],"product_tag":[47,46,48],"class_list":{"0":"post-994","1":"product","2":"type-product","3":"status-publish","4":"has-post-thumbnail","6":"product_cat-alkomaty","7":"product_tag-alkomat-bramkowy","8":"product_tag-blokada-alkoholowa","9":"product_tag-ebs-010","11":"entry","12":"has-media","14":"first","15":"onbackorder","16":"shipping-taxable","17":"purchasable","18":"product-type-simple","19":"has-product-nav","20":"col","21":"span_1_of_3","22":"owp-content-center","23":"owp-thumbs-layout-horizontal","24":"owp-btn-normal","25":"owp-tabs-layout-horizontal"},"_links":{"self":[{"href":"https:\/\/ustniki.pl\/index.php?rest_route=\/wp\/v2\/product\/994","targetHints":{"allow":["GET"]}}],"collection":[{"href":"https:\/\/ustniki.pl\/index.php?rest_route=\/wp\/v2\/product"}],"about":[{"href":"https:\/\/ustniki.pl\/index.php?rest_route=\/wp\/v2\/types\/product"}],"replies":[{"embeddable":true,"href":"https:\/\/ustniki.pl\/index.php?rest_route=%2Fwp%2Fv2%2Fcomments&post=994"}],"wp:featuredmedia":[{"embeddable":true,"href":"https:\/\/ustniki.pl\/index.php?rest_route=\/wp\/v2\/media\/995"}],"wp:attachment":[{"href":"https:\/\/ustniki.pl\/index.php?rest_route=%2Fwp%2Fv2%2Fmedia&parent=994"}],"wp:term":[{"taxonomy":"product_brand","embeddable":true,"href":"https:\/\/ustniki.pl\/index.php?rest_route=%2Fwp%2Fv2%2Fproduct_brand&post=994"},{"taxonomy":"product_cat","embeddable":true,"href":"https:\/\/ustniki.pl\/index.php?rest_route=%2Fwp%2Fv2%2Fproduct_cat&post=994"},{"taxonomy":"product_tag","embeddable":true,"href":"https:\/\/ustniki.pl\/index.php?rest_route=%2Fwp%2Fv2%2Fproduct_tag&post=994"}],"curies":[{"name":"wp","href":"https:\/\/api.w.org\/{rel}","templated":true}]}}