{"id":981,"date":"2023-04-25T06:40:59","date_gmt":"2023-04-25T06:40:59","guid":{"rendered":"http:\/\/ustniki.pl\/?post_type=product&#038;p=981"},"modified":"2023-06-03T20:04:14","modified_gmt":"2023-06-03T19:04:14","slug":"wipealyser-narkotest-przenosne-urzadzenie-do-obiektywnej-analizy","status":"publish","type":"product","link":"https:\/\/ustniki.pl\/?product=wipealyser-narkotest-przenosne-urzadzenie-do-obiektywnej-analizy","title":{"rendered":"WipeAlyser\u00ae narkotest- przeno\u015bne urz\u0105dzenie do obiektywnej analizy- Narkomat"},"content":{"rendered":"<p><strong>WipeAlyser<\/strong>\u00a0 <img fetchpriority=\"high\" decoding=\"async\" class=\"\" src=\"https:\/\/trzecifilar.com\/media\/com_hikashop\/upload\/armas-saborit-wipealyser_668958104.jpg\" width=\"450\" height=\"290\" \/><\/p>\n<section id=\"sp-main-body-wrapper\" class=\" \">\n<div class=\"container\">\n<div id=\"main-body\" class=\"row-fluid\">\n<div id=\"sp-message-area\" class=\"span12\">\n<section id=\"sp-component-area-wrapper\" class=\" \">\n<div id=\"component-area\" class=\"row-fluid\">\n<div id=\"sp-component-area\" class=\"span12\">\n<section id=\"sp-component-wrapper\">\n<div id=\"sp-component\">\n<article class=\"item-page post-37 post hentry status-publish category-uncategorised \">\n<section class=\"entry-content\">Przeno\u015bne urz\u0105dzenie do obiektywnej analizy i dokumentowania wynik\u00f3w bada\u0144 na zawarto\u015b\u0107 narkotyk\u00f3w w \u015blinie os\u00f3b badanychZalety:Pe\u0142na mobilno\u015b\u0107. Mo\u017cna u\u017cywa\u0107 zar\u00f3wno pomieszczeniach, na zewn\u0105trz oraz w samochodzie<br \/>\nIdealne do pracy w warunkach drogowych<br \/>\nZabezpieczenie danych wynik\u00f3w pomiar\u00f3w. Brak mo\u017cliwo\u015bci ingerencji operatora<br \/>\nBryzgoszczelna i wytrzyma\u0142a obudowa<br \/>\nWbudowana drukarka<br \/>\nMo\u017cliwo\u015b\u0107 wprowadzenia dodatkowych danych dotycz\u0105cych badanego i osoby przeprowadzaj\u0105cej badanie<br \/>\nPor\u0119czne, intuicyjne i \u0142atwe w obs\u0142udzetu link do filmu https:\/\/www.youtube.com\/watch?v=5xkf2E1xHyk&amp;t=4s&amp;ab_channel=SecuretecDetektions-SystemeAGZalety:<br \/>\n&#8211; Pe\u0142na mobilno\u015b\u0107. Czytnik mo\u017cna u\u017cywa\u0107 w pomieszczeniach, na zewn\u0105trz i w samochodzie.<br \/>\n&#8211; Zabezpieczenie danych wynik\u00f3w pomiar\u00f3w. Brak mo\u017cliwo\u015bci ingerencji operatora.<br \/>\n&#8211; Mo\u017cliwo\u015b\u0107 wprowadzenia dodatkowych danych dotycz\u0105cych badanego i osoby przeprowadzaj\u0105cej badanie.<br \/>\n&#8211; Por\u0119czny i \u0142atwy w obs\u0142udze.<\/p>\n<p>&nbsp;<\/p>\n<p>&nbsp;<\/p>\n<\/section>\n<\/article>\n<\/div>\n<\/section>\n<\/div>\n<\/div>\n<\/section>\n<\/div>\n<\/div>\n<\/div>\n<\/section>\n","protected":false},"excerpt":{"rendered":"<p>WipeAlyser\u00a0 Przeno\u015bne urz\u0105dzenie do obiektywnej analizy i dokumentowania wynik\u00f3w bada\u0144 na zawarto\u015b\u0107 narkotyk\u00f3w w \u015blinie os\u00f3b badanychZalety:Pe\u0142na mobilno\u015b\u0107. Mo\u017cna u\u017cywa\u0107 zar\u00f3wno pomieszczeniach, na zewn\u0105trz oraz w samochodzie Idealne do pracy w warunkach drogowych Zabezpieczenie danych wynik\u00f3w pomiar\u00f3w. Brak mo\u017cliwo\u015bci ingerencji operatora Bryzgoszczelna i wytrzyma\u0142a obudowa Wbudowana drukarka Mo\u017cliwo\u015b\u0107 wprowadzenia dodatkowych danych dotycz\u0105cych badanego i osoby [&hellip;]<\/p>\n","protected":false},"featured_media":982,"comment_status":"open","ping_status":"closed","template":"","meta":{"ocean_post_layout":"","ocean_both_sidebars_style":"","ocean_both_sidebars_content_width":0,"ocean_both_sidebars_sidebars_width":0,"ocean_sidebar":"","ocean_second_sidebar":"","ocean_disable_margins":"enable","ocean_add_body_class":"","ocean_shortcode_before_top_bar":"","ocean_shortcode_after_top_bar":"","ocean_shortcode_before_header":"","ocean_shortcode_after_header":"","ocean_has_shortcode":"","ocean_shortcode_after_title":"","ocean_shortcode_before_footer_widgets":"","ocean_shortcode_after_footer_widgets":"","ocean_shortcode_before_footer_bottom":"","ocean_shortcode_after_footer_bottom":"","ocean_display_top_bar":"default","ocean_display_header":"default","ocean_header_style":"","ocean_center_header_left_menu":"","ocean_custom_header_template":"","ocean_custom_logo":0,"ocean_custom_retina_logo":0,"ocean_custom_logo_max_width":0,"ocean_custom_logo_tablet_max_width":0,"ocean_custom_logo_mobile_max_width":0,"ocean_custom_logo_max_height":0,"ocean_custom_logo_tablet_max_height":0,"ocean_custom_logo_mobile_max_height":0,"ocean_header_custom_menu":"","ocean_menu_typo_font_family":"","ocean_menu_typo_font_subset":"","ocean_menu_typo_font_size":0,"ocean_menu_typo_font_size_tablet":0,"ocean_menu_typo_font_size_mobile":0,"ocean_menu_typo_font_size_unit":"px","ocean_menu_typo_font_weight":"","ocean_menu_typo_font_weight_tablet":"","ocean_menu_typo_font_weight_mobile":"","ocean_menu_typo_transform":"","ocean_menu_typo_transform_tablet":"","ocean_menu_typo_transform_mobile":"","ocean_menu_typo_line_height":0,"ocean_menu_typo_line_height_tablet":0,"ocean_menu_typo_line_height_mobile":0,"ocean_menu_typo_line_height_unit":"","ocean_menu_typo_spacing":0,"ocean_menu_typo_spacing_tablet":0,"ocean_menu_typo_spacing_mobile":0,"ocean_menu_typo_spacing_unit":"","ocean_menu_link_color":"","ocean_menu_link_color_hover":"","ocean_menu_link_color_active":"","ocean_menu_link_background":"","ocean_menu_link_hover_background":"","ocean_menu_link_active_background":"","ocean_menu_social_links_bg":"","ocean_menu_social_hover_links_bg":"","ocean_menu_social_links_color":"","ocean_menu_social_hover_links_color":"","ocean_disable_title":"default","ocean_disable_heading":"default","ocean_post_title":"","ocean_post_subheading":"","ocean_post_title_style":"","ocean_post_title_background_color":"","ocean_post_title_background":0,"ocean_post_title_bg_image_position":"","ocean_post_title_bg_image_attachment":"","ocean_post_title_bg_image_repeat":"","ocean_post_title_bg_image_size":"","ocean_post_title_height":0,"ocean_post_title_bg_overlay":0.5,"ocean_post_title_bg_overlay_color":"","ocean_disable_breadcrumbs":"default","ocean_breadcrumbs_color":"","ocean_breadcrumbs_separator_color":"","ocean_breadcrumbs_links_color":"","ocean_breadcrumbs_links_hover_color":"","ocean_display_footer_widgets":"default","ocean_display_footer_bottom":"default","ocean_custom_footer_template":""},"product_brand":[],"product_cat":[34],"product_tag":[53,51,52,54],"class_list":{"0":"post-981","1":"product","2":"type-product","3":"status-publish","4":"has-post-thumbnail","6":"product_cat-narkotesty","7":"product_tag-drugwipe","8":"product_tag-narkomat","9":"product_tag-narkotest","10":"product_tag-wipealyser","12":"entry","13":"has-media","15":"first","16":"onbackorder","17":"shipping-taxable","18":"product-type-simple","19":"has-product-nav","20":"col","21":"span_1_of_3","22":"owp-content-center","23":"owp-thumbs-layout-horizontal","24":"owp-btn-normal","25":"owp-tabs-layout-horizontal","26":"has-no-thumbnails"},"_links":{"self":[{"href":"https:\/\/ustniki.pl\/index.php?rest_route=\/wp\/v2\/product\/981","targetHints":{"allow":["GET"]}}],"collection":[{"href":"https:\/\/ustniki.pl\/index.php?rest_route=\/wp\/v2\/product"}],"about":[{"href":"https:\/\/ustniki.pl\/index.php?rest_route=\/wp\/v2\/types\/product"}],"replies":[{"embeddable":true,"href":"https:\/\/ustniki.pl\/index.php?rest_route=%2Fwp%2Fv2%2Fcomments&post=981"}],"wp:featuredmedia":[{"embeddable":true,"href":"https:\/\/ustniki.pl\/index.php?rest_route=\/wp\/v2\/media\/982"}],"wp:attachment":[{"href":"https:\/\/ustniki.pl\/index.php?rest_route=%2Fwp%2Fv2%2Fmedia&parent=981"}],"wp:term":[{"taxonomy":"product_brand","embeddable":true,"href":"https:\/\/ustniki.pl\/index.php?rest_route=%2Fwp%2Fv2%2Fproduct_brand&post=981"},{"taxonomy":"product_cat","embeddable":true,"href":"https:\/\/ustniki.pl\/index.php?rest_route=%2Fwp%2Fv2%2Fproduct_cat&post=981"},{"taxonomy":"product_tag","embeddable":true,"href":"https:\/\/ustniki.pl\/index.php?rest_route=%2Fwp%2Fv2%2Fproduct_tag&post=981"}],"curies":[{"name":"wp","href":"https:\/\/api.w.org\/{rel}","templated":true}]}}