{"id":448,"date":"2023-03-24T14:32:24","date_gmt":"2023-03-24T14:32:24","guid":{"rendered":"http:\/\/ustniki.pl\/?post_type=product&#038;p=448"},"modified":"2023-06-04T11:58:42","modified_gmt":"2023-06-04T10:58:42","slug":"analiza-wlosow-toksykologiczna","status":"publish","type":"product","link":"https:\/\/ustniki.pl\/?product=analiza-wlosow-toksykologiczna","title":{"rendered":"Analiza w\u0142os\u00f3w toksykologiczna"},"content":{"rendered":"<p><a class=\"quickbox[22]\" title=\"\" href=\"http:\/\/ustniki.pl\/files\/analiza-pierwiastkowa-wlosa-.jpg\"><img decoding=\"async\" src=\"http:\/\/ustniki.pl\/files\/150\/analiza-pierwiastkowa-wlosa-.jpg\" alt=\"\" \/><\/a><a class=\"quickbox[22]\" title=\"\" href=\"http:\/\/ustniki.pl\/files\/wlosy_123.jpg\"><img decoding=\"async\" src=\"http:\/\/ustniki.pl\/files\/150\/wlosy_123.jpg\" alt=\"\" \/><\/a><a class=\"quickbox[22]\" title=\"\" href=\"http:\/\/ustniki.pl\/files\/wlosy_pobranie.jpg\"><img decoding=\"async\" src=\"http:\/\/ustniki.pl\/files\/150\/wlosy_pobranie.jpg\" alt=\"\" \/><\/a><\/p>\n<p>&nbsp;<\/p>\n<p>&nbsp;<\/p>\n<div id=\"pageDescription\" class=\"content\">\n<p><strong>Analiza wysoko\u00a0laboratoryjna\u00a0w\u0142os\u00f3w na zawarto\u015b\u0107 substancji psychoaktywnych<\/strong><\/p>\n<p>&nbsp;<\/p>\n<p>Informujemy i\u017c obecnie wprowadzili\u015bmy do swojej\u00a0 oferty ,now\u0105 innowacyjn\u0105 metod\u0119 , bardzo popularn\u0105 w krajach wysoko rozwini\u0119tych do wykrywania substancji psychotropowych \u00a0z w\u0142os\u00f3w obejmuj\u0105c\u0105 szerok\u0105 grup\u0119,\u00a0<strong>ponad 500 !!!<\/strong>\u00a0substancji. Nowo\u015b\u0107! Biomarker nikotyny kotynina. Identyfikujemy GHB.<\/p>\n<p>Badania te s\u0105 wykonywane metodami wysoko laboratoryjnymi jak: \u00a0 LC-MS\/MS, GC-MS oraz metod\u0105 chromatografii gazowej z detektorem p\u0142omieniowo-jonizacyjnym z Head-Space. Jako jedyni w kraju mamy akredytowany tak szeroki zakres wykrywanych zwi\u0105zk\u00f3w, opartej na wzorcach przy udziale najwy\u017cszej klasy specjalist\u00f3w i najnowocze\u015bniejszego sprz\u0119tu, kt\u00f3rym dysponujemy. W krajach takich jak USA czy Niemcy metoda ta jest najpopularniejsz\u0105 je\u017celi chodzi o detekcje substancji psychoaktywnych w organizmie cz\u0142owieka.<\/p>\n<p>Laboratorium ma akredytacj\u0119 PCA \u00a0i dzia\u0142a w oparciu o norm\u0119\u00a0<strong>ISO\/IEC PN-EN 17025:2017<\/strong><\/p>\n<p>&nbsp;<\/p>\n<p>Udzielamy wsparcia przed wykonaniem \u00a0pobrania materia\u0142u do badania \u00a0aby zachowa\u0107 dobre relacje mi\u0119dzyludzkie.<\/p>\n<p>Z bada\u0144 w\u0142os\u00f3w korzystaj\u0105: osby prywatne i firmy z ca\u0142ej Europy poniewa\u017c dzia\u0142amy zgodnie ze sztandarami\u00a0<strong>ISO\/IEC PN-EN 17025:2017<\/strong>\u00a0:pracodawcy (Linie lotnicze, armatorzy, firmy transportowe, komunikacyjne ), osoby pomawiane w rodzinie lub pracy, szkole o konsumpcje substancji odurzaj\u0105cych ,osoby kt\u00f3re utraci\u0142y prawo jazdy a odzyska\u0142y je \u00a0warunkowo, strony w sprawach rozwodowych kt\u00f3re s\u0105 pomawiane\u00a0 o za\u017cywanie substancji zakazanych aby ograniczy\u0107 im dost\u0119p do dzieci. Obecnie z tej metody\u00a0 bada\u0144 (anonimowo) korzystaj\u0105 wsp\u00f3lnicy w sp\u00f3\u0142kach,\u00a0 \u2026. Koniec z pomawianiem, tym badaniem mo\u017cesz udowodni\u0107 swoj\u0105 czysto\u015b\u0107.<\/p>\n<p>&nbsp;<\/p>\n<p>&nbsp;<\/p>\n<p><strong>Dlaczego warto korzysta\u0107 z test\u00f3w we w\u0142osach ?<\/strong><br \/>\nNajwi\u0119ksze zalety metody badania substancji we w\u0142osach to d\u0142ugie tzw. \u201eokno czasowe\u201d(1 cm w\u0142os\u00f3w to oko\u0142o 1 miesi\u0105c naszej historii np.5 cm to oko\u0142o 5 miesi\u0119cy jaki mo\u017cemy przebada\u0107. Bada\u0107 mo\u017cemy ca\u0142o\u015bciowo np. 5 cm lub mo\u017cemy ci\u0105\u0107 w\u0142osy na segmenty 1cm \u00a0i bada\u0107 miesi\u0105c po miesi\u0105cu. Badanie to pozwala na podanie przybli\u017conego czasu za\u017cycia substancji nawet do 12 miesi\u0119cy wstecz. W przypadku pr\u00f3bki \u015bliny substancje mo\u017cna stwierdzi\u0107 tylko w ci\u0105gu 48 godzin od za\u017cycia, a w moczu wi\u0119kszo\u015b\u0107 w ci\u0105gu 2-3 dni od kontaktu.<br \/>\nBardzo trudne jest zafa\u0142szowanie pr\u00f3bki w\u0142os\u00f3w co jest mo\u017cliwe w przypadku moczu (eliminacja fa\u0142szywie ujemnych wynik\u00f3w ).<br \/>\nEliminuj\u0105 mo\u017cliwo\u015b\u0107 zewn\u0119trznej kontaminacji poprzez np. przebywanie w pomieszczeniu gdzie palono narkotyk (brak fa\u0142szywie dodatnich wynik\u00f3w).<br \/>\nBadania pokazuj\u0105 najwy\u017csz\u0105 skuteczno\u015b\u0107 detekcji we w\u0142osach substancji psychotropowych czy \u015brodk\u00f3w odurzaj\u0105cych \u00a0w por\u00f3wnaniu do innych materia\u0142\u00f3w biologicznych. Substancje psychoaktywne wbudowuj\u0105 si\u0119 w struktur\u0119 w\u0142osa w okresie 3 tygodni od momentu za\u017cycia. Dlatego te\u017c nie nale\u017cy pobiera\u0107 w\u0142os\u00f3w tu\u017c po spo\u017cyciu.<\/p>\n<table border=\"0\" width=\"643\" cellspacing=\"0\" cellpadding=\"2\">\n<colgroup>\n<col width=\"118\" \/>\n<col width=\"315\" \/>\n<col width=\"80\" \/>\n<col width=\"113\" \/><\/colgroup>\n<tbody>\n<tr>\n<td bgcolor=\"#dee8fe\" width=\"118\"><strong>Rodzaj badanego materia\u0142u<\/strong><\/td>\n<td bgcolor=\"#dee8fe\" width=\"315\"><strong>Oznaczana substancja<\/strong><\/td>\n<td bgcolor=\"#dee8fe\" width=\"80\"><strong>Cena<\/strong><\/td>\n<td bgcolor=\"#dee8fe\" width=\"113\"><strong>Termin realizacji<\/strong><\/td>\n<\/tr>\n<tr>\n<td bgcolor=\"#dee8fe\" width=\"118\">Kosmyk w\u0142os\u00f3w*<\/td>\n<td bgcolor=\"#dee8fe\" width=\"315\">Zbadanie pr\u00f3bki w\u0142os\u00f3w na zawarto\u015b\u0107 substancji stanowi\u0105cych \u015brodki odurzaj\u0105ce i psychotropowe<\/td>\n<td bgcolor=\"#dee8fe\" width=\"80\">\n<p align=\"JUSTIFY\">1500 PLN<br \/>\nbrutto \/ 1 pr\u00f3bka do<\/p>\n<p align=\"JUSTIFY\">3 cm<\/p>\n<\/td>\n<td bgcolor=\"#dee8fe\" width=\"113\">Od 21 do 30 dni roboczych<\/td>\n<\/tr>\n<tr>\n<td bgcolor=\"#dee8fe\" width=\"118\">Kosmyk w\u0142os\u00f3w*<\/td>\n<td bgcolor=\"#dee8fe\" width=\"315\">\n<p align=\"JUSTIFY\">Pobranie, zbadanie i udokumentowanie pobrania pr\u00f3bki w\u0142os\u00f3w do cel\u00f3w dowodowych\u00a0 z opini\u0105 .<\/p>\n<\/td>\n<td bgcolor=\"#dee8fe\" width=\"80\">\n<p align=\"JUSTIFY\">Od\u00a0 \u00a01950\u00a0 \u00a0 PLN<br \/>\nbrutto \/ 1 pr\u00f3bka do<\/p>\n<p align=\"JUSTIFY\">3cm<\/p>\n<\/td>\n<td bgcolor=\"#dee8fe\" width=\"113\">Od 21 do 30 dni roboczych<\/td>\n<\/tr>\n<tr>\n<td bgcolor=\"#dee8fe\" width=\"118\">Kosmyk w\u0142os\u00f3w*<\/td>\n<td bgcolor=\"#dee8fe\" width=\"315\">\n<p align=\"JUSTIFY\">Marker ETG \u015bwiadczy o chronicznym<\/p>\n<p align=\"JUSTIFY\">nadu\u017cywaniu alkoholu.<\/p>\n<\/td>\n<td bgcolor=\"#dee8fe\" width=\"80\">\n<p align=\"JUSTIFY\">1500<br \/>\nbrutto \/ 1 pr\u00f3bka<\/p>\n<p align=\"JUSTIFY\">3cm<\/p>\n<\/td>\n<td bgcolor=\"#dee8fe\" width=\"113\">Od 21 do 30 dni roboczych<\/td>\n<\/tr>\n<\/tbody>\n<\/table>\n<table border=\"0\" width=\"643\" cellspacing=\"0\" cellpadding=\"2\">\n<colgroup>\n<col width=\"125\" \/>\n<col width=\"281\" \/>\n<col width=\"89\" \/>\n<col width=\"132\" \/><\/colgroup>\n<tbody>\n<tr>\n<td bgcolor=\"#dee8fe\" width=\"125\">Kosmyk\u00a0 \u00a0 \u00a0 \u00a0 \u00a0 \u00a0 \u00a0 w\u0142os\u00f3w*<\/td>\n<td bgcolor=\"#dee8fe\" width=\"281\">\n<p align=\"JUSTIFY\">Biomarker kotynina \u015bwiadczy o paleniu papieros\u00f3w, nikotynizm<\/p>\n<p align=\"JUSTIFY\">.<\/p>\n<\/td>\n<td bgcolor=\"#dee8fe\" width=\"89\">\n<p align=\"JUSTIFY\">brutto \/ 1 pr\u00f3bka<\/p>\n<p align=\"JUSTIFY\">3cm<\/p>\n<\/td>\n<td bgcolor=\"#dee8fe\" width=\"132\"><\/td>\n<\/tr>\n<\/tbody>\n<\/table>\n<p>&nbsp;<\/p>\n<p>&nbsp;<\/p>\n<p>Nr konta do przelewu Medat2000 Janusz Peryt 43 1020 1185 0000 4602 0013 7042<\/p>\n<p>*Szczeg\u00f3\u0142owa instrukcja pobrania w\u0142os\u00f3w do bada\u0144 na dole artyku\u0142u lub popro\u015b o instrukcje krok po kroku na e-mail.<br \/>\n*Szczeg\u00f3\u0142owy zakres badanych substancji wysy\u0142amy na e-mail.<\/p>\n<p><strong>Do cel\u00f3w dowodowych<\/strong>\u00a0w\u0142osy pobiera osoba do tego upowa\u017cniona, przeszkolona\u00a0 w\/g procedury Society of Hair Testing.<\/p>\n<p>&nbsp;<\/p>\n<p><strong>Spos\u00f3b pobierania materia\u0142u do bada\u0144 dla w\u0142asnych potrzeb:<\/strong><\/p>\n<p>W\u0142osy nale\u017cy pobra\u0107 z potylicznej cz\u0119\u015bci g\u0142owy(obszar: czubek\u00a0 ty\u0142u g\u0142owy i obszar mi\u0119dzy uszami)\u00a0 w\u0142osy przed obci\u0119ciem\u00a0 nale\u017cy zwi\u0105za\u0107 nitk\u0105 lub gumk\u0105, \u015bci\u0105\u0107 tu\u017c przy sk\u00f3rze g\u0142owy, kosmyk w\u0142os\u00f3w powinien by\u0107 grubo\u015bci o\u0142\u00f3wka (ok. 6 \u2013 7 mm \u015brednicy, minimum 200 mg). Ponadto nale\u017cy zaznaczy\u0107 w wyra\u017any spos\u00f3b kierunek wzrostu w\u0142os\u00f3w -wi\u0105zanie bli\u017cej sk\u00f3ry\u00a0 g\u0142owy. Tak pobrane w\u0142osy nale\u017cy zapakowa\u0107 w folie aluminiow\u0105 dobrze zwin\u0105\u0107 aby w trakcie transportu nie dosz\u0142o do przesuni\u0119cia si\u0119 poszczeg\u00f3lnych w\u0142os\u00f3w zapakowa\u0107\u00a0 do koperty , przes\u0142a\u0107 na adres Medart2000 Peryt Janusz\u00a0 Warszawa.<\/p>\n<p>&nbsp;<\/p>\n<p><strong>\u00a0<\/strong><strong>Interpretacja wynik\u00f3w.<\/strong><\/p>\n<p>Wynik r\u00f3wnoznaczny lub przekroczenie podanych prog\u00f3w \u015bwiadczy o konsumpcji substancji z danej grupy narkotyk\u00f3w.<\/p>\n<p>1.Amfetaminy : metamfetamina, MDA, MDMA\/Ecstasy\/, MDEA\u00a0 \u00a0 \u00a00,1\u00a0 ng\/mg<br \/>\n2.Kannabinoidy : marihuana, haszysz&#8230;\u00a0 \u00a0 \u00a0 \u00a0 \u00a0 \u00a0 \u00a0 \u00a0 \u00a0 \u00a0 \u00a0 \u00a0 \u00a0 \u00a0 \u00a0 \u00a0 \u00a0 \u00a0 \u00a0 0,02 ng\/mg<br \/>\n3.Opiaty : morfina, heroina, kodeina, opium\u00a0 \u00a0 \u00a0 \u00a0 \u00a0 \u00a0 \u00a0 \u00a0 \u00a0 \u00a0 \u00a0 \u00a0 \u00a0 \u00a0 \u00a0\u00a0\u00a00,1\u00a0 \u00a0ng\/mg<br \/>\n4.Kokaina (BZO)\u00a0 \u00a0 \u00a0 \u00a0 \u00a0 \u00a0 \u00a0 \u00a0 \u00a0 \u00a0 \u00a0 \u00a0 \u00a0 \u00a0 \u00a0 \u00a0 \u00a0 \u00a0 \u00a0 \u00a0 \u00a0 \u00a0 \u00a0 \u00a0 \u00a0 \u00a0 \u00a0 \u00a0 \u00a0 \u00a0 \u00a0 \u00a0 \u00a0 \u00a0 \u00a0 \u00a0 \u00a0 \u00a0 \u00a0 \u00a0 0,1\u00a0 \u00a0ng\/mg<\/p>\n<p>5.Benzodiazepiny\u00a0 \u00a0 \u00a0 \u00a0 \u00a0 \u00a0 \u00a0 \u00a0 \u00a0 \u00a0 \u00a0 \u00a0 \u00a0 \u00a0 \u00a0 \u00a0 \u00a0 \u00a0 \u00a0 \u00a0 \u00a0 \u00a0 \u00a0 \u00a0 \u00a0 \u00a0 \u00a0 \u00a0 \u00a0 \u00a0 \u00a0 \u00a0 \u00a0 \u00a0 \u00a0 \u00a0 \u00a0 \u00a0 \u00a0 0,05 ng\/mg<\/p>\n<p>&nbsp;<\/p>\n<p>&nbsp;<\/p>\n<p>&nbsp;<\/p>\n<p><strong>Analiza w\u0142os\u00f3w na zawarto\u015b\u0107 EtG<\/strong><\/p>\n<p>&nbsp;<\/p>\n<p><strong>Glukuronid etylu<\/strong>\u00a0(\u00a0<strong>EtG<\/strong>\u00a0) jest\u00a0<a href=\"https:\/\/translate.googleusercontent.com\/translate_c?depth=1&amp;hl=pl&amp;prev=search&amp;rurl=translate.google.pl&amp;sl=en&amp;sp=nmt4&amp;u=https:\/\/en.wikipedia.org\/wiki\/Metabolite&amp;xid=17259,15700022,15700105,15700124,15700149,15700168,15700173,15700186,15700201&amp;usg=ALkJrhjCQ55y9GPCYn96e2DgTwdhyb8IWA\" target=\"_blank\" rel=\"noopener\">metabolitem<\/a>\u00a0<a href=\"https:\/\/translate.googleusercontent.com\/translate_c?depth=1&amp;hl=pl&amp;prev=search&amp;rurl=translate.google.pl&amp;sl=en&amp;sp=nmt4&amp;u=https:\/\/en.wikipedia.org\/wiki\/Ethanol&amp;xid=17259,15700022,15700105,15700124,15700149,15700168,15700173,15700186,15700201&amp;usg=ALkJrhjRyVknFDTr2R-YOkE_zUhQ1XWa-w\" target=\"_blank\" rel=\"noopener\">etanolu,<\/a>\u00a0kt\u00f3ry powstaje w organizmie w wyniku\u00a0<a href=\"https:\/\/translate.googleusercontent.com\/translate_c?depth=1&amp;hl=pl&amp;prev=search&amp;rurl=translate.google.pl&amp;sl=en&amp;sp=nmt4&amp;u=https:\/\/en.wikipedia.org\/wiki\/Glucuronidation&amp;xid=17259,15700022,15700105,15700124,15700149,15700168,15700173,15700186,15700201&amp;usg=ALkJrhgsgfxWTFkxaVv2xAF6TWOH9ao_ZQ\" target=\"_blank\" rel=\"noopener\">glukuronidacji<\/a>\u00a0po ekspozycji na etanol, zwykle z picia\u00a0<a href=\"https:\/\/translate.googleusercontent.com\/translate_c?depth=1&amp;hl=pl&amp;prev=search&amp;rurl=translate.google.pl&amp;sl=en&amp;sp=nmt4&amp;u=https:\/\/en.wikipedia.org\/wiki\/Alcoholic_beverage&amp;xid=17259,15700022,15700105,15700124,15700149,15700168,15700173,15700186,15700201&amp;usg=ALkJrhi_d7V6HfFz4qAVTcVG6LPFYmYldA\" target=\"_blank\" rel=\"noopener\">napoj\u00f3w alkoholowych<\/a>\u00a0.\u00a0Jest wykorzystywany jako\u00a0<a href=\"https:\/\/translate.googleusercontent.com\/translate_c?depth=1&amp;hl=pl&amp;prev=search&amp;rurl=translate.google.pl&amp;sl=en&amp;sp=nmt4&amp;u=https:\/\/en.wikipedia.org\/wiki\/Biomarker&amp;xid=17259,15700022,15700105,15700124,15700149,15700168,15700173,15700186,15700201&amp;usg=ALkJrhgpJjoIa3tulIUVV8Ra-Nsi8hysug\" target=\"_blank\" rel=\"noopener\">biomarker<\/a>\u00a0do testowania etanolu i monitorowania abstynencji alkoholowej w sytuacjach, w kt\u00f3rych spo\u017cywanie alkoholu jest zabronione, na przyk\u0142ad przez wojsko, w programach leczenia alkoholowego, w profesjonalnych programach monitoruj\u0105cych (pracownicy s\u0142u\u017cby zdrowia, prawnicy, piloci linii lotniczych w odzyskiwaniu uzale\u017cnie\u0144 ), w szko\u0142ach, klinikach transplantacji w\u0105troby .\u00a0Opr\u00f3cz stosowania do monitorowania abstynencji i wykrywania picia, EtG ma r\u00f3wnie\u017c potencja\u0142 monitorowania ilo\u015bci spo\u017cywanego alkoholu w czasie, poniewa\u017c mo\u017cna go wykry\u0107 we w\u0142osach.<\/p>\n<p>&nbsp;<\/p>\n<p><strong>Interpretacja wynik\u00f3w.<\/strong><\/p>\n<p>0,00 do 7 pg\/mg \u015bwiadczy o abstynencji.<\/p>\n<p>7.00 pg\/mg do 30 pg\/mg \u015bwiadczy o umiarkowanym spo\u017cyciu etanolu.<\/p>\n<p>Powy\u017cej 30 pg\/mg \u015bwiadczy o chronicznym\u00a0nadu\u017cywaniu alkoholu.<\/p>\n<p align=\"LEFT\">Oznaczenie etylu glukoronowego (ETG) powy\u017cej 30 pa\/mg we w\u0142osach mocno sugeruje chroniczne nadu\u017cywanie alkoholu (odpowiadaj\u0105cemu powy\u017cej<strong>\u00a060 g czystego alkoholu<\/strong>\u00a0<strong>dziennie<\/strong>\u00a0<strong>przez kilka dni<\/strong>\u00a0t.j. -6 porcji alkoholu -odpowiada to np. 3 butelek piwa 0.5l 5%) zgodnie z konsensusem Society of Hair Testing, przez okres odpowiadaj\u0105cy d\u0142ugo\u015bci testowanego pasma w\u0142os\u00f3w. Oceniamy by\u0142 \u015bredni wzrost w\u0142osa 1 cm (0.8 \u2013 1,2 cm) przez miesi\u0105c. Ponadto maksymalny okres 6 miesi\u0119cy nale\u017cy doda\u0107 w celu uwzgl\u0119dnienia wzrostu w\u0142os\u00f3w w fazie telagen i katagen. St\u0105d w tym przypadku badana d\u0142ugo\u015b\u0107 w\u0142osa 3 cm odpowiada retrospektywnemu okresowi 3 do 9 miesi\u0119cy przed pobraniem w\u0142os\u00f3w do badania.\u00a0Wynik jest wiarygodny i\u00a0jednoznaczny.<\/p>\n<p align=\"JUSTIFY\"><strong>Kotynina (obecnie nie badamy)<\/strong>\u00a0Nowoczesny i innowacyjny test z w\u0142os\u00f3w do wskazania poziomu kotyniny w organizmie. Dzi\u0119ki temu mo\u017cna stwierdzi\u0107 ilo\u015b\u0107 przyjmowanej dziennie nikotyny lub abstynencji.<br \/>\nKotynina jest organicznym zwi\u0105zkiem chemicznym kt\u00f3ry powstaje w wyniku rozk\u0142adu nikotyny w organizmie cz\u0142owieka. Kotynina jest metabolitem nikotyny, o okresie p\u00f3\u0142trwania 20\u201340 godzin.<\/p>\n<p align=\"JUSTIFY\">U palacza tytoniu mo\u017cna wykry\u0107 kotynin\u0119 z w\u0142os\u00f3w nawet po kilku miesi\u0105cach .<br \/>\nZ pomoc\u0105 tej metody mo\u017cna zwi\u0119kszy\u0107 efektywno\u015b\u0107 bada\u0144 miejsca pracy, oraz sprawdza\u0107 skuteczno\u015b\u0107 rzucania palenia. Punkt odci\u0119cia Cut Off dla Kotyniny\u00a0 to 0,05 ng\/mg.<\/p>\n<p align=\"JUSTIFY\"><strong>GHB\u00a0<\/strong><strong>(obecnie nie badamy)<\/strong>To tzw. tabletka gwa\u0142tu. Substancja ta wyst\u0119puje naturalnie na pewnym poziomie w naszym organizmie i do\u015b\u0107 trudno by\u0142o\u00a0 udowodni\u0107\u00a0 \u017ce podano mu GHB. Opracowali\u015bmy i opatentowali\u015bmy metod\u0119, kt\u00f3ra pozwala udowodni\u0107 \u017ce podano z zewn\u0105trz GHB.<\/p>\n<\/div>\n","protected":false},"excerpt":{"rendered":"<p>&nbsp; &nbsp; Analiza wysoko\u00a0laboratoryjna\u00a0w\u0142os\u00f3w na zawarto\u015b\u0107 substancji psychoaktywnych &nbsp; Informujemy i\u017c obecnie wprowadzili\u015bmy do swojej\u00a0 oferty ,now\u0105 innowacyjn\u0105 metod\u0119 , bardzo popularn\u0105 w krajach wysoko rozwini\u0119tych do wykrywania substancji psychotropowych \u00a0z w\u0142os\u00f3w obejmuj\u0105c\u0105 szerok\u0105 grup\u0119,\u00a0ponad 500 !!!\u00a0substancji. Nowo\u015b\u0107! Biomarker nikotyny kotynina. Identyfikujemy GHB. Badania te s\u0105 wykonywane metodami wysoko laboratoryjnymi jak: \u00a0 LC-MS\/MS, GC-MS oraz [&hellip;]<\/p>\n","protected":false},"featured_media":449,"comment_status":"open","ping_status":"closed","template":"","meta":{"ocean_post_layout":"","ocean_both_sidebars_style":"","ocean_both_sidebars_content_width":0,"ocean_both_sidebars_sidebars_width":0,"ocean_sidebar":"0","ocean_second_sidebar":"0","ocean_disable_margins":"enable","ocean_add_body_class":"","ocean_shortcode_before_top_bar":"","ocean_shortcode_after_top_bar":"","ocean_shortcode_before_header":"","ocean_shortcode_after_header":"","ocean_has_shortcode":"","ocean_shortcode_after_title":"","ocean_shortcode_before_footer_widgets":"","ocean_shortcode_after_footer_widgets":"","ocean_shortcode_before_footer_bottom":"","ocean_shortcode_after_footer_bottom":"","ocean_display_top_bar":"default","ocean_display_header":"default","ocean_header_style":"","ocean_center_header_left_menu":"0","ocean_custom_header_template":"0","ocean_custom_logo":0,"ocean_custom_retina_logo":0,"ocean_custom_logo_max_width":0,"ocean_custom_logo_tablet_max_width":0,"ocean_custom_logo_mobile_max_width":0,"ocean_custom_logo_max_height":0,"ocean_custom_logo_tablet_max_height":0,"ocean_custom_logo_mobile_max_height":0,"ocean_header_custom_menu":"0","ocean_menu_typo_font_family":"0","ocean_menu_typo_font_subset":"","ocean_menu_typo_font_size":0,"ocean_menu_typo_font_size_tablet":0,"ocean_menu_typo_font_size_mobile":0,"ocean_menu_typo_font_size_unit":"px","ocean_menu_typo_font_weight":"","ocean_menu_typo_font_weight_tablet":"","ocean_menu_typo_font_weight_mobile":"","ocean_menu_typo_transform":"","ocean_menu_typo_transform_tablet":"","ocean_menu_typo_transform_mobile":"","ocean_menu_typo_line_height":0,"ocean_menu_typo_line_height_tablet":0,"ocean_menu_typo_line_height_mobile":0,"ocean_menu_typo_line_height_unit":"","ocean_menu_typo_spacing":0,"ocean_menu_typo_spacing_tablet":0,"ocean_menu_typo_spacing_mobile":0,"ocean_menu_typo_spacing_unit":"","ocean_menu_link_color":"","ocean_menu_link_color_hover":"","ocean_menu_link_color_active":"","ocean_menu_link_background":"","ocean_menu_link_hover_background":"","ocean_menu_link_active_background":"","ocean_menu_social_links_bg":"","ocean_menu_social_hover_links_bg":"","ocean_menu_social_links_color":"","ocean_menu_social_hover_links_color":"","ocean_disable_title":"default","ocean_disable_heading":"default","ocean_post_title":"","ocean_post_subheading":"","ocean_post_title_style":"","ocean_post_title_background_color":"","ocean_post_title_background":0,"ocean_post_title_bg_image_position":"","ocean_post_title_bg_image_attachment":"","ocean_post_title_bg_image_repeat":"","ocean_post_title_bg_image_size":"","ocean_post_title_height":0,"ocean_post_title_bg_overlay":0.5,"ocean_post_title_bg_overlay_color":"","ocean_disable_breadcrumbs":"default","ocean_breadcrumbs_color":"","ocean_breadcrumbs_separator_color":"","ocean_breadcrumbs_links_color":"","ocean_breadcrumbs_links_hover_color":"","ocean_display_footer_widgets":"default","ocean_display_footer_bottom":"default","ocean_custom_footer_template":"0"},"product_brand":[],"product_cat":[35],"product_tag":[79,78,80],"class_list":{"0":"post-448","1":"product","2":"type-product","3":"status-publish","4":"has-post-thumbnail","6":"product_cat-badania-wlosow-toksykologiczne","7":"product_tag-analiza-wlosa","8":"product_tag-badanie-wlosow","9":"product_tag-narkotest-z-wlosow","11":"entry","12":"has-media","14":"first","15":"instock","16":"shipping-taxable","17":"product-type-simple","18":"has-product-nav","19":"col","20":"span_1_of_3","21":"owp-content-center","22":"owp-thumbs-layout-horizontal","23":"owp-btn-normal","24":"owp-tabs-layout-horizontal","25":"has-no-thumbnails"},"_links":{"self":[{"href":"https:\/\/ustniki.pl\/index.php?rest_route=\/wp\/v2\/product\/448","targetHints":{"allow":["GET"]}}],"collection":[{"href":"https:\/\/ustniki.pl\/index.php?rest_route=\/wp\/v2\/product"}],"about":[{"href":"https:\/\/ustniki.pl\/index.php?rest_route=\/wp\/v2\/types\/product"}],"replies":[{"embeddable":true,"href":"https:\/\/ustniki.pl\/index.php?rest_route=%2Fwp%2Fv2%2Fcomments&post=448"}],"wp:featuredmedia":[{"embeddable":true,"href":"https:\/\/ustniki.pl\/index.php?rest_route=\/wp\/v2\/media\/449"}],"wp:attachment":[{"href":"https:\/\/ustniki.pl\/index.php?rest_route=%2Fwp%2Fv2%2Fmedia&parent=448"}],"wp:term":[{"taxonomy":"product_brand","embeddable":true,"href":"https:\/\/ustniki.pl\/index.php?rest_route=%2Fwp%2Fv2%2Fproduct_brand&post=448"},{"taxonomy":"product_cat","embeddable":true,"href":"https:\/\/ustniki.pl\/index.php?rest_route=%2Fwp%2Fv2%2Fproduct_cat&post=448"},{"taxonomy":"product_tag","embeddable":true,"href":"https:\/\/ustniki.pl\/index.php?rest_route=%2Fwp%2Fv2%2Fproduct_tag&post=448"}],"curies":[{"name":"wp","href":"https:\/\/api.w.org\/{rel}","templated":true}]}}