{"id":444,"date":"2023-03-24T11:31:09","date_gmt":"2023-03-24T11:31:09","guid":{"rendered":"http:\/\/ustniki.pl\/?post_type=product&#038;p=444"},"modified":"2023-06-04T11:57:47","modified_gmt":"2023-06-04T10:57:47","slug":"szkolenia","status":"publish","type":"product","link":"https:\/\/ustniki.pl\/?product=szkolenia","title":{"rendered":"Szkolenia"},"content":{"rendered":"<p><img decoding=\"async\" class=\"alignnone wp-image-442\" src=\"http:\/\/ustniki.pl\/wp-content\/uploads\/2023\/03\/a3-300x226.jpg\" alt=\"\" width=\"131\" height=\"99\" srcset=\"https:\/\/ustniki.pl\/wp-content\/uploads\/2023\/03\/a3-300x226.jpg 300w, https:\/\/ustniki.pl\/wp-content\/uploads\/2023\/03\/a3.jpg 426w\" sizes=\"(max-width: 131px) 100vw, 131px\" \/><img decoding=\"async\" class=\"alignnone wp-image-438\" src=\"http:\/\/ustniki.pl\/wp-content\/uploads\/2023\/03\/drugwipe_5a_gallerie_3-300x209.png\" alt=\"\" width=\"143\" height=\"99\" srcset=\"https:\/\/ustniki.pl\/wp-content\/uploads\/2023\/03\/drugwipe_5a_gallerie_3-300x209.png 300w, https:\/\/ustniki.pl\/wp-content\/uploads\/2023\/03\/drugwipe_5a_gallerie_3-433x301.png 433w, https:\/\/ustniki.pl\/wp-content\/uploads\/2023\/03\/drugwipe_5a_gallerie_3-1024x713.png 1024w, https:\/\/ustniki.pl\/wp-content\/uploads\/2023\/03\/drugwipe_5a_gallerie_3-768x534.png 768w, https:\/\/ustniki.pl\/wp-content\/uploads\/2023\/03\/drugwipe_5a_gallerie_3-1536x1069.png 1536w, https:\/\/ustniki.pl\/wp-content\/uploads\/2023\/03\/drugwipe_5a_gallerie_3.png 1920w\" sizes=\"(max-width: 143px) 100vw, 143px\" \/><img decoding=\"async\" class=\"alignnone wp-image-445\" src=\"http:\/\/ustniki.pl\/wp-content\/uploads\/2023\/03\/wsparcie.jpg\" alt=\"\" width=\"142\" height=\"106\" \/><img loading=\"lazy\" decoding=\"async\" class=\"alignnone wp-image-446\" src=\"http:\/\/ustniki.pl\/wp-content\/uploads\/2023\/03\/AR-306279923-300x180.jpg\" alt=\"\" width=\"180\" height=\"108\" srcset=\"https:\/\/ustniki.pl\/wp-content\/uploads\/2023\/03\/AR-306279923-300x180.jpg 300w, https:\/\/ustniki.pl\/wp-content\/uploads\/2023\/03\/AR-306279923-433x259.jpg 433w, https:\/\/ustniki.pl\/wp-content\/uploads\/2023\/03\/AR-306279923.jpg 650w\" sizes=\"(max-width: 180px) 100vw, 180px\" \/><img loading=\"lazy\" decoding=\"async\" class=\"alignnone wp-image-447\" src=\"http:\/\/ustniki.pl\/wp-content\/uploads\/2023\/03\/znak-1.png\" alt=\"\" width=\"109\" height=\"109\" srcset=\"https:\/\/ustniki.pl\/wp-content\/uploads\/2023\/03\/znak-1.png 250w, https:\/\/ustniki.pl\/wp-content\/uploads\/2023\/03\/znak-1-100x100.png 100w, https:\/\/ustniki.pl\/wp-content\/uploads\/2023\/03\/znak-1-150x150.png 150w\" sizes=\"(max-width: 109px) 100vw, 109px\" \/><\/p>\n<p style=\"font-weight: 400\"><strong>Szkolenia 2023<\/strong><\/p>\n<p style=\"font-weight: 400\"><strong>\u00a0&#8222;Zasady bada\u0144 trze\u017awo\u015bci w\u00a0<\/strong><strong>praktyce,<\/strong><strong>\u00a0alkomatem i narkotestem po nowelizacji Kodeksu Pracy 2023 &#8222;.<\/strong><\/p>\n<p style=\"font-weight: 400\"><strong>Szkolenie dedykowane dla os\u00f3b kt\u00f3re b\u0119d\u0105 bada\u0142y\/testowa\u0142y pracownik\u00f3w w imieniu pracodawcy.<\/strong><\/p>\n<ol style=\"font-weight: 400\">\n<li>Procedura kontroli trze\u017awo\u015bci.<\/li>\n<li>Wprowadzenie prewencyjnej\u00a0 kontroli trze\u017awo\u015bci.<\/li>\n<li>Zasady zapoznawania pracownik\u00f3w z przepisami o kontroli trze\u017awo\u015bci.<\/li>\n<li>Dokumentacja dzia\u0142a\u0144 prewencyjnych i wynik\u00f3w badania-protok\u00f3\u0142.<\/li>\n<li>Dopuszczalna przez prawo zawarto\u015b\u0107 alkoholu i innych substancji w organizmie pracownika.<\/li>\n<li>Kontrola na zawarto\u015b\u0107 alkoholu oraz \u015brodk\u00f3w dzia\u0142aj\u0105cych podobnie do alkoholu.<\/li>\n<li>Warsztaty z bada\u0144 pracownik\u00f3w alkomatem i narkotestem ew. moczu.<\/li>\n<li>Inne metody bada\u0144 trze\u017awo\u015bci-nielaboratoryjne.<\/li>\n<li>\u201eUzasadnione podejrzenie\u201d i inne podstawy prawne do prowadzenia bada\u0144.<\/li>\n<li>Przepisy BHP i zasady etyczne podczas prowadzonych bada\u0144.<\/li>\n<li>Redukcja nadmiaru stresu podczas prowadzonych bada\u0144.<\/li>\n<li>Najcz\u0119\u015bciej pope\u0142niane b\u0142\u0119dy &#8211; g\u0142\u00f3wni winowajcy czyli nasze w\u0142asne b\u0142\u0119dy.<\/li>\n<li>Zapobieganie fa\u0142szowania dowod\u00f3w-wydychanego powietrza, \u015bliny, moczu, krwi.<\/li>\n<li>Gra strategiczna integruj\u0105ca osoby zaanga\u017cowane w firmie odno\u015bnie bezpiecze\u0144stwa- os\u00f3b, zdrowia,\u00a0 p\u0142ynno\u015bci, finans\u00f3w oraz marki firmy.<\/li>\n<\/ol>\n<p style=\"font-weight: 400\">\u00a0Szkolenie dedykowane dla os\u00f3b nadzoruj\u0105cych pracownik\u00f3w wykonuj\u0105cych prace szczeg\u00f3lnie niebezpieczne, kt\u00f3re wymagaj\u0105 szczeg\u00f3lnej sprawno\u015bci psychofizycznej pracownika.<\/p>\n<p style=\"font-weight: 400\">\u00a0<strong>Kim jeste\u015bmy\u00a0<\/strong>Od ponad 20 lat zajmujemy si\u0119 bezpiecze\u0144stwem &#8222;miejsca pracy&#8221;, badamy stan\u00a0 trze\u017awo\u015bci pracownik\u00f3w na zlecenie pracodawc\u00f3w.<\/p>\n<ul style=\"font-weight: 400\">\n<li>Na bazie w\u0142asnych do\u015bwiadcze\u0144 i innych oraz ci\u0105g\u0142\u0105 edukacj\u0119, budujemy wsp\u00f3\u0142czesne zabezpieczenia systemowe, wspieraj\u0105ce pracodawc\u00f3w w bezpiecznej pracy.<\/li>\n<li>Korzystamy ze sprawdzonych sposob\u00f3w monitorowania trze\u017awo\u015bci.<\/li>\n<\/ul>\n<p style=\"font-weight: 400\"><em>Jeste\u015bmy wpisani do rejestru instytucji szkoleniowych w Wojew\u00f3dzkim Urz\u0119dzie Pracy\u00a0<\/em><\/p>\n<p style=\"font-weight: 400\">\u00a0<strong>\u00a0<\/strong><\/p>\n<p style=\"font-weight: 400\"><strong>Cel szkolenia:<\/strong>\u00a0zdobycie umiej\u0119tno\u015bci wst\u0119pnego rozpoznawania os\u00f3b &#8221; niezdolnych do pracy wzgl\u0119dem prawa &#8221; oraz wykonania badania ilo\u015bciowego- dowodowego, z powodu:\u00a0bycia pod wp\u0142ywem substancji zakazanych prawem,\u00a0 wykorzystuj\u0105c podr\u0119czne analizatory, narkotesty oraz inne metody nielaboratoryjne.<\/p>\n<p style=\"font-weight: 400\"><strong>Dla kogo?:<\/strong>\u00a0Szkolenie skierowane jest do kadry nadzoru podstawowego, dyspozytor\u00f3w, manager\u00f3w kt\u00f3rzy np. dopuszczaj\u0105 pracownik\u00f3w do pracy, prowadz\u0105 odprawy pracownik\u00f3w, oraz innych os\u00f3b odpowiedzialnych za bezpiecze\u0144stwo.<\/p>\n<p style=\"font-weight: 400\"><strong>Co zyskujesz?\u00a0<\/strong>Gwarantujemy rzetelne przekazanie najnowszych rozwi\u0105za\u0144 prawnych i praktycznych w ciekawy a zarazem skuteczny spos\u00f3b zapobiegaj\u0105cych\u00a0 \u015bwiadczenia pracy po u\u017cywkach jak te\u017c skutecznej prewencji oraz wzmacniania budowania relacji mi\u0119dzyludzkich w pracy.<\/p>\n<p style=\"font-weight: 400\">Szkolimy w grupach oko\u0142o 12 &#8211; 15 os\u00f3b.<\/p>\n<p style=\"font-weight: 400\">ORGANIZACJA ZAJ\u0118\u0106<br \/>\nZaj\u0119cia b\u0119d\u0105 prowadzone w miejscu i terminie ustalonym ze zleceniodawc\u0105. Czas trwania szkolenia przewidziany jest na 3- 4 h .<\/p>\n<p>Istnieje mo\u017cliwo\u015b\u0107 organizacji indywidualnego toku szkole\u0144 z ca\u0142o\u015bci lub wybranych przez organizatora zagadnie\u0144 programu.<br \/>\nKontakt: Tel. 501 134 201<\/p>\n<p style=\"font-weight: 400\"><a href=\"mailto:peryt@peryt.pl\">peryt@peryt.pl<\/a><\/p>\n","protected":false},"excerpt":{"rendered":"<p>Szkolenia 2023 \u00a0&#8222;Zasady bada\u0144 trze\u017awo\u015bci w\u00a0praktyce,\u00a0alkomatem i narkotestem po nowelizacji Kodeksu Pracy 2023 &#8222;. Szkolenie dedykowane dla os\u00f3b kt\u00f3re b\u0119d\u0105 bada\u0142y\/testowa\u0142y pracownik\u00f3w w imieniu pracodawcy. Procedura kontroli trze\u017awo\u015bci. Wprowadzenie prewencyjnej\u00a0 kontroli trze\u017awo\u015bci. Zasady zapoznawania pracownik\u00f3w z przepisami o kontroli trze\u017awo\u015bci. Dokumentacja dzia\u0142a\u0144 prewencyjnych i wynik\u00f3w badania-protok\u00f3\u0142. Dopuszczalna przez prawo zawarto\u015b\u0107 alkoholu i innych substancji w [&hellip;]<\/p>\n","protected":false},"featured_media":445,"comment_status":"open","ping_status":"closed","template":"","meta":{"ocean_post_layout":"","ocean_both_sidebars_style":"","ocean_both_sidebars_content_width":0,"ocean_both_sidebars_sidebars_width":0,"ocean_sidebar":"0","ocean_second_sidebar":"0","ocean_disable_margins":"enable","ocean_add_body_class":"","ocean_shortcode_before_top_bar":"","ocean_shortcode_after_top_bar":"","ocean_shortcode_before_header":"","ocean_shortcode_after_header":"","ocean_has_shortcode":"","ocean_shortcode_after_title":"","ocean_shortcode_before_footer_widgets":"","ocean_shortcode_after_footer_widgets":"","ocean_shortcode_before_footer_bottom":"","ocean_shortcode_after_footer_bottom":"","ocean_display_top_bar":"default","ocean_display_header":"default","ocean_header_style":"","ocean_center_header_left_menu":"0","ocean_custom_header_template":"0","ocean_custom_logo":0,"ocean_custom_retina_logo":0,"ocean_custom_logo_max_width":0,"ocean_custom_logo_tablet_max_width":0,"ocean_custom_logo_mobile_max_width":0,"ocean_custom_logo_max_height":0,"ocean_custom_logo_tablet_max_height":0,"ocean_custom_logo_mobile_max_height":0,"ocean_header_custom_menu":"0","ocean_menu_typo_font_family":"0","ocean_menu_typo_font_subset":"","ocean_menu_typo_font_size":0,"ocean_menu_typo_font_size_tablet":0,"ocean_menu_typo_font_size_mobile":0,"ocean_menu_typo_font_size_unit":"px","ocean_menu_typo_font_weight":"","ocean_menu_typo_font_weight_tablet":"","ocean_menu_typo_font_weight_mobile":"","ocean_menu_typo_transform":"","ocean_menu_typo_transform_tablet":"","ocean_menu_typo_transform_mobile":"","ocean_menu_typo_line_height":0,"ocean_menu_typo_line_height_tablet":0,"ocean_menu_typo_line_height_mobile":0,"ocean_menu_typo_line_height_unit":"","ocean_menu_typo_spacing":0,"ocean_menu_typo_spacing_tablet":0,"ocean_menu_typo_spacing_mobile":0,"ocean_menu_typo_spacing_unit":"","ocean_menu_link_color":"","ocean_menu_link_color_hover":"","ocean_menu_link_color_active":"","ocean_menu_link_background":"","ocean_menu_link_hover_background":"","ocean_menu_link_active_background":"","ocean_menu_social_links_bg":"","ocean_menu_social_hover_links_bg":"","ocean_menu_social_links_color":"","ocean_menu_social_hover_links_color":"","ocean_disable_title":"default","ocean_disable_heading":"default","ocean_post_title":"","ocean_post_subheading":"","ocean_post_title_style":"","ocean_post_title_background_color":"","ocean_post_title_background":0,"ocean_post_title_bg_image_position":"","ocean_post_title_bg_image_attachment":"","ocean_post_title_bg_image_repeat":"","ocean_post_title_bg_image_size":"","ocean_post_title_height":0,"ocean_post_title_bg_overlay":0.5,"ocean_post_title_bg_overlay_color":"","ocean_disable_breadcrumbs":"default","ocean_breadcrumbs_color":"","ocean_breadcrumbs_separator_color":"","ocean_breadcrumbs_links_color":"","ocean_breadcrumbs_links_hover_color":"","ocean_display_footer_widgets":"default","ocean_display_footer_bottom":"default","ocean_custom_footer_template":"0"},"product_brand":[],"product_cat":[39],"product_tag":[73,77,76,75,72,74],"class_list":{"0":"post-444","1":"product","2":"type-product","3":"status-publish","4":"has-post-thumbnail","6":"product_cat-szkolenia","7":"product_tag-badanie-alkomatem","8":"product_tag-badanie-pracownika","9":"product_tag-obsluga-alkomatu","10":"product_tag-prewencja-wypadkowa","11":"product_tag-szkolenie","12":"product_tag-zapobieganie-wypadkom","14":"entry","15":"has-media","17":"first","18":"instock","19":"shipping-taxable","20":"product-type-simple","21":"has-product-nav","22":"col","23":"span_1_of_3","24":"owp-content-center","25":"owp-thumbs-layout-horizontal","26":"owp-btn-normal","27":"owp-tabs-layout-horizontal","28":"has-no-thumbnails"},"_links":{"self":[{"href":"https:\/\/ustniki.pl\/index.php?rest_route=\/wp\/v2\/product\/444","targetHints":{"allow":["GET"]}}],"collection":[{"href":"https:\/\/ustniki.pl\/index.php?rest_route=\/wp\/v2\/product"}],"about":[{"href":"https:\/\/ustniki.pl\/index.php?rest_route=\/wp\/v2\/types\/product"}],"replies":[{"embeddable":true,"href":"https:\/\/ustniki.pl\/index.php?rest_route=%2Fwp%2Fv2%2Fcomments&post=444"}],"wp:featuredmedia":[{"embeddable":true,"href":"https:\/\/ustniki.pl\/index.php?rest_route=\/wp\/v2\/media\/445"}],"wp:attachment":[{"href":"https:\/\/ustniki.pl\/index.php?rest_route=%2Fwp%2Fv2%2Fmedia&parent=444"}],"wp:term":[{"taxonomy":"product_brand","embeddable":true,"href":"https:\/\/ustniki.pl\/index.php?rest_route=%2Fwp%2Fv2%2Fproduct_brand&post=444"},{"taxonomy":"product_cat","embeddable":true,"href":"https:\/\/ustniki.pl\/index.php?rest_route=%2Fwp%2Fv2%2Fproduct_cat&post=444"},{"taxonomy":"product_tag","embeddable":true,"href":"https:\/\/ustniki.pl\/index.php?rest_route=%2Fwp%2Fv2%2Fproduct_tag&post=444"}],"curies":[{"name":"wp","href":"https:\/\/api.w.org\/{rel}","templated":true}]}}