{"id":436,"date":"2023-03-24T11:07:13","date_gmt":"2023-03-24T11:07:13","guid":{"rendered":"http:\/\/ustniki.pl\/?post_type=product&#038;p=436"},"modified":"2025-09-26T13:06:43","modified_gmt":"2025-09-26T12:06:43","slug":"narkotest-drugwipe-5a-cena-pojedyncze-sztuki","status":"publish","type":"product","link":"https:\/\/ustniki.pl\/?product=narkotest-drugwipe-5a-cena-pojedyncze-sztuki","title":{"rendered":"Narkotest DrugWipe 5A cena &#8211; pojedyncze sztuki"},"content":{"rendered":"<p><img fetchpriority=\"high\" decoding=\"async\" class=\"alignnone size-medium wp-image-437\" src=\"http:\/\/ustniki.pl\/wp-content\/uploads\/2023\/03\/5a-300x202.jpg\" alt=\"\" width=\"300\" height=\"202\" srcset=\"https:\/\/ustniki.pl\/wp-content\/uploads\/2023\/03\/5a-300x202.jpg 300w, https:\/\/ustniki.pl\/wp-content\/uploads\/2023\/03\/5a.jpg 400w\" sizes=\"(max-width: 300px) 100vw, 300px\" \/> <img decoding=\"async\" class=\"alignnone size-medium wp-image-438\" src=\"http:\/\/ustniki.pl\/wp-content\/uploads\/2023\/03\/drugwipe_5a_gallerie_3-300x209.png\" alt=\"\" width=\"300\" height=\"209\" srcset=\"https:\/\/ustniki.pl\/wp-content\/uploads\/2023\/03\/drugwipe_5a_gallerie_3-300x209.png 300w, https:\/\/ustniki.pl\/wp-content\/uploads\/2023\/03\/drugwipe_5a_gallerie_3-433x301.png 433w, https:\/\/ustniki.pl\/wp-content\/uploads\/2023\/03\/drugwipe_5a_gallerie_3-1024x713.png 1024w, https:\/\/ustniki.pl\/wp-content\/uploads\/2023\/03\/drugwipe_5a_gallerie_3-768x534.png 768w, https:\/\/ustniki.pl\/wp-content\/uploads\/2023\/03\/drugwipe_5a_gallerie_3-1536x1069.png 1536w, https:\/\/ustniki.pl\/wp-content\/uploads\/2023\/03\/drugwipe_5a_gallerie_3.png 1920w\" sizes=\"(max-width: 300px) 100vw, 300px\" \/><\/p>\n<p><strong>\ud83e\uddea Narkotest DrugWipe\u00ae 5A \u2013 cena 160,00 z\u0142 (pojedyncza sztuka)<\/strong><\/p>\n<p><strong>\ud83d\udd0d Do czego s\u0142u\u017cy?<\/strong><\/p>\n<p>Test <strong>DrugWipe\u00ae 5A<\/strong> wykrywa:<\/p>\n<ul>\n<li><strong>\u015blady kontaktu z narkotykami<\/strong> na przedmiotach (np. kierownica auta, klawiatura komputera, telefon), woreczki po nieznanych substancjach.<\/li>\n<li><strong>za\u017cywanie narkotyk\u00f3w<\/strong> poprzez badanie <strong>potu i \u015bliny<\/strong>.<\/li>\n<\/ul>\n<p><strong>\u2705 Zastosowanie<\/strong><\/p>\n<ul>\n<li>kontrola trze\u017awo\u015bci i bezpiecze\u0144stwa w pracy,<\/li>\n<li>monitoring kierowc\u00f3w i pojazd\u00f3w,<\/li>\n<li>kontrole na stanowiskach pracy,<\/li>\n<li>u\u017cyteczny w prewencji i dzia\u0142aniach kontrolnych.<\/li>\n<\/ul>\n<p><strong>\u23f1 Czas badania<\/strong><\/p>\n<ul>\n<li>Wynik dost\u0119pny ju\u017c po <strong>3\u20138 minutach<\/strong>.<\/li>\n<\/ul>\n<p><strong>\ud83d\udcca Jakie substancje wykrywa?<\/strong><\/p>\n<p>Test identyfikuje 5 najcz\u0119\u015bciej spotykanych grup narkotyk\u00f3w:<\/p>\n<ul>\n<li>konopie indyjskie (THC),<\/li>\n<li>opiaty (morfina, heroina, kodeina),<\/li>\n<li>kokaina,<\/li>\n<li>amfetaminy,<\/li>\n<li>metamfetaminy (w tym MDMA, ecstasy).<\/li>\n<\/ul>\n<p><strong>\ud83d\udce6 Informacje praktyczne<\/strong><\/p>\n<ul>\n<li><strong>Termin wa\u017cno\u015bci:<\/strong> 18\u201324 miesi\u0105ce (do 2 lat),<\/li>\n<li><strong>Format pocket<\/strong> \u2013 test por\u0119czny, mie\u015bci si\u0119 w ka\u017cdej kieszeni,<\/li>\n<li>\u0141atwe pobranie pr\u00f3bki i szybka obs\u0142uga.<\/li>\n<\/ul>\n","protected":false},"excerpt":{"rendered":"<p><strong>Narkotest DrugWipe 5A s\u0142u\u017cy do wykrywanie \u015blad\u00f3w kontaktu z substancjami, pozostawionymi na: np. na kierownicy auta, klawiaturze komputera, telefonu&#8230;.. oraz\u00a0 <\/strong><strong>za\u017cywania<\/strong><strong> narkotyk\u00f3w poprzez badanie potu i \u015bliny.<\/strong><\/p>\n<p>&nbsp;<\/p>\n","protected":false},"featured_media":965,"comment_status":"open","ping_status":"closed","template":"","meta":{"ocean_post_layout":"","ocean_both_sidebars_style":"","ocean_both_sidebars_content_width":0,"ocean_both_sidebars_sidebars_width":0,"ocean_sidebar":"0","ocean_second_sidebar":"0","ocean_disable_margins":"enable","ocean_add_body_class":"","ocean_shortcode_before_top_bar":"","ocean_shortcode_after_top_bar":"","ocean_shortcode_before_header":"","ocean_shortcode_after_header":"","ocean_has_shortcode":"","ocean_shortcode_after_title":"","ocean_shortcode_before_footer_widgets":"","ocean_shortcode_after_footer_widgets":"","ocean_shortcode_before_footer_bottom":"","ocean_shortcode_after_footer_bottom":"","ocean_display_top_bar":"default","ocean_display_header":"default","ocean_header_style":"","ocean_center_header_left_menu":"0","ocean_custom_header_template":"0","ocean_custom_logo":0,"ocean_custom_retina_logo":0,"ocean_custom_logo_max_width":0,"ocean_custom_logo_tablet_max_width":0,"ocean_custom_logo_mobile_max_width":0,"ocean_custom_logo_max_height":0,"ocean_custom_logo_tablet_max_height":0,"ocean_custom_logo_mobile_max_height":0,"ocean_header_custom_menu":"0","ocean_menu_typo_font_family":"0","ocean_menu_typo_font_subset":"","ocean_menu_typo_font_size":0,"ocean_menu_typo_font_size_tablet":0,"ocean_menu_typo_font_size_mobile":0,"ocean_menu_typo_font_size_unit":"px","ocean_menu_typo_font_weight":"","ocean_menu_typo_font_weight_tablet":"","ocean_menu_typo_font_weight_mobile":"","ocean_menu_typo_transform":"","ocean_menu_typo_transform_tablet":"","ocean_menu_typo_transform_mobile":"","ocean_menu_typo_line_height":0,"ocean_menu_typo_line_height_tablet":0,"ocean_menu_typo_line_height_mobile":0,"ocean_menu_typo_line_height_unit":"","ocean_menu_typo_spacing":0,"ocean_menu_typo_spacing_tablet":0,"ocean_menu_typo_spacing_mobile":0,"ocean_menu_typo_spacing_unit":"","ocean_menu_link_color":"","ocean_menu_link_color_hover":"","ocean_menu_link_color_active":"","ocean_menu_link_background":"","ocean_menu_link_hover_background":"","ocean_menu_link_active_background":"","ocean_menu_social_links_bg":"","ocean_menu_social_hover_links_bg":"","ocean_menu_social_links_color":"","ocean_menu_social_hover_links_color":"","ocean_disable_title":"default","ocean_disable_heading":"default","ocean_post_title":"","ocean_post_subheading":"","ocean_post_title_style":"","ocean_post_title_background_color":"","ocean_post_title_background":0,"ocean_post_title_bg_image_position":"","ocean_post_title_bg_image_attachment":"","ocean_post_title_bg_image_repeat":"","ocean_post_title_bg_image_size":"","ocean_post_title_height":0,"ocean_post_title_bg_overlay":0.5,"ocean_post_title_bg_overlay_color":"","ocean_disable_breadcrumbs":"default","ocean_breadcrumbs_color":"","ocean_breadcrumbs_separator_color":"","ocean_breadcrumbs_links_color":"","ocean_breadcrumbs_links_hover_color":"","ocean_display_footer_widgets":"default","ocean_display_footer_bottom":"default","ocean_custom_footer_template":"0"},"product_brand":[],"product_cat":[34],"product_tag":[52,81],"class_list":{"0":"post-436","1":"product","2":"type-product","3":"status-publish","4":"has-post-thumbnail","6":"product_cat-narkotesty","7":"product_tag-narkotest","8":"product_tag-test-narkotykowy","10":"entry","11":"has-media","13":"first","14":"instock","15":"shipping-taxable","16":"purchasable","17":"product-type-simple","18":"has-product-nav","19":"col","20":"span_1_of_3","21":"owp-content-center","22":"owp-thumbs-layout-horizontal","23":"owp-btn-normal","24":"owp-tabs-layout-horizontal","25":"has-no-thumbnails"},"_links":{"self":[{"href":"https:\/\/ustniki.pl\/index.php?rest_route=\/wp\/v2\/product\/436","targetHints":{"allow":["GET"]}}],"collection":[{"href":"https:\/\/ustniki.pl\/index.php?rest_route=\/wp\/v2\/product"}],"about":[{"href":"https:\/\/ustniki.pl\/index.php?rest_route=\/wp\/v2\/types\/product"}],"replies":[{"embeddable":true,"href":"https:\/\/ustniki.pl\/index.php?rest_route=%2Fwp%2Fv2%2Fcomments&post=436"}],"wp:featuredmedia":[{"embeddable":true,"href":"https:\/\/ustniki.pl\/index.php?rest_route=\/wp\/v2\/media\/965"}],"wp:attachment":[{"href":"https:\/\/ustniki.pl\/index.php?rest_route=%2Fwp%2Fv2%2Fmedia&parent=436"}],"wp:term":[{"taxonomy":"product_brand","embeddable":true,"href":"https:\/\/ustniki.pl\/index.php?rest_route=%2Fwp%2Fv2%2Fproduct_brand&post=436"},{"taxonomy":"product_cat","embeddable":true,"href":"https:\/\/ustniki.pl\/index.php?rest_route=%2Fwp%2Fv2%2Fproduct_cat&post=436"},{"taxonomy":"product_tag","embeddable":true,"href":"https:\/\/ustniki.pl\/index.php?rest_route=%2Fwp%2Fv2%2Fproduct_tag&post=436"}],"curies":[{"name":"wp","href":"https:\/\/api.w.org\/{rel}","templated":true}]}}