{"id":428,"date":"2023-03-24T10:53:51","date_gmt":"2023-03-24T10:53:51","guid":{"rendered":"http:\/\/ustniki.pl\/?post_type=product&#038;p=428"},"modified":"2026-03-26T10:11:14","modified_gmt":"2026-03-26T09:11:14","slug":"ustnik-slomkowy-uniwersalny-op-100-sztuk","status":"publish","type":"product","link":"https:\/\/ustniki.pl\/?product=ustnik-slomkowy-uniwersalny-op-100-sztuk","title":{"rendered":"Ustnik s\u0142omkowy uniwersalny cena za op. 100 sztuk"},"content":{"rendered":"<p><img fetchpriority=\"high\" decoding=\"async\" class=\"alignnone wp-image-429\" src=\"http:\/\/ustniki.pl\/wp-content\/uploads\/2023\/03\/Ustnik_do_alkoma_52e62989a6c80.jpg\" alt=\"\" width=\"262\" height=\"262\" \/><\/p>\n<p>Ustnik s\u0142omkowy pakowany ka\u017cdy osobno w foli lub otulinie papierowej w opakowaniach po\u00a0 100\u00a0 sztuk.<\/p>\n<p>Ustnik ten mo\u017cna u\u017cywa\u0107 do wielu modeli alkomat\u00f3w jako zamiennik.<\/p>\n<p>Do niekt\u00f3rych alkomat\u00f3w zamienniki pasuj\u0105\u00a0 bez problem\u00f3w lub wystarczy za\u0142o\u017cy\u0107 redukcj\u0119 tzw. przej\u015bci\u00f3wk\u0119, kt\u00f3r\u0105 mo\u017cna u nas zakupi\u0107.<\/p>\n<p>Te ustniki mo\u017cna stosowa\u0107\u00a0 w alkomatach takich jak Blowin, Alkohit AH69,\u00a0 X100, X60, X50 ,Lion sd 400, al 4000 i wielu innych. mo\u017cemy dostosowa\u0107 tw\u00f3j alkomat do ustnik\u00f3w s\u0142omkowych.<\/p>\n<p>Zapraszamy do kontaktu.\u00a0 501 134 201<\/p>\n","protected":false},"excerpt":{"rendered":"<p>Ustnik s\u0142omkowy pakowany ka\u017cdy osobno w foli lub otulinie papierowej w opakowaniach po\u00a0 100\u00a0 sztuk. Ustnik ten mo\u017cna u\u017cywa\u0107 do wielu modeli alkomat\u00f3w jako zamiennik. Do niekt\u00f3rych alkomat\u00f3w zamienniki pasuj\u0105\u00a0 bez problem\u00f3w lub wystarczy za\u0142o\u017cy\u0107 redukcj\u0119 tzw. przej\u015bci\u00f3wk\u0119, kt\u00f3r\u0105 mo\u017cna u nas zakupi\u0107. Te ustniki mo\u017cna stosowa\u0107\u00a0 w alkomatach takich jak Blowin, Alkohit AH69,\u00a0 X100, [&hellip;]<\/p>\n","protected":false},"featured_media":429,"comment_status":"open","ping_status":"closed","template":"","meta":{"ocean_post_layout":"","ocean_both_sidebars_style":"","ocean_both_sidebars_content_width":0,"ocean_both_sidebars_sidebars_width":0,"ocean_sidebar":"0","ocean_second_sidebar":"0","ocean_disable_margins":"enable","ocean_add_body_class":"","ocean_shortcode_before_top_bar":"","ocean_shortcode_after_top_bar":"","ocean_shortcode_before_header":"","ocean_shortcode_after_header":"","ocean_has_shortcode":"","ocean_shortcode_after_title":"","ocean_shortcode_before_footer_widgets":"","ocean_shortcode_after_footer_widgets":"","ocean_shortcode_before_footer_bottom":"","ocean_shortcode_after_footer_bottom":"","ocean_display_top_bar":"default","ocean_display_header":"default","ocean_header_style":"","ocean_center_header_left_menu":"0","ocean_custom_header_template":"0","ocean_custom_logo":0,"ocean_custom_retina_logo":0,"ocean_custom_logo_max_width":0,"ocean_custom_logo_tablet_max_width":0,"ocean_custom_logo_mobile_max_width":0,"ocean_custom_logo_max_height":0,"ocean_custom_logo_tablet_max_height":0,"ocean_custom_logo_mobile_max_height":0,"ocean_header_custom_menu":"0","ocean_menu_typo_font_family":"0","ocean_menu_typo_font_subset":"","ocean_menu_typo_font_size":0,"ocean_menu_typo_font_size_tablet":0,"ocean_menu_typo_font_size_mobile":0,"ocean_menu_typo_font_size_unit":"px","ocean_menu_typo_font_weight":"","ocean_menu_typo_font_weight_tablet":"","ocean_menu_typo_font_weight_mobile":"","ocean_menu_typo_transform":"","ocean_menu_typo_transform_tablet":"","ocean_menu_typo_transform_mobile":"","ocean_menu_typo_line_height":0,"ocean_menu_typo_line_height_tablet":0,"ocean_menu_typo_line_height_mobile":0,"ocean_menu_typo_line_height_unit":"","ocean_menu_typo_spacing":0,"ocean_menu_typo_spacing_tablet":0,"ocean_menu_typo_spacing_mobile":0,"ocean_menu_typo_spacing_unit":"","ocean_menu_link_color":"","ocean_menu_link_color_hover":"","ocean_menu_link_color_active":"","ocean_menu_link_background":"","ocean_menu_link_hover_background":"","ocean_menu_link_active_background":"","ocean_menu_social_links_bg":"","ocean_menu_social_hover_links_bg":"","ocean_menu_social_links_color":"","ocean_menu_social_hover_links_color":"","ocean_disable_title":"default","ocean_disable_heading":"default","ocean_post_title":"","ocean_post_subheading":"","ocean_post_title_style":"","ocean_post_title_background_color":"","ocean_post_title_background":0,"ocean_post_title_bg_image_position":"","ocean_post_title_bg_image_attachment":"","ocean_post_title_bg_image_repeat":"","ocean_post_title_bg_image_size":"","ocean_post_title_height":0,"ocean_post_title_bg_overlay":0.5,"ocean_post_title_bg_overlay_color":"","ocean_disable_breadcrumbs":"default","ocean_breadcrumbs_color":"","ocean_breadcrumbs_separator_color":"","ocean_breadcrumbs_links_color":"","ocean_breadcrumbs_links_hover_color":"","ocean_display_footer_widgets":"default","ocean_display_footer_bottom":"default","ocean_custom_footer_template":"0"},"product_brand":[],"product_cat":[33],"product_tag":[85,63,60,86],"class_list":{"0":"post-428","1":"product","2":"type-product","3":"status-publish","4":"has-post-thumbnail","6":"product_cat-ustniki-do-alkomatow","7":"product_tag-uniwersalny-ustnik","8":"product_tag-ustnik","9":"product_tag-ustnik-do-alkomatu","10":"product_tag-ustnik-zastepczy","12":"entry","13":"has-media","15":"first","16":"instock","17":"shipping-taxable","18":"purchasable","19":"product-type-simple","20":"has-product-nav","21":"col","22":"span_1_of_3","23":"owp-content-center","24":"owp-thumbs-layout-horizontal","25":"owp-btn-normal","26":"owp-tabs-layout-horizontal"},"_links":{"self":[{"href":"https:\/\/ustniki.pl\/index.php?rest_route=\/wp\/v2\/product\/428","targetHints":{"allow":["GET"]}}],"collection":[{"href":"https:\/\/ustniki.pl\/index.php?rest_route=\/wp\/v2\/product"}],"about":[{"href":"https:\/\/ustniki.pl\/index.php?rest_route=\/wp\/v2\/types\/product"}],"replies":[{"embeddable":true,"href":"https:\/\/ustniki.pl\/index.php?rest_route=%2Fwp%2Fv2%2Fcomments&post=428"}],"wp:featuredmedia":[{"embeddable":true,"href":"https:\/\/ustniki.pl\/index.php?rest_route=\/wp\/v2\/media\/429"}],"wp:attachment":[{"href":"https:\/\/ustniki.pl\/index.php?rest_route=%2Fwp%2Fv2%2Fmedia&parent=428"}],"wp:term":[{"taxonomy":"product_brand","embeddable":true,"href":"https:\/\/ustniki.pl\/index.php?rest_route=%2Fwp%2Fv2%2Fproduct_brand&post=428"},{"taxonomy":"product_cat","embeddable":true,"href":"https:\/\/ustniki.pl\/index.php?rest_route=%2Fwp%2Fv2%2Fproduct_cat&post=428"},{"taxonomy":"product_tag","embeddable":true,"href":"https:\/\/ustniki.pl\/index.php?rest_route=%2Fwp%2Fv2%2Fproduct_tag&post=428"}],"curies":[{"name":"wp","href":"https:\/\/api.w.org\/{rel}","templated":true}]}}