{"id":418,"date":"2023-03-24T10:37:56","date_gmt":"2023-03-24T10:37:56","guid":{"rendered":"http:\/\/ustniki.pl\/?post_type=product&#038;p=418"},"modified":"2024-09-13T10:14:26","modified_gmt":"2024-09-13T09:14:26","slug":"ustnik-do-alkomatu-alco-sensor-iv","status":"publish","type":"product","link":"https:\/\/ustniki.pl\/?product=ustnik-do-alkomatu-alco-sensor-iv","title":{"rendered":"Ustnik do alkomatu Alco sensor IV"},"content":{"rendered":"<p><img fetchpriority=\"high\" decoding=\"async\" class=\"alignnone size-full wp-image-419\" src=\"http:\/\/ustniki.pl\/wp-content\/uploads\/2023\/03\/ustnik-asIV.jpg\" alt=\"\" width=\"225\" height=\"225\" srcset=\"https:\/\/ustniki.pl\/wp-content\/uploads\/2023\/03\/ustnik-asIV.jpg 225w, https:\/\/ustniki.pl\/wp-content\/uploads\/2023\/03\/ustnik-asIV-100x100.jpg 100w, https:\/\/ustniki.pl\/wp-content\/uploads\/2023\/03\/ustnik-asIV-150x150.jpg 150w\" sizes=\"(max-width: 225px) 100vw, 225px\" \/><img decoding=\"async\" class=\"alignnone size-full wp-image-420\" src=\"http:\/\/ustniki.pl\/wp-content\/uploads\/2023\/03\/ustnik_as_4.jpg\" alt=\"\" width=\"100\" height=\"100\" \/><img decoding=\"async\" class=\"alignnone wp-image-399\" src=\"http:\/\/ustniki.pl\/wp-content\/uploads\/2023\/03\/alcivcm_31-300x300.png\" alt=\"\" width=\"231\" height=\"231\" srcset=\"https:\/\/ustniki.pl\/wp-content\/uploads\/2023\/03\/alcivcm_31-300x300.png 300w, https:\/\/ustniki.pl\/wp-content\/uploads\/2023\/03\/alcivcm_31-100x100.png 100w, https:\/\/ustniki.pl\/wp-content\/uploads\/2023\/03\/alcivcm_31-433x433.png 433w, https:\/\/ustniki.pl\/wp-content\/uploads\/2023\/03\/alcivcm_31-150x150.png 150w, https:\/\/ustniki.pl\/wp-content\/uploads\/2023\/03\/alcivcm_31-600x600.png 600w, https:\/\/ustniki.pl\/wp-content\/uploads\/2023\/03\/alcivcm_31.png 700w\" sizes=\"(max-width: 231px) 100vw, 231px\" \/><img loading=\"lazy\" decoding=\"async\" class=\"alignnone size-full wp-image-410\" src=\"http:\/\/ustniki.pl\/wp-content\/uploads\/2023\/03\/pobrane.png\" alt=\"\" width=\"225\" height=\"225\" srcset=\"https:\/\/ustniki.pl\/wp-content\/uploads\/2023\/03\/pobrane.png 225w, https:\/\/ustniki.pl\/wp-content\/uploads\/2023\/03\/pobrane-100x100.png 100w, https:\/\/ustniki.pl\/wp-content\/uploads\/2023\/03\/pobrane-150x150.png 150w\" sizes=\"(max-width: 225px) 100vw, 225px\" \/><\/p>\n<p>Ustnik do alkomatu Alco sensor IV pakowane ka\u017cdy osobno w opakowaniach po 250 sztuk, 363 z\u0142 brutto.<\/p>\n<p>Ustnik posiada zaw\u00f3r zapobiegaj\u0105cy zaci\u0105gni\u0119cia powietrza z alkomatu.<\/p>\n<p>Posiada atest PZH ,jest podany na ka\u017cdym pojedynczym opakowaniu ustnika.<\/p>\n<p>Cena jednego ustnika to 1,18 netto\u00a0 1,45 z\u0142 brutto. Przy zakupie 1000 sztuk lub wi\u0119cej, wysy\u0142ka gratis.<\/p>\n<p>koszty wysy\u0142ki to\u00a0 30 z\u0142 brutto.<\/p>\n<p>Mo\u017cesz zam\u00f3wi\u0107 te\u017c przez e-mail ustniki@ustniki.pl<\/p>\n","protected":false},"excerpt":{"rendered":"<p>Ustnik do alkomatu Alco sensor IV pakowane ka\u017cdy osobno w opakowaniach po 250 sztuk, 363 z\u0142 brutto. Ustnik posiada zaw\u00f3r zapobiegaj\u0105cy zaci\u0105gni\u0119cia powietrza z alkomatu. Posiada atest PZH ,jest podany na ka\u017cdym pojedynczym opakowaniu ustnika. Cena jednego ustnika to 1,18 netto\u00a0 1,45 z\u0142 brutto. Przy zakupie 1000 sztuk lub wi\u0119cej, wysy\u0142ka gratis. koszty wysy\u0142ki to\u00a0 [&hellip;]<\/p>\n","protected":false},"featured_media":419,"comment_status":"open","ping_status":"closed","template":"","meta":{"ocean_post_layout":"","ocean_both_sidebars_style":"","ocean_both_sidebars_content_width":0,"ocean_both_sidebars_sidebars_width":0,"ocean_sidebar":"","ocean_second_sidebar":"","ocean_disable_margins":"enable","ocean_add_body_class":"","ocean_shortcode_before_top_bar":"","ocean_shortcode_after_top_bar":"","ocean_shortcode_before_header":"","ocean_shortcode_after_header":"","ocean_has_shortcode":"","ocean_shortcode_after_title":"","ocean_shortcode_before_footer_widgets":"","ocean_shortcode_after_footer_widgets":"","ocean_shortcode_before_footer_bottom":"","ocean_shortcode_after_footer_bottom":"","ocean_display_top_bar":"default","ocean_display_header":"default","ocean_header_style":"","ocean_center_header_left_menu":"","ocean_custom_header_template":"","ocean_custom_logo":0,"ocean_custom_retina_logo":0,"ocean_custom_logo_max_width":0,"ocean_custom_logo_tablet_max_width":0,"ocean_custom_logo_mobile_max_width":0,"ocean_custom_logo_max_height":0,"ocean_custom_logo_tablet_max_height":0,"ocean_custom_logo_mobile_max_height":0,"ocean_header_custom_menu":"","ocean_menu_typo_font_family":"","ocean_menu_typo_font_subset":"","ocean_menu_typo_font_size":0,"ocean_menu_typo_font_size_tablet":0,"ocean_menu_typo_font_size_mobile":0,"ocean_menu_typo_font_size_unit":"px","ocean_menu_typo_font_weight":"","ocean_menu_typo_font_weight_tablet":"","ocean_menu_typo_font_weight_mobile":"","ocean_menu_typo_transform":"","ocean_menu_typo_transform_tablet":"","ocean_menu_typo_transform_mobile":"","ocean_menu_typo_line_height":0,"ocean_menu_typo_line_height_tablet":0,"ocean_menu_typo_line_height_mobile":0,"ocean_menu_typo_line_height_unit":"","ocean_menu_typo_spacing":0,"ocean_menu_typo_spacing_tablet":0,"ocean_menu_typo_spacing_mobile":0,"ocean_menu_typo_spacing_unit":"","ocean_menu_link_color":"","ocean_menu_link_color_hover":"","ocean_menu_link_color_active":"","ocean_menu_link_background":"","ocean_menu_link_hover_background":"","ocean_menu_link_active_background":"","ocean_menu_social_links_bg":"","ocean_menu_social_hover_links_bg":"","ocean_menu_social_links_color":"","ocean_menu_social_hover_links_color":"","ocean_disable_title":"default","ocean_disable_heading":"default","ocean_post_title":"","ocean_post_subheading":"","ocean_post_title_style":"","ocean_post_title_background_color":"","ocean_post_title_background":0,"ocean_post_title_bg_image_position":"","ocean_post_title_bg_image_attachment":"","ocean_post_title_bg_image_repeat":"","ocean_post_title_bg_image_size":"","ocean_post_title_height":0,"ocean_post_title_bg_overlay":0.5,"ocean_post_title_bg_overlay_color":"","ocean_disable_breadcrumbs":"default","ocean_breadcrumbs_color":"","ocean_breadcrumbs_separator_color":"","ocean_breadcrumbs_links_color":"","ocean_breadcrumbs_links_hover_color":"","ocean_display_footer_widgets":"default","ocean_display_footer_bottom":"default","ocean_custom_footer_template":""},"product_brand":[],"product_cat":[33],"product_tag":[61,117,116,63,59,60],"class_list":{"0":"post-418","1":"product","2":"type-product","3":"status-publish","4":"has-post-thumbnail","6":"product_cat-ustniki-do-alkomatow","7":"product_tag-alco-sensor","8":"product_tag-alko-sensor","9":"product_tag-alkosensor","10":"product_tag-ustnik","11":"product_tag-ustnik-alcosensor-iv","12":"product_tag-ustnik-do-alkomatu","14":"entry","15":"has-media","17":"first","18":"instock","19":"sold-individually","20":"shipping-taxable","21":"purchasable","22":"product-type-simple","23":"has-product-nav","24":"col","25":"span_1_of_3","26":"owp-content-center","27":"owp-thumbs-layout-horizontal","28":"owp-btn-normal","29":"owp-tabs-layout-horizontal"},"_links":{"self":[{"href":"https:\/\/ustniki.pl\/index.php?rest_route=\/wp\/v2\/product\/418","targetHints":{"allow":["GET"]}}],"collection":[{"href":"https:\/\/ustniki.pl\/index.php?rest_route=\/wp\/v2\/product"}],"about":[{"href":"https:\/\/ustniki.pl\/index.php?rest_route=\/wp\/v2\/types\/product"}],"replies":[{"embeddable":true,"href":"https:\/\/ustniki.pl\/index.php?rest_route=%2Fwp%2Fv2%2Fcomments&post=418"}],"wp:featuredmedia":[{"embeddable":true,"href":"https:\/\/ustniki.pl\/index.php?rest_route=\/wp\/v2\/media\/419"}],"wp:attachment":[{"href":"https:\/\/ustniki.pl\/index.php?rest_route=%2Fwp%2Fv2%2Fmedia&parent=418"}],"wp:term":[{"taxonomy":"product_brand","embeddable":true,"href":"https:\/\/ustniki.pl\/index.php?rest_route=%2Fwp%2Fv2%2Fproduct_brand&post=418"},{"taxonomy":"product_cat","embeddable":true,"href":"https:\/\/ustniki.pl\/index.php?rest_route=%2Fwp%2Fv2%2Fproduct_cat&post=418"},{"taxonomy":"product_tag","embeddable":true,"href":"https:\/\/ustniki.pl\/index.php?rest_route=%2Fwp%2Fv2%2Fproduct_tag&post=418"}],"curies":[{"name":"wp","href":"https:\/\/api.w.org\/{rel}","templated":true}]}}