{"id":411,"date":"2023-03-24T10:23:35","date_gmt":"2023-03-24T10:23:35","guid":{"rendered":"http:\/\/ustniki.pl\/?post_type=product&#038;p=411"},"modified":"2023-06-04T12:05:43","modified_gmt":"2023-06-04T11:05:43","slug":"ustnik-do-alkomatu-alkohit-ah69","status":"publish","type":"product","link":"https:\/\/ustniki.pl\/?product=ustnik-do-alkomatu-alkohit-ah69","title":{"rendered":"Ustnik do alkomatu Alkohit AH69"},"content":{"rendered":"<p><img decoding=\"async\" class=\"alignnone size-full wp-image-412\" src=\"http:\/\/ustniki.pl\/wp-content\/uploads\/2023\/03\/ustnik-alkohit-ah69.webp\" alt=\"\" width=\"246\" height=\"39\" \/><\/p>\n<p>&nbsp;<\/p>\n<p>Obecnie posiadamy ograniczon\u0105 ilo\u015b\u0107 oryginalnych ustnik\u00f3w do alkomatu Alkohit AH 69(wstrzymana\u00a0 produkcja). Prosz\u0119 dzwoni\u0107 przed zam\u00f3wieniem.<\/p>\n<p>Posiadamy\u00a0 zamienniki oryginalnych ustnik\u00f3w do Alkohit AH69. Prosimy o kontakt telefoniczny 501 134 201 lub email ustniki@ustniki.pl . Mamy kilka rozwi\u0105za\u0144 zamiennik\u00f3w: ju\u017c od 40 groszy .<\/p>\n","protected":false},"excerpt":{"rendered":"<p>&nbsp; Obecnie posiadamy ograniczon\u0105 ilo\u015b\u0107 oryginalnych ustnik\u00f3w do alkomatu Alkohit AH 69(wstrzymana\u00a0 produkcja). Prosz\u0119 dzwoni\u0107 przed zam\u00f3wieniem. Posiadamy\u00a0 zamienniki oryginalnych ustnik\u00f3w do Alkohit AH69. Prosimy o kontakt telefoniczny 501 134 201 lub email ustniki@ustniki.pl . Mamy kilka rozwi\u0105za\u0144 zamiennik\u00f3w: ju\u017c od 40 groszy .<\/p>\n","protected":false},"featured_media":423,"comment_status":"open","ping_status":"closed","template":"","meta":{"ocean_post_layout":"","ocean_both_sidebars_style":"","ocean_both_sidebars_content_width":0,"ocean_both_sidebars_sidebars_width":0,"ocean_sidebar":"","ocean_second_sidebar":"","ocean_disable_margins":"enable","ocean_add_body_class":"","ocean_shortcode_before_top_bar":"","ocean_shortcode_after_top_bar":"","ocean_shortcode_before_header":"","ocean_shortcode_after_header":"","ocean_has_shortcode":"","ocean_shortcode_after_title":"","ocean_shortcode_before_footer_widgets":"","ocean_shortcode_after_footer_widgets":"","ocean_shortcode_before_footer_bottom":"","ocean_shortcode_after_footer_bottom":"","ocean_display_top_bar":"default","ocean_display_header":"default","ocean_header_style":"","ocean_center_header_left_menu":"","ocean_custom_header_template":"","ocean_custom_logo":0,"ocean_custom_retina_logo":0,"ocean_custom_logo_max_width":0,"ocean_custom_logo_tablet_max_width":0,"ocean_custom_logo_mobile_max_width":0,"ocean_custom_logo_max_height":0,"ocean_custom_logo_tablet_max_height":0,"ocean_custom_logo_mobile_max_height":0,"ocean_header_custom_menu":"","ocean_menu_typo_font_family":"","ocean_menu_typo_font_subset":"","ocean_menu_typo_font_size":0,"ocean_menu_typo_font_size_tablet":0,"ocean_menu_typo_font_size_mobile":0,"ocean_menu_typo_font_size_unit":"px","ocean_menu_typo_font_weight":"","ocean_menu_typo_font_weight_tablet":"","ocean_menu_typo_font_weight_mobile":"","ocean_menu_typo_transform":"","ocean_menu_typo_transform_tablet":"","ocean_menu_typo_transform_mobile":"","ocean_menu_typo_line_height":0,"ocean_menu_typo_line_height_tablet":0,"ocean_menu_typo_line_height_mobile":0,"ocean_menu_typo_line_height_unit":"","ocean_menu_typo_spacing":0,"ocean_menu_typo_spacing_tablet":0,"ocean_menu_typo_spacing_mobile":0,"ocean_menu_typo_spacing_unit":"","ocean_menu_link_color":"","ocean_menu_link_color_hover":"","ocean_menu_link_color_active":"","ocean_menu_link_background":"","ocean_menu_link_hover_background":"","ocean_menu_link_active_background":"","ocean_menu_social_links_bg":"","ocean_menu_social_hover_links_bg":"","ocean_menu_social_links_color":"","ocean_menu_social_hover_links_color":"","ocean_disable_title":"default","ocean_disable_heading":"default","ocean_post_title":"","ocean_post_subheading":"","ocean_post_title_style":"","ocean_post_title_background_color":"","ocean_post_title_background":0,"ocean_post_title_bg_image_position":"","ocean_post_title_bg_image_attachment":"","ocean_post_title_bg_image_repeat":"","ocean_post_title_bg_image_size":"","ocean_post_title_height":0,"ocean_post_title_bg_overlay":0.5,"ocean_post_title_bg_overlay_color":"","ocean_disable_breadcrumbs":"default","ocean_breadcrumbs_color":"","ocean_breadcrumbs_separator_color":"","ocean_breadcrumbs_links_color":"","ocean_breadcrumbs_links_hover_color":"","ocean_display_footer_widgets":"default","ocean_display_footer_bottom":"default","ocean_custom_footer_template":""},"product_brand":[],"product_cat":[33],"product_tag":[63,89,90,60],"class_list":{"0":"post-411","1":"product","2":"type-product","3":"status-publish","4":"has-post-thumbnail","6":"product_cat-ustniki-do-alkomatow","7":"product_tag-ustnik","8":"product_tag-ustnik-do-ah69","9":"product_tag-ustnik-do-alkohit","10":"product_tag-ustnik-do-alkomatu","12":"entry","13":"has-media","15":"first","16":"instock","17":"shipping-taxable","18":"purchasable","19":"product-type-simple","20":"has-product-nav","21":"col","22":"span_1_of_3","23":"owp-content-center","24":"owp-thumbs-layout-horizontal","25":"owp-btn-normal","26":"owp-tabs-layout-horizontal","27":"has-no-thumbnails"},"_links":{"self":[{"href":"https:\/\/ustniki.pl\/index.php?rest_route=\/wp\/v2\/product\/411","targetHints":{"allow":["GET"]}}],"collection":[{"href":"https:\/\/ustniki.pl\/index.php?rest_route=\/wp\/v2\/product"}],"about":[{"href":"https:\/\/ustniki.pl\/index.php?rest_route=\/wp\/v2\/types\/product"}],"replies":[{"embeddable":true,"href":"https:\/\/ustniki.pl\/index.php?rest_route=%2Fwp%2Fv2%2Fcomments&post=411"}],"wp:featuredmedia":[{"embeddable":true,"href":"https:\/\/ustniki.pl\/index.php?rest_route=\/wp\/v2\/media\/423"}],"wp:attachment":[{"href":"https:\/\/ustniki.pl\/index.php?rest_route=%2Fwp%2Fv2%2Fmedia&parent=411"}],"wp:term":[{"taxonomy":"product_brand","embeddable":true,"href":"https:\/\/ustniki.pl\/index.php?rest_route=%2Fwp%2Fv2%2Fproduct_brand&post=411"},{"taxonomy":"product_cat","embeddable":true,"href":"https:\/\/ustniki.pl\/index.php?rest_route=%2Fwp%2Fv2%2Fproduct_cat&post=411"},{"taxonomy":"product_tag","embeddable":true,"href":"https:\/\/ustniki.pl\/index.php?rest_route=%2Fwp%2Fv2%2Fproduct_tag&post=411"}],"curies":[{"name":"wp","href":"https:\/\/api.w.org\/{rel}","templated":true}]}}