{"id":404,"date":"2023-03-24T10:16:27","date_gmt":"2023-03-24T10:16:27","guid":{"rendered":"http:\/\/ustniki.pl\/?post_type=product&#038;p=404"},"modified":"2024-11-29T11:50:32","modified_gmt":"2024-11-29T10:50:32","slug":"alkomat-drager-alkotest-9510-ir-jednosensorowy","status":"publish","type":"product","link":"https:\/\/ustniki.pl\/?product=alkomat-drager-alkotest-9510-ir-jednosensorowy","title":{"rendered":"Alkomat Drager Alkotest 9510 IR (jednosensorowy)"},"content":{"rendered":"<p><img decoding=\"async\" class=\"alignnone size-full wp-image-405\" src=\"http:\/\/ustniki.pl\/wp-content\/uploads\/2023\/03\/drager.png\" alt=\"\" width=\"187\" height=\"187\" srcset=\"https:\/\/ustniki.pl\/wp-content\/uploads\/2023\/03\/drager.png 187w, https:\/\/ustniki.pl\/wp-content\/uploads\/2023\/03\/drager-100x100.png 100w, https:\/\/ustniki.pl\/wp-content\/uploads\/2023\/03\/drager-150x150.png 150w\" sizes=\"(max-width: 187px) 100vw, 187px\" \/><img fetchpriority=\"high\" decoding=\"async\" class=\"alignnone size-full wp-image-406\" src=\"http:\/\/ustniki.pl\/wp-content\/uploads\/2023\/03\/drager-alkotest-9510-ir-jednosensorowy.webp\" alt=\"\" width=\"244\" height=\"223\" \/><\/p>\n<div class=\"col-sm-6\">\n<p><strong>Dr\u00e4ger Alcotest 9510<\/strong> jednosensorowy nale\u017cy do nowej generacji urz\u0105dze\u0144 do pomiaru alkoholu i zosta\u0142 zaprojektowany z my\u015bl\u0105 o zgodno\u015bci z wi\u0119kszo\u015bci\u0105 przepis\u00f3w mi\u0119dzynarodowych dotycz\u0105cych takich urz\u0105dze\u0144.<\/p>\n<p>Urz\u0105dzenie pomiarowe marki Drager zosta\u0142o ulepszone dzi\u0119ki zastosowaniu czujnika w technologii podczerwieni, kt\u00f3ry ma wy\u017csz\u0105 g\u0119sto\u015b\u0107 energii, co umo\u017cliwia otrzymywanie wynik\u00f3w pomiar\u00f3w z wi\u0119ksz\u0105 precyzj\u0105. Alkomat 9510 mo\u017cna wyposa\u017cy\u0107 dodatkowo w niezawodny elektrochemiczny system pomiarowy Dr\u00e4ger ze specyficzno\u015bci\u0105 wobec alkoholu. Przy zastosowaniu dodatkowego sensora koncepcja \u201epodw\u00f3jnego czujnika\u201d zwi\u0119ksza s\u0105dow\u0105 dopuszczalno\u015b\u0107 wynik\u00f3w.<\/p>\n<p>Alcotest 9510 mo\u017ce pe\u0142ni\u0107 rol\u0119 zar\u00f3wno urz\u0105dzenie mobilne, jak i stacjonarny (mo\u017cliwa jest praca urz\u0105dzenia z zasilaniem 12 VDC). Intuicyjny ekran dotykowy umo\u017cliwia \u0142atw\u0105 obs\u0142ug\u0119 urz\u0105dzenia pomiarowego. Tester mo\u017cna ustawi\u0107 na w\u0105skiej cz\u0119\u015bci tylnej, dzi\u0119ki czemu ograniczamy przestrze\u0144 do minimum. W takiej pozycji istnieje mo\u017cliwo\u015b\u0107 ustawienia wy\u015bwietlacza w innej pozycji \u2013 obr\u00f3t o 180 stopni. Urz\u0105dzenie posiada przy\u0142\u0105cza USB, RS 232,Ethernet, itp., kt\u00f3re umo\u017cliwiaj\u0105 integracj\u0119 alkomatu z kompleksowymi sieciami danych, w\u0142\u0105cznie ze zdaln\u0105 obs\u0142ug\u0105. W urz\u0105dzeniu zaimplementowano niezawodn\u0105 drukark\u0119 termiczn\u0105 nie wymagaj\u0105ca toner\u00f3w ani wk\u0142ad\u00f3w z tuszem. Istnieje mo\u017cliwo\u015b\u0107 podpi\u0119cia klawiatury dzi\u0119ki slotowi USB w celu \u0142atwiejszego wprowadzania danych.<\/p>\n<\/div>\n<div class=\"col-sm-6\"><strong>Specyfikacja Techniczna<\/strong><\/div>\n<div class=\"col-sm-12\">\n<hr \/>\n<\/div>\n<div class=\"col-sm-6\">\n<table class=\"table table-hover\">\n<tbody>\n<tr>\n<td>rodzaj sensora<\/td>\n<td>: podczerwony \/ elektrochemiczny<\/td>\n<\/tr>\n<tr>\n<td>zakres i dok\u0142adno\u015b\u0107<br \/>\nprezentowanego pomiaru<\/td>\n<td>: 0.00 mg\/L do 3.00 mg\/L<br \/>\nlub jednostki r\u00f3wnowa\u017cne<\/td>\n<\/tr>\n<tr>\n<td>precyzja pomiaru<\/td>\n<td>: tak<\/td>\n<\/tr>\n<tr>\n<td>Precyzja pomiaru<\/td>\n<td>: +\/- 0.007 mg\/L przy 0.4000 mg\/L<\/td>\n<\/tr>\n<tr>\n<td>kalibracja<\/td>\n<td>: co 6 miesi\u0119cy<\/td>\n<\/tr>\n<tr>\n<td>wymienny czujnik<\/td>\n<td>: tak &#8211; tylko przez serwis<\/td>\n<\/tr>\n<tr>\n<td>Wymaga ustnika<\/td>\n<td>: tak<\/td>\n<\/tr>\n<tr>\n<td>zasilanie<\/td>\n<td>: sieciowe z 110 &#8211; 230 V AC lub 12 V DC<\/td>\n<\/tr>\n<tr>\n<td>waga netto<\/td>\n<td>: 7 kg<\/td>\n<\/tr>\n<tr>\n<td>wymiary produktu (szer\/wys\/g\u0142)<\/td>\n<td>: 330 x 185 x 340 mm<\/td>\n<\/tr>\n<\/tbody>\n<\/table>\n<\/div>\n","protected":false},"excerpt":{"rendered":"<p><img fetchpriority=\"high\" decoding=\"async\" class=\"alignnone size-full wp-image-406\" src=\"http:\/\/ustniki.pl\/wp-content\/uploads\/2023\/03\/drager-alkotest-9510-ir-jednosensorowy.webp\" alt=\"\" width=\"244\" height=\"223\" \/><\/p>\n","protected":false},"featured_media":406,"comment_status":"open","ping_status":"closed","template":"","meta":{"ocean_post_layout":"","ocean_both_sidebars_style":"","ocean_both_sidebars_content_width":0,"ocean_both_sidebars_sidebars_width":0,"ocean_sidebar":"","ocean_second_sidebar":"","ocean_disable_margins":"enable","ocean_add_body_class":"","ocean_shortcode_before_top_bar":"","ocean_shortcode_after_top_bar":"","ocean_shortcode_before_header":"","ocean_shortcode_after_header":"","ocean_has_shortcode":"","ocean_shortcode_after_title":"","ocean_shortcode_before_footer_widgets":"","ocean_shortcode_after_footer_widgets":"","ocean_shortcode_before_footer_bottom":"","ocean_shortcode_after_footer_bottom":"","ocean_display_top_bar":"default","ocean_display_header":"default","ocean_header_style":"","ocean_center_header_left_menu":"","ocean_custom_header_template":"","ocean_custom_logo":0,"ocean_custom_retina_logo":0,"ocean_custom_logo_max_width":0,"ocean_custom_logo_tablet_max_width":0,"ocean_custom_logo_mobile_max_width":0,"ocean_custom_logo_max_height":0,"ocean_custom_logo_tablet_max_height":0,"ocean_custom_logo_mobile_max_height":0,"ocean_header_custom_menu":"","ocean_menu_typo_font_family":"","ocean_menu_typo_font_subset":"","ocean_menu_typo_font_size":0,"ocean_menu_typo_font_size_tablet":0,"ocean_menu_typo_font_size_mobile":0,"ocean_menu_typo_font_size_unit":"px","ocean_menu_typo_font_weight":"","ocean_menu_typo_font_weight_tablet":"","ocean_menu_typo_font_weight_mobile":"","ocean_menu_typo_transform":"","ocean_menu_typo_transform_tablet":"","ocean_menu_typo_transform_mobile":"","ocean_menu_typo_line_height":0,"ocean_menu_typo_line_height_tablet":0,"ocean_menu_typo_line_height_mobile":0,"ocean_menu_typo_line_height_unit":"","ocean_menu_typo_spacing":0,"ocean_menu_typo_spacing_tablet":0,"ocean_menu_typo_spacing_mobile":0,"ocean_menu_typo_spacing_unit":"","ocean_menu_link_color":"","ocean_menu_link_color_hover":"","ocean_menu_link_color_active":"","ocean_menu_link_background":"","ocean_menu_link_hover_background":"","ocean_menu_link_active_background":"","ocean_menu_social_links_bg":"","ocean_menu_social_hover_links_bg":"","ocean_menu_social_links_color":"","ocean_menu_social_hover_links_color":"","ocean_disable_title":"default","ocean_disable_heading":"default","ocean_post_title":"","ocean_post_subheading":"","ocean_post_title_style":"","ocean_post_title_background_color":"","ocean_post_title_background":0,"ocean_post_title_bg_image_position":"","ocean_post_title_bg_image_attachment":"","ocean_post_title_bg_image_repeat":"","ocean_post_title_bg_image_size":"","ocean_post_title_height":0,"ocean_post_title_bg_overlay":0.5,"ocean_post_title_bg_overlay_color":"","ocean_disable_breadcrumbs":"default","ocean_breadcrumbs_color":"","ocean_breadcrumbs_separator_color":"","ocean_breadcrumbs_links_color":"","ocean_breadcrumbs_links_hover_color":"","ocean_display_footer_widgets":"default","ocean_display_footer_bottom":"default","ocean_custom_footer_template":""},"product_brand":[],"product_cat":[32],"product_tag":[92,91,66,56],"class_list":{"0":"post-404","1":"product","2":"type-product","3":"status-publish","4":"has-post-thumbnail","6":"product_cat-alkomaty","7":"product_tag-92","8":"product_tag-alkomat-dreager-9510","9":"product_tag-dreager","10":"product_tag-podczerwien","12":"entry","13":"has-media","15":"first","16":"onbackorder","17":"shipping-taxable","18":"purchasable","19":"product-type-simple","20":"has-product-nav","21":"col","22":"span_1_of_3","23":"owp-content-center","24":"owp-thumbs-layout-horizontal","25":"owp-btn-normal","26":"owp-tabs-layout-horizontal","27":"has-no-thumbnails"},"_links":{"self":[{"href":"https:\/\/ustniki.pl\/index.php?rest_route=\/wp\/v2\/product\/404","targetHints":{"allow":["GET"]}}],"collection":[{"href":"https:\/\/ustniki.pl\/index.php?rest_route=\/wp\/v2\/product"}],"about":[{"href":"https:\/\/ustniki.pl\/index.php?rest_route=\/wp\/v2\/types\/product"}],"replies":[{"embeddable":true,"href":"https:\/\/ustniki.pl\/index.php?rest_route=%2Fwp%2Fv2%2Fcomments&post=404"}],"wp:featuredmedia":[{"embeddable":true,"href":"https:\/\/ustniki.pl\/index.php?rest_route=\/wp\/v2\/media\/406"}],"wp:attachment":[{"href":"https:\/\/ustniki.pl\/index.php?rest_route=%2Fwp%2Fv2%2Fmedia&parent=404"}],"wp:term":[{"taxonomy":"product_brand","embeddable":true,"href":"https:\/\/ustniki.pl\/index.php?rest_route=%2Fwp%2Fv2%2Fproduct_brand&post=404"},{"taxonomy":"product_cat","embeddable":true,"href":"https:\/\/ustniki.pl\/index.php?rest_route=%2Fwp%2Fv2%2Fproduct_cat&post=404"},{"taxonomy":"product_tag","embeddable":true,"href":"https:\/\/ustniki.pl\/index.php?rest_route=%2Fwp%2Fv2%2Fproduct_tag&post=404"}],"curies":[{"name":"wp","href":"https:\/\/api.w.org\/{rel}","templated":true}]}}