{"id":394,"date":"2023-03-24T09:57:38","date_gmt":"2023-03-24T09:57:38","guid":{"rendered":"http:\/\/ustniki.pl\/?post_type=product&#038;p=394"},"modified":"2026-04-18T02:19:51","modified_gmt":"2026-04-18T01:19:51","slug":"alkomat-alkohit-x100-w-walizce-plastikowej","status":"publish","type":"product","link":"https:\/\/ustniki.pl\/?product=alkomat-alkohit-x100-w-walizce-plastikowej","title":{"rendered":"Alkomat Alkohit X100 w walizce plastikowej"},"content":{"rendered":"<p><img fetchpriority=\"high\" decoding=\"async\" class=\"alignnone size-full wp-image-388\" src=\"http:\/\/ustniki.pl\/wp-content\/uploads\/2023\/03\/alkohit-x100.jpg\" alt=\"\" width=\"218\" height=\"231\" \/>\u00a0 \u00a0 \u00a0 \u00a0 \u00a0 \u00a0 \u00a0 \u00a0 \u00a0 \u00a0 \u00a0 \u00a0 \u00a0 \u00a0 \u00a0 \u00a0 \u00a0 <img decoding=\"async\" class=\"alignnone size-full wp-image-396\" src=\"http:\/\/ustniki.pl\/wp-content\/uploads\/2023\/03\/x100-walizka.jpeg\" alt=\"\" width=\"269\" height=\"187\" \/><\/p>\n<p style=\"font-weight: 400\">Alkomat Alkohit \u00ae X100 przeznaczony jest dla s\u0142u\u017cb porz\u0105dkowych, instytucji, firm oraz u\u017cytkownik\u00f3w indywidualnych, kt\u00f3rzy posiadaj\u0105 wysokie wymagania co do dok\u0142adno\u015bci oraz stabilno\u015bci pomiar\u00f3w w czasie.<\/p>\n<p style=\"font-weight: 400\"><a href=\"https:\/\/www.youtube.com\/watch?v=w0BEZZcFZos&amp;ab_channel=allegroTechnologia\">https:\/\/www.youtube.com\/watch?v=w0BEZZcFZos&amp;ab_channel=allegroTechnologia<\/a><\/p>\n<p style=\"font-weight: 400\"><a href=\"https:\/\/www.youtube.com\/watch?v=ae9qAHO8uf4&amp;t=73s&amp;ab_channel=januszperyt\">https:\/\/www.youtube.com\/watch?v=ae9qAHO8uf4&amp;t=73s&amp;ab_channel=januszperyt<\/a><\/p>\n<p style=\"font-weight: 400\">Alkomat na \u017cyczenie Klienta mo\u017ce posiada\u0107 \u015bwiadectwo wzorcowania** wydane przez Laboratorium Wzorcuj\u0105ce akredytowane przez Polskie Centrum Akredytacji. Dzi\u0119ki temu alkomat jest \u201edowodowy\u201d &#8211; wydruki wynik\u00f3w mog\u0105 stanowi\u0107 materia\u0142 dowodowy w sprawach s\u0105dowych*.<\/p>\n<p style=\"font-weight: 400\">Zastosowanie w X100 jednego z najlepszych czujnik\u00f3w elektrochemicznych z gamy Alkohit \u00ae oraz 32 bitowego mikroprocesora sprawia, \u017ce przeprowadzenie ponad 350 pomiar\u00f3w w ci\u0105gu jednej godziny staje si\u0119 realne. Precyzyjne oraz szybkie pomiary to nie jedyne wymagania, jakimi kierowano si\u0119 podczas tworzenia tego modelu. Alkohit X100 zaprojektowany zosta\u0142 z my\u015bl\u0105 o jak najni\u017cszych kosztach eksploatacyjnych, z uwagi na du\u017c\u0105 ilo\u015b\u0107 pomiar\u00f3w w firmach oraz instytucjach. To fundamentalne za\u0142o\u017cenie zosta\u0142o osi\u0105gni\u0119te przez takie cechy jak mo\u017cliwo\u015b\u0107 wykonywania pomiaru za pomoc\u0105 nasadki lejkowej oraz wyposa\u017cenie alkomatu w bateri\u0119 litowo-jonow\u0105 (podobn\u0105 jak w telefonach kom\u00f3rkowych) \u0142adowan\u0105 z sieci elektrycznej lub przez port USB komputera.<\/p>\n<p style=\"font-weight: 400\">Czas pracy na na\u0142adowanej baterii przez oko\u0142o 20 godzin to niew\u0105tpliwie zaleta. Alkohit X100 zosta\u0142 naszpikowany wieloma innymi funkcjami, takimi jak licznik oraz pami\u0119\u0107 pomiar\u00f3w, sygnalizacj\u0119 roz\u0142adowania baterii, pomiary w trybie manualnym i automatycznym, dat\u0119 oraz zegar czasu rzeczywistego, funkcj\u0119 automatycznego wy\u0142\u0105czenia oraz inne.<\/p>\n<p style=\"font-weight: 400\">Unikalne i innowacyjne mocowanie ustnik\u00f3w w modelach Alkohit \u00ae, z mo\u017cliwo\u015bci\u0105 obrotu o 360\u00b0 pozwala na komfortowe przeprowadzanie pomiar\u00f3w. Takie rozwi\u0105zanie zwi\u0119ksza bezpiecze\u0144stwo w przypadku wyst\u0105pienia czynnik\u00f3w zewn\u0119trznych powoduj\u0105cych poruszanie si\u0119 urz\u0105dzenia w trakcie wdmuchiwania powietrza (ustnik przekr\u0119ci si\u0119, a nie wyrz\u0105dzi szkody osobie badanej). R\u00f3wnie\u017c zastosowanie ustnika lejkowego, na kt\u00f3rym mo\u017cna wykona\u0107 do kilkudziesi\u0119ciu tysi\u0119cy pomiar\u00f3w jest niecz\u0119sto spotykane w\u015br\u00f3d alkomat\u00f3w dowodowych. Wszystkie te zalety powoduj\u0105, \u017ce bez w\u0105tpienia analizator wydechu Alkohit \u00ae X100 jest idealnym produktem (pod wzgl\u0119dem cenowym i funkcjonalnym), kt\u00f3ry mo\u017ce by\u0107 dowodowym (po otrzymaniu \u015bwiadectwa wzorcowania) oraz posiada mo\u017cliwo\u015b\u0107 wykonywania pomiar\u00f3w za pomoc\u0105 ustnik\u00f3w oraz nasadki lejkowej.<\/p>\n<p style=\"font-weight: 400\">Zaawansowana technologia pomiarowa pozwoli\u0142a zastosowa\u0107 w Alkohit X100 uk\u0142ad kontroli wdmuchiwania powietrza, pobierania pr\u00f3bki, system kontroli blokuj\u0105cy wykonanie pomiaru, je\u015bli na czujniku znajduje si\u0119 alkohol z poprzedniego pomiaru oraz dwuwylotowy czujnik elektrochemiczny posiadaj\u0105cy elementy platyny i ultranowoczesny procesor.<\/p>\n<p style=\"font-weight: 400\">Alkohit X100 posiada system umo\u017cliwiaj\u0105cy badania os\u00f3b nieprzytomnych, z objawami POChP (pasywny tryb pomiaru) lub innych, u kt\u00f3rych wyst\u0119puje problem z wdmuchni\u0119ciem minimalnej ilo\u015bci powietrza. Jest to przydatne zw\u0142aszcza plac\u00f3wkom medycznym, s\u0142u\u017cbom ratunkowym, izbom wytrze\u017awie\u0144 czy domom opieki spo\u0142ecznej gdzie cz\u0119sto spotykany jest ten problem.<\/p>\n<p style=\"font-weight: 400\">Bada r\u00f3wnie\u017c napoje, czy zawieraj\u0105 alkohol!<\/p>\n<p style=\"font-weight: 400\">Wielozadaniowo\u015b\u0107 tego wyj\u0105tkowego alkomatu idzie jeszcze dalej oferuj\u0105c opcjonalnie modu\u0142 bluetooth pozwalaj\u0105cy na bezprzewodowy wydruk pomiaru z kilkudziesi\u0119ciu alkomat\u00f3w Alkohit X100 na jednej drukarce termicznej.<\/p>\n<p style=\"font-weight: 400\">Darmowy program umo\u017cliwia zgranie 20 000 pomiar\u00f3w na komputer oraz przeniesienie ich do arkusza kalkulacyjnego (np. do pliku Excel w przypadku u\u017cytkownik\u00f3w posiadaj\u0105cym oprogramowanie firmy Microsoft). Jednym s\u0142owem jest to alkomat dla PROFESJONALIST\u00d3W.<\/p>\n<p style=\"font-weight: 400\">Alkomat obj\u0119ty jest programem Adiustacja bez limitu PLUS. Oznacza to, \u017ce\u00a0 w okresie 12 miesi\u0119cy od daty zakupu maj\u0105 Pa\u0144stwo mo\u017cliwo\u015b\u0107 wykonywania bezp\u0142atnych adiustacji bez limitu. Natomiast w okresie od 13 do 24 miesi\u0105ca przys\u0142uguje jedna darmowa adiustacja.<\/p>\n<p>Adiustacja wykonywana jest w nowoczesnym laboratorium bezpo\u015brednio z wykorzystaniem najnowszych narz\u0119dzi do adiustacji oraz przy u\u017cyciu najwy\u017cszej klasy symulator\u00f3w Guth 12V500 &#8211; co zapewnia precyzyjne ustawienie parametr\u00f3w odpowiedniego modelu alkomatu wzgl\u0119dem zadanego wzorca.<\/p>\n<p style=\"font-weight: 400\">Podstawowy zestaw pakowany w pude\u0142ku kartonowym zawiera:<\/p>\n<ul style=\"font-weight: 400\">\n<li>Alkohit X100<\/li>\n<li>Bateri\u0119 wielokrotnego \u0142adowania Li-ion 1000mAH 3,7V<\/li>\n<li>Kabel do po\u0142\u0105czenia Alkohit X100 z komputerem<\/li>\n<li>2 szt. lejk\u00f3w (nasadek lejkowych)<\/li>\n<li>10 szt. ustnik\u00f3w &#8211; ka\u017cdy pakowany osobno<\/li>\n<li>\u0141adowark\u0119 do gniazdka sieci elektrycznej<\/li>\n<li>P\u0142yt\u0119 CD z programem do zgrywania danych<\/li>\n<li>Etui na alkomat<\/li>\n<li>Instrukcj\u0119 obs\u0142ugi zawieraj\u0105c\u0105:\n<ul>\n<li>map\u0119 limit\u00f3w w krajach Europy<\/li>\n<\/ul>\n<\/li>\n<li>Kart\u0119 gwarancyjn\u0105 zawieraj\u0105c\u0105:\n<ul>\n<li>dokument potwierdzaj\u0105cy kalibracj\u0119 urz\u0105dzenia<\/li>\n<li>parametry adiustacji<\/li>\n<\/ul>\n<\/li>\n<\/ul>\n<p style=\"font-weight: 400\">Urz\u0105dzenie standardowo wskazuje wynik w promilach \u2030, istnieje mo\u017cliwo\u015b\u0107 zmiany jednostki na mg\/L lub inn\u0105. Alkomaty z do\u0142\u0105czonymi \u015bwiadectwami wzorcowania wy\u015bwietlaj\u0105 wynik w mg\/L jak wi\u0119kszo\u015b\u0107 alkomat\u00f3w dowodowych.<\/p>\n<p style=\"font-weight: 400\">OPCJONALNIE alkomat Alkohit X100 jest dost\u0119pny w walizeczce plastikowej oraz aluminiowej \u2013 Alkohit X100 doskonale nadaje si\u0119 na prezent i mo\u017ce by\u0107 wykorzystywany w akcjach promocyjnych!<\/p>\n<p style=\"font-weight: 400\">Dla Pa\u0144stwa wygody alkomat posiada eleganckie etui, kt\u00f3re chroni go przed uszkodzeniami mechanicznymi, kurzem oraz zabrudzeniami.<\/p>\n<p style=\"font-weight: 400\">Ka\u017cdy model alkomatu serii Alkohit \u00ae posiada osobn\u0105 szczeg\u00f3\u0142ow\u0105 instrukcj\u0119 obs\u0142ugi w j\u0119zyku polskim oraz kart\u0119 gwarancyjn\u0105 specjalnie dostosowan\u0105 do parametr\u00f3w danego modelu.<\/p>\n<p style=\"font-weight: 400\"><strong>ZALETY ALKOMATU<\/strong><\/p>\n<ul style=\"font-weight: 400\">\n<li>Wysoka dok\u0142adno\u015b\u0107 dzi\u0119ki zastosowaniu technologii platynowego, elektrochemicznego sensora, stosowanej w\u00a0alkomatach policyjnych z 3 letni\u0105 gwarancj\u0105 na sensor DKD<\/li>\n<li>Niska cena w stosunku do dok\u0142adno\u015bci<\/li>\n<li>Zastosowanie najnowszych osi\u0105gni\u0119\u0107 technologii \u015bwiatowych<\/li>\n<li>Szybki i zaawansowany technologicznie mikroprocesor<\/li>\n<li>Szybkie dostarczenie wyniku, nawet przy bardzo wysokich st\u0119\u017ceniach alkoholu powy\u017cej 6\u2030<\/li>\n<li>D\u0142ugoterminowa stabilno\u015b\u0107 pomiaru w czasie<\/li>\n<li>Bateria litowo-jonowa wielokrotnego \u0142adowania (podobna jak w telefonach kom\u00f3rkowych)<\/li>\n<li>Mo\u017cliwo\u015b\u0107 wykonywania pomiar\u00f3w za pomoc\u0105 nasadki lejkowej wielorazowego u\u017cytku<\/li>\n<li>Przeznaczony do masowych kontroli pracownik\u00f3w<\/li>\n<li>Szybkie pomiary &#8211; do 180 pomiar\u00f3w w ci\u0105gu 30 minut<\/li>\n<li>Czytelny, pod\u015bwietlany wy\u015bwietlacz, umo\u017cliwiaj\u0105cy odczytanie pomiaru r\u00f3wnie\u017c w nocy<\/li>\n<li>Oprogramowanie \u2013 komendy w j\u0119zyku polskim<\/li>\n<li>R\u00f3\u017cne opcje pomiarowe<\/li>\n<li>Data i czas<\/li>\n<li>Mo\u017cliwo\u015b\u0107 bezprzewodowego wydruku z kilkudziesi\u0119ciu alkomat\u00f3w Alkohit X100 na jednej drukarce termicznej !!! (opcja)<\/li>\n<li>Prosta obs\u0142uga<\/li>\n<li>Kontrola nad ilo\u015bci\u0105 wykonanych pomiar\u00f3w<\/li>\n<li>Szybkie i pewne zak\u0142adanie ustnika lub nasadki lejkowej<\/li>\n<li>Ustnik obracany o 360\u00b0<\/li>\n<li>D\u0142ugie, przelotowe ustniki uniemo\u017cliwiaj\u0105ce zaci\u0105gni\u0119cie si\u0119 powietrzem z alkomatu<\/li>\n<li>Praktyczny zar\u00f3wno dla os\u00f3b prawo jak i lewor\u0119cznych<\/li>\n<li>D\u0142uga \u017cywotno\u015b\u0107 czujnika<\/li>\n<li>Unikalny numer seryjny alkomatu<\/li>\n<li>System kontroli jako\u015bci potwierdzony dokumentem kalibracji producenta<\/li>\n<li>System kontroli d\u0142ugo\u015bci pomiaru sygnalizowany d\u017awi\u0119kiem<\/li>\n<li>System kontroli uniemo\u017cliwiaj\u0105cy wykonanie pomiaru, je\u015bli na czujniku znajduje si\u0119 alkohol z poprzedniego pomiaru<\/li>\n<li>Pneumatyczny system podawania na czujnik \u015bci\u015ble okre\u015blonej dawki wdmuchiwanego powietrza<\/li>\n<li>Obudowa wykonana z wysokogatunkowego tworzywa ABS<\/li>\n<li>Program Adiustacja bez Limitu PLUS<\/li>\n<li>Program Darmowego Przegl\u0105du*<\/li>\n<\/ul>\n<p style=\"font-weight: 400\">Europejska marka Alkohit \u00ae gwarantuje, \u017ce we wszystkich modelach instalowane s\u0105 wy\u0142\u0105cznie sprawdzone europejskie lub ameryka\u0144skie p\u0142ytki sensorowe, dzi\u0119ki kt\u00f3rym wymagaj\u0105cy europejscy konsumenci mog\u0105 mie\u0107 pewno\u015b\u0107, co do jako\u015bci i stabilno\u015bci pomiar\u00f3w. W\u00a0alkomatach ALKOHIT \u00ae nie s\u0105 montowane chi\u0144skie czujniki (p\u0142ytki sensorowe).<\/p>\n<p style=\"font-weight: 400\">Ka\u017cdy nowy jak i obecny u\u017cytkownik alkomatu marki Alkohit \u00ae ma r\u00f3wnie\u017c mo\u017cliwo\u015b\u0107 w\u00a0dowolnym momencie wymieni\u0107 sw\u00f3j alkomat na nowy model za dodatkow\u0105 op\u0142at\u0105 ustalan\u0105 indywidualnie.<\/p>\n<p style=\"font-weight: 400\">Oferujemy nie tylko pe\u0142nowarto\u015bciowe produkty odpowiednie dla ka\u017cdego Klienta pod wzgl\u0119dem finansowym i\u00a0funkcjonalnym, ale r\u00f3wnie\u017c zapewniamy szereg darmowych us\u0142ug m.in.:<\/p>\n<ul style=\"font-weight: 400\">\n<li>b\u0142yskawiczne us\u0142ugi serwisowe 24h,<\/li>\n<li>mo\u017cliwo\u015b\u0107 otrzymania alkomatu w zast\u0119pstwie,<\/li>\n<li>uruchomienie us\u0142ugi przypominaj\u0105cej o zalecanej (nieobowi\u0105zkowej) adiustacji lub okresowym przegl\u0105dzie czy wzorcowaniu urz\u0105dzenia.<\/li>\n<\/ul>\n<p style=\"font-weight: 400\"><strong>DANE TECHNICZNE ALKOMATU<\/strong><\/p>\n<ul style=\"font-weight: 400\">\n<li>Wysokiej jako\u015bci platynowy, dwuwylotowy sensor elektrochemiczny zintegrowanym z systemem pneumatycznym<\/li>\n<li>Zaawansowany technologicznie 32 bitowy mikrokontroler<\/li>\n<li>Zakres pomiarowy: 0,000 &#8211; 6,300 \u2030 (0,000 &#8211; 3,000 mg\/L)<\/li>\n<li>Wy\u015bwietlacz: dot matrix, 4 cyfrowy, 3 miejsca po przecinku, pod\u015bwietlany, o przek\u0105tnej 1,8&#8243;<\/li>\n<li>Rozdzielczo\u015b\u0107 wskaza\u0144 (dok\u0142adno\u015b\u0107 wy\u015bwietlania): 0,001<\/li>\n<li>Dok\u0142adno\u015b\u0107 pomiaru: \u00b15%*<\/li>\n<li>Kolor: czarny<\/li>\n<li>Wymiary: 128x59x27 mm<\/li>\n<li>Waga: 148g (bez baterii 126g)<\/li>\n<li>Licznik pomiar\u00f3w<\/li>\n<li>Pami\u0119\u0107 pomiaru<\/li>\n<li>Mo\u017cliwo\u015b\u0107 zgrania 20 000 pomiar\u00f3w do komputera<\/li>\n<li>Czas oczekiwania na wynik: kilka sekund<\/li>\n<li>Funkcja automatycznego sprawdzania zawarto\u015bci alkoholu w czujniku po ostatnim te\u015bcie<\/li>\n<li>Zasilanie: bateria-akumulatorek wielokrotnego \u0142adowania, 1000 mAh 3,7V<\/li>\n<li>Sygnalizacja d\u017awi\u0119kowa<\/li>\n<li>Uk\u0142ad kontroli oraz sygnalizacja roz\u0142adowania baterii<\/li>\n<li>Czas przygotowania do przeprowadzenia testu: oko\u0142o 2 sekundy<\/li>\n<li>Tryb pomiaru: automatyczny i manualny<\/li>\n<li>Funkcja automatycznego wy\u0142\u0105czania po 6 minutach bezczynno\u015bci<\/li>\n<li>Ustniki: higieniczne, ka\u017cdy pakowany osobno (Certificate of Health Quality)<\/li>\n<li>Mo\u017cliwo\u015b\u0107 przeprowadzania pomiar\u00f3w za pomoc\u0105 ustnika i nasadki lejkowej<\/li>\n<li>Jednostki mierz\u0105ce: alkomat wy\u015bwietla wyniki w promilach (\u2030) \u2013 pozosta\u0142e: ug\/ml, 100mg \/ l, g \/ 100 ml, mg \/ ml, mg \/ 100 ml lub inne<\/li>\n<li>Wbudowany modu\u0142 bluetooth umo\u017cliwiaj\u0105cy bezprzewodowe drukowanie pomiaru (opcja)<\/li>\n<li>Certyfikat \/ Deklaracja zgodno\u015bci CE dopuszczaj\u0105ca do sprzeda\u017cy urz\u0105dze\u0144 na rynku UE<\/li>\n<li><strong>Gwarancja na alkomat Alkohit X100: do 6 lat*<\/strong><\/li>\n<li><strong>Gwarancja na sensor elektrochemiczny: do 3 lat*<\/strong><\/li>\n<\/ul>\n<p style=\"font-weight: 400\">* patrz instrukcja obs\u0142ugi \/ gwarancja<\/p>\n<p style=\"font-weight: 400\">** dodatkowe p\u0142atne us\u0142ugi: \u015bwiadectwo wzorcowania<\/p>\n<p style=\"font-weight: 400\">OPCJONALNIE urz\u0105dzenie mo\u017ce zosta\u0107 wyposa\u017cone w modu\u0142 bluetooth (us\u0142uga p\u0142atna), kt\u00f3ry umo\u017cliwia bezprzewodowy wydruk pomiar\u00f3w na drukarce termicznej Alkohit D100.<\/p>\n<p style=\"font-weight: 400\">Ustniki wraz z Alkohit X100 posiadaj\u0105 rozwi\u0105zanie uniemo\u017cliwiaj\u0105ce zaci\u0105gni\u0119cie si\u0119 powietrzem z alkomatu. W dzisiejszych czasach ma to priorytetowe znaczenie ze wzgl\u0119du na r\u00f3\u017cne choroby zaka\u017ane: ptasi\u0105 gryp\u0119, seps\u0119 itp. Zaleta ta jest wa\u017cna dla firm, w kt\u00f3rych systematycznie i codziennie bada si\u0119 pracownik\u00f3w. Daje to pewno\u015b\u0107, \u017ce chory pracownik nie zarazi kolejnych os\u00f3b.<\/p>\n","protected":false},"excerpt":{"rendered":"<p>\u00a0 \u00a0 \u00a0 \u00a0 \u00a0 \u00a0 \u00a0 \u00a0 \u00a0 \u00a0 \u00a0 \u00a0 \u00a0 \u00a0 \u00a0 \u00a0 \u00a0 Alkomat Alkohit \u00ae X100 przeznaczony jest dla s\u0142u\u017cb porz\u0105dkowych, instytucji, firm oraz u\u017cytkownik\u00f3w indywidualnych, kt\u00f3rzy posiadaj\u0105 wysokie wymagania co do dok\u0142adno\u015bci oraz stabilno\u015bci pomiar\u00f3w w czasie. https:\/\/www.youtube.com\/watch?v=w0BEZZcFZos&amp;ab_channel=allegroTechnologia https:\/\/www.youtube.com\/watch?v=ae9qAHO8uf4&amp;t=73s&amp;ab_channel=januszperyt Alkomat na \u017cyczenie Klienta mo\u017ce posiada\u0107 \u015bwiadectwo wzorcowania** wydane przez [&hellip;]<\/p>\n","protected":false},"featured_media":396,"comment_status":"open","ping_status":"closed","template":"","meta":{"ocean_post_layout":"","ocean_both_sidebars_style":"","ocean_both_sidebars_content_width":0,"ocean_both_sidebars_sidebars_width":0,"ocean_sidebar":"","ocean_second_sidebar":"","ocean_disable_margins":"enable","ocean_add_body_class":"","ocean_shortcode_before_top_bar":"","ocean_shortcode_after_top_bar":"","ocean_shortcode_before_header":"","ocean_shortcode_after_header":"","ocean_has_shortcode":"","ocean_shortcode_after_title":"","ocean_shortcode_before_footer_widgets":"","ocean_shortcode_after_footer_widgets":"","ocean_shortcode_before_footer_bottom":"","ocean_shortcode_after_footer_bottom":"","ocean_display_top_bar":"default","ocean_display_header":"default","ocean_header_style":"","ocean_center_header_left_menu":"","ocean_custom_header_template":"","ocean_custom_logo":0,"ocean_custom_retina_logo":0,"ocean_custom_logo_max_width":0,"ocean_custom_logo_tablet_max_width":0,"ocean_custom_logo_mobile_max_width":0,"ocean_custom_logo_max_height":0,"ocean_custom_logo_tablet_max_height":0,"ocean_custom_logo_mobile_max_height":0,"ocean_header_custom_menu":"","ocean_menu_typo_font_family":"","ocean_menu_typo_font_subset":"","ocean_menu_typo_font_size":0,"ocean_menu_typo_font_size_tablet":0,"ocean_menu_typo_font_size_mobile":0,"ocean_menu_typo_font_size_unit":"px","ocean_menu_typo_font_weight":"","ocean_menu_typo_font_weight_tablet":"","ocean_menu_typo_font_weight_mobile":"","ocean_menu_typo_transform":"","ocean_menu_typo_transform_tablet":"","ocean_menu_typo_transform_mobile":"","ocean_menu_typo_line_height":0,"ocean_menu_typo_line_height_tablet":0,"ocean_menu_typo_line_height_mobile":0,"ocean_menu_typo_line_height_unit":"","ocean_menu_typo_spacing":0,"ocean_menu_typo_spacing_tablet":0,"ocean_menu_typo_spacing_mobile":0,"ocean_menu_typo_spacing_unit":"","ocean_menu_link_color":"","ocean_menu_link_color_hover":"","ocean_menu_link_color_active":"","ocean_menu_link_background":"","ocean_menu_link_hover_background":"","ocean_menu_link_active_background":"","ocean_menu_social_links_bg":"","ocean_menu_social_hover_links_bg":"","ocean_menu_social_links_color":"","ocean_menu_social_hover_links_color":"","ocean_disable_title":"default","ocean_disable_heading":"default","ocean_post_title":"","ocean_post_subheading":"","ocean_post_title_style":"","ocean_post_title_background_color":"","ocean_post_title_background":0,"ocean_post_title_bg_image_position":"","ocean_post_title_bg_image_attachment":"","ocean_post_title_bg_image_repeat":"","ocean_post_title_bg_image_size":"","ocean_post_title_height":0,"ocean_post_title_bg_overlay":0.5,"ocean_post_title_bg_overlay_color":"","ocean_disable_breadcrumbs":"default","ocean_breadcrumbs_color":"","ocean_breadcrumbs_separator_color":"","ocean_breadcrumbs_links_color":"","ocean_breadcrumbs_links_hover_color":"","ocean_display_footer_widgets":"default","ocean_display_footer_bottom":"default","ocean_custom_footer_template":""},"product_brand":[],"product_cat":[32],"product_tag":[100,101,103,99,102],"class_list":{"0":"post-394","1":"product","2":"type-product","3":"status-publish","4":"has-post-thumbnail","6":"product_cat-alkomaty","7":"product_tag-alkomat-alkohit","8":"product_tag-alkomat-alkohit-x100","9":"product_tag-alkomat-bezustnikowy","10":"product_tag-alkomat-dowodowy","11":"product_tag-alkomat-skalibrowany","13":"entry","14":"has-media","16":"first","17":"instock","18":"shipping-taxable","19":"purchasable","20":"product-type-simple","21":"has-product-nav","22":"col","23":"span_1_of_3","24":"owp-content-center","25":"owp-thumbs-layout-horizontal","26":"owp-btn-normal","27":"owp-tabs-layout-horizontal","28":"has-no-thumbnails"},"_links":{"self":[{"href":"https:\/\/ustniki.pl\/index.php?rest_route=\/wp\/v2\/product\/394","targetHints":{"allow":["GET"]}}],"collection":[{"href":"https:\/\/ustniki.pl\/index.php?rest_route=\/wp\/v2\/product"}],"about":[{"href":"https:\/\/ustniki.pl\/index.php?rest_route=\/wp\/v2\/types\/product"}],"replies":[{"embeddable":true,"href":"https:\/\/ustniki.pl\/index.php?rest_route=%2Fwp%2Fv2%2Fcomments&post=394"}],"wp:featuredmedia":[{"embeddable":true,"href":"https:\/\/ustniki.pl\/index.php?rest_route=\/wp\/v2\/media\/396"}],"wp:attachment":[{"href":"https:\/\/ustniki.pl\/index.php?rest_route=%2Fwp%2Fv2%2Fmedia&parent=394"}],"wp:term":[{"taxonomy":"product_brand","embeddable":true,"href":"https:\/\/ustniki.pl\/index.php?rest_route=%2Fwp%2Fv2%2Fproduct_brand&post=394"},{"taxonomy":"product_cat","embeddable":true,"href":"https:\/\/ustniki.pl\/index.php?rest_route=%2Fwp%2Fv2%2Fproduct_cat&post=394"},{"taxonomy":"product_tag","embeddable":true,"href":"https:\/\/ustniki.pl\/index.php?rest_route=%2Fwp%2Fv2%2Fproduct_tag&post=394"}],"curies":[{"name":"wp","href":"https:\/\/api.w.org\/{rel}","templated":true}]}}