{"id":391,"date":"2023-03-24T09:49:29","date_gmt":"2023-03-24T09:49:29","guid":{"rendered":"http:\/\/ustniki.pl\/?post_type=product&#038;p=391"},"modified":"2023-06-04T12:13:51","modified_gmt":"2023-06-04T11:13:51","slug":"alkomat-alkohit-x600","status":"publish","type":"product","link":"https:\/\/ustniki.pl\/?product=alkomat-alkohit-x600","title":{"rendered":"Alkomat Alkohit X600"},"content":{"rendered":"<p><img fetchpriority=\"high\" decoding=\"async\" class=\"alignnone size-medium wp-image-392\" src=\"http:\/\/ustniki.pl\/wp-content\/uploads\/2023\/03\/alkohit-x600-z-drukarka-300x192.webp\" alt=\"\" width=\"300\" height=\"192\" srcset=\"https:\/\/ustniki.pl\/wp-content\/uploads\/2023\/03\/alkohit-x600-z-drukarka-300x192.webp 300w, https:\/\/ustniki.pl\/wp-content\/uploads\/2023\/03\/alkohit-x600-z-drukarka-433x277.webp 433w, https:\/\/ustniki.pl\/wp-content\/uploads\/2023\/03\/alkohit-x600-z-drukarka-600x385.webp 600w, https:\/\/ustniki.pl\/wp-content\/uploads\/2023\/03\/alkohit-x600-z-drukarka.webp 602w\" sizes=\"(max-width: 300px) 100vw, 300px\" \/><\/p>\n<p style=\"font-weight: 400\">Alkohit X600 z wbudowan\u0105 drukark\u0105 jest najbardziej zaawansowanym technologicznie analizatorem wydechu z serii alkomat\u00f3w Alkohit \u00ae, kt\u00f3ry na \u017cyczenie Klienta mo\u017ce posiada\u0107 \u015bwiadectwo wzorcowania wydane przez Laboratorium Wzorcuj\u0105ce akredytowane przez Polskie Centrum Akredytacji.<\/p>\n<p style=\"font-weight: 400\">Alkohit X600 to dwa alkomaty w jednym urz\u0105dzeniu.<\/p>\n<p style=\"font-weight: 400\">1\/<strong>Przesiewowy<\/strong>\u00a0do bada\u0144 masowych bez ustnika.<\/p>\n<p style=\"font-weight: 400\">2\/<strong>Dowodowy<\/strong>\u00a0&#8211; bada ilo\u015bciowo na ustniku, natychmiast wydrukuje wynik<\/p>\n<p style=\"font-weight: 400\">Alkohit X600 dedykowany dla firm, instytucji rz\u0105dowych oraz pozarz\u0105dowych do dowodowych kontroli (r\u00f3wnie\u017c masowanych) os\u00f3b na obecno\u015b\u0107 alkoholu w wydychanym powietrzu jak te\u017c napoj\u00f3w czy zawieraj\u0105 alkohol. Wydruki z alkomat X600 posiadaj\u0105cego aktualne \u015bwiadectwo wzorcowania** mog\u0105 by\u0107 dowodem w sprawach s\u0105dowych.<\/p>\n<p style=\"font-weight: 400\">Zastosowano w nim technologi\u0119 czujnika elektrochemicznego, kt\u00f3ra jest stosowana obecnie w podr\u0119cznych alkomatach policyjnych. Du\u017cy, europejski i profesjonalny dwuwylotowy czujnik elektrochemiczny gwarantuje dok\u0142adno\u015b\u0107 i\u00a0powtarzalno\u015b\u0107 pomiar\u00f3w, a co najwa\u017cniejsze stabilno\u015b\u0107 wynik\u00f3w w trakcie u\u017cytkowania. Wyposa\u017cony w nowoczesn\u0105 bateri\u0119 wielokrotnego \u0142adowania Li-ion 2000mAH 7,4V bez efektu pami\u0119ci oraz mo\u017cliwo\u015b\u0107 wykonywania ponad kilkudziesi\u0119ciu tysi\u0119cy pomiar\u00f3w na jednej nasadce lejkowej pozwala znacznie obni\u017cy\u0107 koszty eksploatacyjne.<\/p>\n<p style=\"font-weight: 400\">Alkomat Alkohit \u00ae X600 znajdzie zastosowanie w firmach transportowych, instytucjach publicznych i klinikach leczenia uzale\u017cnie\u0144 \u2013 wsz\u0119dzie tam, gdzie codziennie przeprowadzane s\u0105 kontrole alkoholu. Mo\u017cliwo\u015b\u0107 przeprowadzenia testu przy u\u017cyciu nasadki lejkowej wielorazowego u\u017cytku (pomiar bezustnikowy) obni\u017ca koszty eksploatacji oraz pozwala na szybkie i\u00a0komfortowe przebadanie du\u017cej grupy os\u00f3b.<\/p>\n<p style=\"font-weight: 400\">Alkohit X600 posiada system umo\u017cliwiaj\u0105cy badanie os\u00f3b nieprzytomnych, z objawami POChP (pasywny tryb pomiaru) lub innych, u kt\u00f3rych wyst\u0119puje problem z wdmuchni\u0119ciem minimalnej ilo\u015bci powietrza. Jest to przydatne zw\u0142aszcza plac\u00f3wkom medycznym, s\u0142u\u017cbom ratunkowym, izbom wytrze\u017awie\u0144 czy domom opieki spo\u0142ecznej, gdzie cz\u0119sto spotykany jest ten problem.<\/p>\n<p style=\"font-weight: 400\">Unikalne i innowacyjne mocowanie ustnik\u00f3w w modelach Alkohit \u00ae, z mo\u017cliwo\u015bci\u0105 obrotu o 360\u00b0 pozwala na komfortowe przeprowadzanie pomiar\u00f3w. Takie rozwi\u0105zanie zwi\u0119ksza bezpiecze\u0144stwo w przypadku wyst\u0105pienia czynnik\u00f3w zewn\u0119trznych powoduj\u0105cych poruszanie si\u0119 urz\u0105dzenia w trakcie wdmuchiwania powietrza (ustnik przekr\u0119ci si\u0119, a nie wyrz\u0105dzi szkody osobie badanej, r\u00f3wnie\u017c zastosowanie ustnika lejkowego, na kt\u00f3rym mo\u017cna wykona\u0107 pomiary bezustnikowe jest niecz\u0119sto spotykane w\u015br\u00f3d alkomat\u00f3w dowodowych. Wszystkie te zalety powoduj\u0105, \u017ce bez w\u0105tpienia warto mie\u0107 na wyposa\u017ceniu firmy analizator wydechu alkohit \u00ae X600, kt\u00f3ry mo\u017ce otrzyma\u0107 \u015bwiadectwo wzorcowania oraz posiada mo\u017cliwo\u015b\u0107 wykonywania pomiar\u00f3w za pomoc\u0105 ustnik\u00f3w oraz nasadki lejkowej. Alkomat \u0142\u0105czy w sobie najnowocze\u015bniejsz\u0105 technologi\u0119 z prost\u0105 obs\u0142ug\u0105 dzi\u0119ki czytelnym komunikatom w j\u0119zyku polskim, trzema przyciskami oraz dotykowemu wy\u015bwietlaczowi. Nawet pierwsze u\u017cycie jest intuicyjne i bezproblemowe.<\/p>\n<p style=\"font-weight: 400\">Alkohit X600, jako \u017ce jest urz\u0105dzeniem przeznaczonym do profesjonalnego u\u017cytku, zosta\u0142 wyposa\u017cony w wiele zaawansowanych funkcji, tak aby spe\u0142ni\u0107 wymagania r\u00f3\u017cnych norm. Po ka\u017cdym wykonanym pomiarze istnieje mo\u017cliwo\u015b\u0107 wprowadzenia danych, takich jak: imi\u0119 i nazwisko osoby badanej oraz przeprowadzaj\u0105cej pomiar, miejsce wykonania pomiaru itp. Alkomat zintegrowany z drukark\u0105 pozwala na szybki termiczny wydruk w j\u0119zyku polskim. Protok\u00f3\u0142 z pomiaru mo\u017ce zawiera\u0107 dodatkowe dane.<\/p>\n<p style=\"font-weight: 400\">Darmowe oprogramowanie umo\u017cliwia zgrywanie pomiar\u00f3w na komputer z mo\u017cliwo\u015bci\u0105 dalszego eksportowania ich do arkuszu kalkulacyjnego Excel i wydruku na komputerze. Alkomat X600 ze zintegrowan\u0105 drukark\u0105 wraz ze wszystkimi akcesoriami zapakowany jest w skrzyneczk\u0119 systemow\u0105, kt\u00f3ra chroni go w trakcie transportu i przechowywania. Dodatkowo posiada eleganckie etui, kt\u00f3re chroni przed zarysowaniem.<\/p>\n<p style=\"font-weight: 400\">Alkomat\u00a0 obj\u0119ty jest programem Adiustacja bez limitu PLUS. Oznacza to, \u017ce\u00a0 w okresie 12 miesi\u0119cy od daty zakupu maj\u0105 Pa\u0144stwo mo\u017cliwo\u015b\u0107 wykonywania bezp\u0142atnych adiustacji bez limitu. Natomiast w okresie od 13 do 24 miesi\u0105ca przys\u0142uguje jedna darmowa adiustacja.<\/p>\n<p>Adiustacja wykonywana jest w nowoczesnym laboratorium\u00a0 z wykorzystaniem najnowszych narz\u0119dzi do adiustacji oraz przy u\u017cyciu najwy\u017cszej klasy symulator\u00f3w Guth 12V500 &#8211; co zapewnia precyzyjne ustawienie parametr\u00f3w odpowiedniego modelu alkomatu wzgl\u0119dem zadanego wzorca.<\/p>\n<p style=\"font-weight: 400\"><strong>Zestaw w walizeczce systemowej zawiera:<\/strong><\/p>\n<ul style=\"font-weight: 400\">\n<li>Alkohit X600 z wbudowan\u0105 drukark\u0105<\/li>\n<li>Rysik do ekranu dotykowego<\/li>\n<li>Bateri\u0119 Li-ion 2000mAH 7,4V<\/li>\n<li>Bateri\u0119 guzikow\u0105 Cr2032<\/li>\n<li>Kabel do po\u0142\u0105czenia Alkohit X600 z komputerem<\/li>\n<li>4 rolki papieru do drukarki<\/li>\n<li>2 szt. lejk\u00f3w (nasadek lejkowych)<\/li>\n<li>30 szt. ustnik\u00f3w &#8211; ka\u017cdy pakowany osobno<\/li>\n<li>\u0141adowark\u0119 do gniazdka sieci elektrycznej<\/li>\n<li>Etui na alkomat<\/li>\n<li>Eleganck\u0105 walizeczk\u0119 systemow\u0105<\/li>\n<li>P\u0142yt\u0119 CD z programem do zgrywania danych<\/li>\n<li>Instrukcj\u0119 obs\u0142ugi zawieraj\u0105c\u0105:\n<ul>\n<li>map\u0119 limit\u00f3w w krajach Europy<\/li>\n<\/ul>\n<\/li>\n<li>Kart\u0119 gwarancyjn\u0105 zawieraj\u0105c\u0105:\n<ul>\n<li>dokument potwierdzaj\u0105cy kalibracj\u0119 urz\u0105dzenia<\/li>\n<li>parametry adiustacji<\/li>\n<\/ul>\n<\/li>\n<\/ul>\n<p style=\"font-weight: 400\">Urz\u0105dzenie standardowo wskazuje wynik w mg\/L, istnieje mo\u017cliwo\u015b\u0107 zmiany jednostki na \u2030. Alkomaty z do\u0142\u0105czonymi \u015bwiadectwami wzorcowania wy\u015bwietlaj\u0105 wynik w mg\/L jak wi\u0119kszo\u015b\u0107 alkomat\u00f3w dowodowych.<\/p>\n<p style=\"font-weight: 400\">Dla Pa\u0144stwa wygody alkomat posiada eleganckie etui, kt\u00f3re chroni go przed uszkodzeniami mechanicznymi, kurzem oraz zabrudzeniami. Ca\u0142y zestaw zapakowany jest w skrzyneczk\u0119.<\/p>\n<p style=\"font-weight: 400\">Ka\u017cdy model alkomatu serii Alkohit \u00ae posiada osobn\u0105 szczeg\u00f3\u0142ow\u0105 instrukcj\u0119 obs\u0142ugi w j\u0119zyku polskim oraz kart\u0119 gwarancyjn\u0105 specjalnie dostosowan\u0105 do parametr\u00f3w danego modelu.<\/p>\n<p style=\"font-weight: 400\"><strong>ZALETY<\/strong><\/p>\n<ul style=\"font-weight: 400\">\n<li>Wysoka dok\u0142adno\u015b\u0107 dzi\u0119ki zastosowaniu technologii platynowego, elektrochemicznego sensora, stosowanej w\u00a0alkomatach policyjnych z gwarancj\u0105 na sensor<\/li>\n<li>Zastosowanie najnowszych osi\u0105gni\u0119\u0107 technologii \u015bwiatowych<\/li>\n<li>Szybki i zaawansowany technologicznie mikroprocesor<\/li>\n<li>Wydruki pomiar\u00f3w z Alkohit X600 mog\u0105 by\u0107 dowodem w sprawach przed s\u0105dem*<\/li>\n<li>Szybkie dostarczenie wyniku, nawet przy bardzo wysokich st\u0119\u017ceniach alkoholu powy\u017cej 6\u2030<\/li>\n<li>D\u0142ugoterminowa stabilno\u015b\u0107 pomiaru w czasie<\/li>\n<li>Bateria litowo-jonowa wielokrotnego \u0142adowania<\/li>\n<li>Mo\u017cliwo\u015b\u0107 wykonywania pomiar\u00f3w za pomoc\u0105 nasadki lejkowej wielorazowego u\u017cytku<\/li>\n<li>Szybkie pomiary &#8211; do 180 pomiar\u00f3w w ci\u0105gu 30 minut<\/li>\n<li>Czytelny, pod\u015bwietlany wy\u015bwietlacz, umo\u017cliwiaj\u0105cy odczytanie pomiaru r\u00f3wnie\u017c w nocy<\/li>\n<li>Data i czas<\/li>\n<li>R\u00f3\u017cne opcje pomiarowe<\/li>\n<li>Prosta obs\u0142uga<\/li>\n<li>Dotykowy ekran<\/li>\n<li>D\u0142uga \u017cywotno\u015b\u0107 baterii (500-800 pe\u0142nych \u0142adowa\u0144)<\/li>\n<li>Kontrola nad ilo\u015bci\u0105 wykonanych pomiar\u00f3w<\/li>\n<li>Pami\u0119\u0107 pomiar\u00f3w z mo\u017cliwo\u015bci\u0105 odczytu w alkomacie lub zgrania na komputer<\/li>\n<li>Szybkie i pewne zak\u0142adanie ustnika lub nasadki lejkowej<\/li>\n<li>Ustnik obracany o 360\u00b0<\/li>\n<li>D\u0142ugie, przelotowe ustniki uniemo\u017cliwiaj\u0105ce zaci\u0105gni\u0119cie si\u0119 powietrzem z alkomatu<\/li>\n<li>Praktyczny zar\u00f3wno dla os\u00f3b prawo jak i lewor\u0119cznych<\/li>\n<li>D\u0142uga \u017cywotno\u015b\u0107 czujnika<\/li>\n<li>Unikalny numer seryjny alkomatu<\/li>\n<li>System kontroli jako\u015bci potwierdzony dokumentem kalibracji producenta<\/li>\n<li>System kontroli d\u0142ugo\u015bci pomiaru sygnalizowany d\u017awi\u0119kiem<\/li>\n<li>System kontroli uniemo\u017cliwiaj\u0105cy wykonanie pomiaru, je\u015bli na czujniku znajduje si\u0119 alkohol z poprzedniego pomiaru<\/li>\n<li>Pneumatyczny system podawania na czujnik \u015bci\u015ble okre\u015blonej dawki wdmuchiwanego powietrza<\/li>\n<li>Obs\u0142uga alkomatu oraz wydruk w trzech j\u0119zykach: polski, niemiecki, angielski<\/li>\n<li>Obudowa z tworzywa ABS, zapewniaj\u0105ca wysok\u0105 odporno\u015b\u0107 na dzia\u0142anie uszkodze\u0144 mechanicznych<\/li>\n<li>Program Adiustacja bez limitu PLUS<\/li>\n<li>Program Darmowego Przegl\u0105du*<\/li>\n<\/ul>\n<p style=\"font-weight: 400\">Europejska marka Alkohit \u00ae gwarantuje, \u017ce we wszystkich modelach instalowane s\u0105 wy\u0142\u0105cznie sprawdzone europejskie lub ameryka\u0144skie p\u0142ytki sensorowe, dzi\u0119ki kt\u00f3rym wymagaj\u0105cy europejscy konsumenci mog\u0105 mie\u0107 pewno\u015b\u0107, co do jako\u015bci i stabilno\u015bci pomiar\u00f3w. W alkomatach ALKOHIT \u00ae nie s\u0105 montowane chi\u0144skie czujniki (p\u0142ytki sensorowe).<\/p>\n<p style=\"font-weight: 400\">Ka\u017cdy nowy jak i obecny u\u017cytkownik alkomatu marki Alkohit \u00ae ma r\u00f3wnie\u017c mo\u017cliwo\u015b\u0107 w dowolnym momencie wymieni\u0107 sw\u00f3j alkomat na nowy model za dodatkow\u0105 op\u0142at\u0105 ustalan\u0105 indywidualnie.<\/p>\n<p style=\"font-weight: 400\">Oferujemy nie tylko pe\u0142nowarto\u015bciowe produkty odpowiednie dla ka\u017cdego Klienta pod wzgl\u0119dem finansowym i\u00a0funkcjonalnym, ale r\u00f3wnie\u017c zapewniamy szereg darmowych us\u0142ug m.in.:<\/p>\n<ul style=\"font-weight: 400\">\n<li>b\u0142yskawiczne us\u0142ugi serwisowe 24h,<\/li>\n<li>mo\u017cliwo\u015b\u0107 otrzymania alkomatu w zast\u0119pstwie,<\/li>\n<li>uruchomienie us\u0142ugi przypominaj\u0105cej o zalecanej (nieobowi\u0105zkowej) adiustacji lub okresowym przegl\u0105dzie czy wzorcowaniu urz\u0105dzenia.<\/li>\n<\/ul>\n<p style=\"font-weight: 400\"><strong>DANE TECHNICZNE:<\/strong><\/p>\n<ul style=\"font-weight: 400\">\n<li>Wysokiej jako\u015bci platynowy, dwuwylotowy sensor elektrochemiczny<\/li>\n<li>Zaawansowany technologicznie 32 bitowy mikrokontroler<\/li>\n<li>Zakres pomiarowy: 0,000 &#8211; 6,300 \u2030 (0,000 &#8211; 3,000 mg\/L)<\/li>\n<li>Ekran: kolorowy, 4 cyfrowy, 3 miejsca po przecinku, pod\u015bwietlany, dotykowy, o przek\u0105tnej 2,8&#8243;<\/li>\n<li>Rozdzielczo\u015b\u0107 wskaza\u0144 (dok\u0142adno\u015b\u0107 wy\u015bwietlania): 0,001<\/li>\n<li>Dok\u0142adno\u015b\u0107 pomiaru: \u00b15%*<\/li>\n<li>Kolor: srebrno-czarny<\/li>\n<li>Wymiary: 190x82x36 mm<\/li>\n<li>Waga: 454g (bez baterii 362g)<\/li>\n<li>Licznik pomiar\u00f3w<\/li>\n<li>Pami\u0119\u0107 20 000 pomiar\u00f3w z mo\u017cliwo\u015bci\u0105 zgrania na komputer<\/li>\n<li>Czas oczekiwania na wynik: kilka sekund<\/li>\n<li>Funkcja automatycznego sprawdzania zawarto\u015bci alkoholu w czujniku po ostatnim te\u015bcie<\/li>\n<li>Zasilanie: bateria-akumulator wielokrotnego \u0142adowania Li-on (litowo-jonowa) 2000 mAh 7,4V<\/li>\n<li>Sygnalizacja d\u017awi\u0119kowa<\/li>\n<li>Uk\u0142ad kontroli oraz sygnalizacja roz\u0142adowania baterii<\/li>\n<li>Czas przygotowania do przeprowadzenia testu: oko\u0142o 2 sekundy<\/li>\n<li>Tryb pomiaru: automatyczny i manualny<\/li>\n<li>Funkcja automatycznego wy\u0142\u0105czania po okre\u015blonym czasie bezczynno\u015bci (do wyboru: od 1 do 59 minut)<\/li>\n<li>Modu\u0142 GPS (opcja)<\/li>\n<li>Ustniki: higieniczne, ka\u017cdy pakowany osobno (Certificate of Health Quality)<\/li>\n<li>Mo\u017cliwo\u015b\u0107 przeprowadzania pomiar\u00f3w za pomoc\u0105 lejka<\/li>\n<li>Jednostki mierz\u0105ce: alkomat wy\u015bwietla wynik w mg\/L, opcja: \u2030, \u00b5g\/100mL, %, g\/100mL, mg\/mL, mg\/100mL, g\/210L lub inne<\/li>\n<li>Zintegrowana drukarka termiczna<\/li>\n<li>Spos\u00f3b druku: termiczny<\/li>\n<li>Papier: termiczny, maksymalna \u015brednica rolki 24mm, szeroko\u015b\u0107 57mm<\/li>\n<li>Czas drukowania protoko\u0142u: 12 sekund<\/li>\n<li>Certyfikat \/ Deklaracja zgodno\u015bci CE dopuszczaj\u0105ca do sprzeda\u017cy urz\u0105dze\u0144 na rynku UE<\/li>\n<li><strong>Gwarancja na alkomat Alkohit X600: do 6 lat*<\/strong><\/li>\n<li><strong>Gwarancja na sensor elektrochemiczny: do 3 lat*<\/strong><\/li>\n<\/ul>\n<p style=\"font-weight: 400\">* patrz instrukcja obs\u0142ugi \/ karta gwarancyjna<\/p>\n<p style=\"font-weight: 400\">** dodatkowe p\u0142atne us\u0142ugi:<\/p>\n<ul style=\"font-weight: 400\">\n<li>\u015bwiadectwo wzorcowania<\/li>\n<\/ul>\n<p style=\"font-weight: 400\">Ustniki wraz z Alkohit X600 posiadaj\u0105 rozwi\u0105zanie uniemo\u017cliwiaj\u0105ce zaci\u0105gni\u0119cie si\u0119 powietrzem z alkomatu. W\u00a0dzisiejszych czasach ma to priorytetowe znaczenie ze wzgl\u0119du na r\u00f3\u017cne choroby zaka\u017ane: ptasi\u0105 gryp\u0119, seps\u0119 itp. Zaleta ta jest wa\u017cna dla firm, w kt\u00f3rych systematycznie i codziennie bada si\u0119 pracownik\u00f3w. Daje to pewno\u015b\u0107, \u017ce chory pracownik nie zarazi kolejnych os\u00f3b.<\/p>\n","protected":false},"excerpt":{"rendered":"<p>Alkohit X600 z wbudowan\u0105 drukark\u0105 jest najbardziej zaawansowanym technologicznie analizatorem wydechu z serii alkomat\u00f3w Alkohit \u00ae, kt\u00f3ry na \u017cyczenie Klienta mo\u017ce posiada\u0107 \u015bwiadectwo wzorcowania wydane przez Laboratorium Wzorcuj\u0105ce akredytowane przez Polskie Centrum Akredytacji. Alkohit X600 to dwa alkomaty w jednym urz\u0105dzeniu. 1\/Przesiewowy\u00a0do bada\u0144 masowych bez ustnika. 2\/Dowodowy\u00a0&#8211; bada ilo\u015bciowo na ustniku, natychmiast wydrukuje wynik Alkohit [&hellip;]<\/p>\n","protected":false},"featured_media":676,"comment_status":"open","ping_status":"closed","template":"","meta":{"ocean_post_layout":"","ocean_both_sidebars_style":"","ocean_both_sidebars_content_width":0,"ocean_both_sidebars_sidebars_width":0,"ocean_sidebar":"","ocean_second_sidebar":"","ocean_disable_margins":"enable","ocean_add_body_class":"","ocean_shortcode_before_top_bar":"","ocean_shortcode_after_top_bar":"","ocean_shortcode_before_header":"","ocean_shortcode_after_header":"","ocean_has_shortcode":"","ocean_shortcode_after_title":"","ocean_shortcode_before_footer_widgets":"","ocean_shortcode_after_footer_widgets":"","ocean_shortcode_before_footer_bottom":"","ocean_shortcode_after_footer_bottom":"","ocean_display_top_bar":"default","ocean_display_header":"default","ocean_header_style":"","ocean_center_header_left_menu":"","ocean_custom_header_template":"","ocean_custom_logo":0,"ocean_custom_retina_logo":0,"ocean_custom_logo_max_width":0,"ocean_custom_logo_tablet_max_width":0,"ocean_custom_logo_mobile_max_width":0,"ocean_custom_logo_max_height":0,"ocean_custom_logo_tablet_max_height":0,"ocean_custom_logo_mobile_max_height":0,"ocean_header_custom_menu":"","ocean_menu_typo_font_family":"","ocean_menu_typo_font_subset":"","ocean_menu_typo_font_size":0,"ocean_menu_typo_font_size_tablet":0,"ocean_menu_typo_font_size_mobile":0,"ocean_menu_typo_font_size_unit":"px","ocean_menu_typo_font_weight":"","ocean_menu_typo_font_weight_tablet":"","ocean_menu_typo_font_weight_mobile":"","ocean_menu_typo_transform":"","ocean_menu_typo_transform_tablet":"","ocean_menu_typo_transform_mobile":"","ocean_menu_typo_line_height":0,"ocean_menu_typo_line_height_tablet":0,"ocean_menu_typo_line_height_mobile":0,"ocean_menu_typo_line_height_unit":"","ocean_menu_typo_spacing":0,"ocean_menu_typo_spacing_tablet":0,"ocean_menu_typo_spacing_mobile":0,"ocean_menu_typo_spacing_unit":"","ocean_menu_link_color":"","ocean_menu_link_color_hover":"","ocean_menu_link_color_active":"","ocean_menu_link_background":"","ocean_menu_link_hover_background":"","ocean_menu_link_active_background":"","ocean_menu_social_links_bg":"","ocean_menu_social_hover_links_bg":"","ocean_menu_social_links_color":"","ocean_menu_social_hover_links_color":"","ocean_disable_title":"default","ocean_disable_heading":"default","ocean_post_title":"","ocean_post_subheading":"","ocean_post_title_style":"","ocean_post_title_background_color":"","ocean_post_title_background":0,"ocean_post_title_bg_image_position":"","ocean_post_title_bg_image_attachment":"","ocean_post_title_bg_image_repeat":"","ocean_post_title_bg_image_size":"","ocean_post_title_height":0,"ocean_post_title_bg_overlay":0.5,"ocean_post_title_bg_overlay_color":"","ocean_disable_breadcrumbs":"default","ocean_breadcrumbs_color":"","ocean_breadcrumbs_separator_color":"","ocean_breadcrumbs_links_color":"","ocean_breadcrumbs_links_hover_color":"","ocean_display_footer_widgets":"default","ocean_display_footer_bottom":"default","ocean_custom_footer_template":""},"product_brand":[],"product_cat":[32],"product_tag":[100,101,103,99,102],"class_list":{"0":"post-391","1":"product","2":"type-product","3":"status-publish","4":"has-post-thumbnail","6":"product_cat-alkomaty","7":"product_tag-alkomat-alkohit","8":"product_tag-alkomat-alkohit-x100","9":"product_tag-alkomat-bezustnikowy","10":"product_tag-alkomat-dowodowy","11":"product_tag-alkomat-skalibrowany","13":"entry","14":"has-media","16":"first","17":"instock","18":"shipping-taxable","19":"purchasable","20":"product-type-simple","21":"has-product-nav","22":"col","23":"span_1_of_3","24":"owp-content-center","25":"owp-thumbs-layout-horizontal","26":"owp-btn-normal","27":"owp-tabs-layout-horizontal"},"_links":{"self":[{"href":"https:\/\/ustniki.pl\/index.php?rest_route=\/wp\/v2\/product\/391","targetHints":{"allow":["GET"]}}],"collection":[{"href":"https:\/\/ustniki.pl\/index.php?rest_route=\/wp\/v2\/product"}],"about":[{"href":"https:\/\/ustniki.pl\/index.php?rest_route=\/wp\/v2\/types\/product"}],"replies":[{"embeddable":true,"href":"https:\/\/ustniki.pl\/index.php?rest_route=%2Fwp%2Fv2%2Fcomments&post=391"}],"wp:featuredmedia":[{"embeddable":true,"href":"https:\/\/ustniki.pl\/index.php?rest_route=\/wp\/v2\/media\/676"}],"wp:attachment":[{"href":"https:\/\/ustniki.pl\/index.php?rest_route=%2Fwp%2Fv2%2Fmedia&parent=391"}],"wp:term":[{"taxonomy":"product_brand","embeddable":true,"href":"https:\/\/ustniki.pl\/index.php?rest_route=%2Fwp%2Fv2%2Fproduct_brand&post=391"},{"taxonomy":"product_cat","embeddable":true,"href":"https:\/\/ustniki.pl\/index.php?rest_route=%2Fwp%2Fv2%2Fproduct_cat&post=391"},{"taxonomy":"product_tag","embeddable":true,"href":"https:\/\/ustniki.pl\/index.php?rest_route=%2Fwp%2Fv2%2Fproduct_tag&post=391"}],"curies":[{"name":"wp","href":"https:\/\/api.w.org\/{rel}","templated":true}]}}