{"id":1762,"date":"2026-01-28T13:33:36","date_gmt":"2026-01-28T12:33:36","guid":{"rendered":"https:\/\/ustniki.pl\/?post_type=product&#038;p=1762"},"modified":"2026-01-28T14:37:24","modified_gmt":"2026-01-28T13:37:24","slug":"procedura-badania-trzezwosci-pracownikow-dla-twojej-firmy","status":"publish","type":"product","link":"https:\/\/ustniki.pl\/?product=procedura-badania-trzezwosci-pracownikow-dla-twojej-firmy","title":{"rendered":"Procedura  badania  trze\u017awo\u015bci pracownik\u00f3w dla Twojej Firmy"},"content":{"rendered":"<h3 data-start=\"169\" data-end=\"239\">\ud83d\udcc4 Indywidualne procedury bada\u0144 trze\u017awo\u015bci \u2013 zgodne z prawem 2023+<\/h3>\n<p data-start=\"241\" data-end=\"430\">Przygotowujemy <strong data-start=\"256\" data-end=\"353\">indywidualne procedury bada\u0144 trze\u017awo\u015bci i obecno\u015bci \u015brodk\u00f3w dzia\u0142aj\u0105cych podobnie do alkoholu<\/strong>, dopasowane do <strong data-start=\"369\" data-end=\"429\">specyfiki konkretnej firmy, jej bran\u017cy i stanowisk pracy<\/strong>.<\/p>\n<p data-start=\"432\" data-end=\"448\">Nasze procedury:<\/p>\n<ul data-start=\"449\" data-end=\"684\">\n<li data-start=\"449\" data-end=\"501\">\n<p data-start=\"451\" data-end=\"501\">\u2705 s\u0105 zgodne z <strong data-start=\"465\" data-end=\"473\">RODO<\/strong> (ochrona danych osobowych),<\/p>\n<\/li>\n<li data-start=\"502\" data-end=\"536\">\n<p data-start=\"504\" data-end=\"536\">\u2705 uwzgl\u0119dniaj\u0105 <strong data-start=\"519\" data-end=\"535\">Kodeks pracy<\/strong>,<\/p>\n<\/li>\n<li data-start=\"537\" data-end=\"603\">\n<p data-start=\"539\" data-end=\"603\">\u2705 odpowiadaj\u0105 na <strong data-start=\"556\" data-end=\"602\">zmiany przepis\u00f3w obowi\u0105zuj\u0105ce od 2023 roku<\/strong>,<\/p>\n<\/li>\n<li data-start=\"604\" data-end=\"684\">\n<p data-start=\"606\" data-end=\"684\">\u2705 jasno okre\u015blaj\u0105 zasady, uprawnienia i obowi\u0105zki pracodawcy oraz pracownik\u00f3w.<\/p>\n<\/li>\n<\/ul>\n<p data-start=\"686\" data-end=\"855\">Dokumenty opracowujemy praktycznie i czytelnie \u2013 tak, aby <strong data-start=\"744\" data-end=\"786\">realnie wspiera\u0142y bezpiecze\u0144stwo pracy<\/strong>, ogranicza\u0142y ryzyka prawne i by\u0142y gotowe do wdro\u017cenia w organizacji.<\/p>\n","protected":false},"excerpt":{"rendered":"<p>\ud83d\udcc4 Indywidualne procedury bada\u0144 trze\u017awo\u015bci \u2013 zgodne z prawem 2023+ Przygotowujemy indywidualne procedury bada\u0144 trze\u017awo\u015bci i obecno\u015bci \u015brodk\u00f3w dzia\u0142aj\u0105cych podobnie do alkoholu, dopasowane do specyfiki konkretnej firmy, jej bran\u017cy i stanowisk pracy. Nasze procedury: \u2705 s\u0105 zgodne z RODO (ochrona danych osobowych), \u2705 uwzgl\u0119dniaj\u0105 Kodeks pracy, \u2705 odpowiadaj\u0105 na zmiany przepis\u00f3w obowi\u0105zuj\u0105ce od 2023 roku, [&hellip;]<\/p>\n","protected":false},"featured_media":1763,"comment_status":"closed","ping_status":"closed","template":"","meta":{"ocean_post_layout":"","ocean_both_sidebars_style":"","ocean_both_sidebars_content_width":0,"ocean_both_sidebars_sidebars_width":0,"ocean_sidebar":"","ocean_second_sidebar":"","ocean_disable_margins":"enable","ocean_add_body_class":"","ocean_shortcode_before_top_bar":"","ocean_shortcode_after_top_bar":"","ocean_shortcode_before_header":"","ocean_shortcode_after_header":"","ocean_has_shortcode":"","ocean_shortcode_after_title":"","ocean_shortcode_before_footer_widgets":"","ocean_shortcode_after_footer_widgets":"","ocean_shortcode_before_footer_bottom":"","ocean_shortcode_after_footer_bottom":"","ocean_display_top_bar":"default","ocean_display_header":"default","ocean_header_style":"","ocean_center_header_left_menu":"","ocean_custom_header_template":"","ocean_custom_logo":0,"ocean_custom_retina_logo":0,"ocean_custom_logo_max_width":0,"ocean_custom_logo_tablet_max_width":0,"ocean_custom_logo_mobile_max_width":0,"ocean_custom_logo_max_height":0,"ocean_custom_logo_tablet_max_height":0,"ocean_custom_logo_mobile_max_height":0,"ocean_header_custom_menu":"","ocean_menu_typo_font_family":"","ocean_menu_typo_font_subset":"","ocean_menu_typo_font_size":0,"ocean_menu_typo_font_size_tablet":0,"ocean_menu_typo_font_size_mobile":0,"ocean_menu_typo_font_size_unit":"px","ocean_menu_typo_font_weight":"","ocean_menu_typo_font_weight_tablet":"","ocean_menu_typo_font_weight_mobile":"","ocean_menu_typo_transform":"","ocean_menu_typo_transform_tablet":"","ocean_menu_typo_transform_mobile":"","ocean_menu_typo_line_height":0,"ocean_menu_typo_line_height_tablet":0,"ocean_menu_typo_line_height_mobile":0,"ocean_menu_typo_line_height_unit":"","ocean_menu_typo_spacing":0,"ocean_menu_typo_spacing_tablet":0,"ocean_menu_typo_spacing_mobile":0,"ocean_menu_typo_spacing_unit":"","ocean_menu_link_color":"","ocean_menu_link_color_hover":"","ocean_menu_link_color_active":"","ocean_menu_link_background":"","ocean_menu_link_hover_background":"","ocean_menu_link_active_background":"","ocean_menu_social_links_bg":"","ocean_menu_social_hover_links_bg":"","ocean_menu_social_links_color":"","ocean_menu_social_hover_links_color":"","ocean_disable_title":"default","ocean_disable_heading":"default","ocean_post_title":"","ocean_post_subheading":"","ocean_post_title_style":"","ocean_post_title_background_color":"","ocean_post_title_background":0,"ocean_post_title_bg_image_position":"","ocean_post_title_bg_image_attachment":"","ocean_post_title_bg_image_repeat":"","ocean_post_title_bg_image_size":"","ocean_post_title_height":0,"ocean_post_title_bg_overlay":0.5,"ocean_post_title_bg_overlay_color":"","ocean_disable_breadcrumbs":"default","ocean_breadcrumbs_color":"","ocean_breadcrumbs_separator_color":"","ocean_breadcrumbs_links_color":"","ocean_breadcrumbs_links_hover_color":"","ocean_display_footer_widgets":"default","ocean_display_footer_bottom":"default","ocean_custom_footer_template":""},"product_brand":[],"product_cat":[41,15],"product_tag":[131,127,132],"class_list":{"0":"post-1762","1":"product","2":"type-product","3":"status-publish","4":"has-post-thumbnail","6":"product_cat-akcesoria","7":"product_cat-bez-kategorii","8":"product_tag-badania-trzezwosci","9":"product_tag-procedura","10":"product_tag-procedury-badan-trzezwosci","12":"entry","13":"has-media","15":"first","16":"instock","17":"shipping-taxable","18":"product-type-simple","19":"has-product-nav","20":"col","21":"span_1_of_3","22":"owp-content-center","23":"owp-thumbs-layout-horizontal","24":"owp-btn-normal","25":"owp-tabs-layout-horizontal","26":"has-no-thumbnails"},"_links":{"self":[{"href":"https:\/\/ustniki.pl\/index.php?rest_route=\/wp\/v2\/product\/1762","targetHints":{"allow":["GET"]}}],"collection":[{"href":"https:\/\/ustniki.pl\/index.php?rest_route=\/wp\/v2\/product"}],"about":[{"href":"https:\/\/ustniki.pl\/index.php?rest_route=\/wp\/v2\/types\/product"}],"replies":[{"embeddable":true,"href":"https:\/\/ustniki.pl\/index.php?rest_route=%2Fwp%2Fv2%2Fcomments&post=1762"}],"wp:featuredmedia":[{"embeddable":true,"href":"https:\/\/ustniki.pl\/index.php?rest_route=\/wp\/v2\/media\/1763"}],"wp:attachment":[{"href":"https:\/\/ustniki.pl\/index.php?rest_route=%2Fwp%2Fv2%2Fmedia&parent=1762"}],"wp:term":[{"taxonomy":"product_brand","embeddable":true,"href":"https:\/\/ustniki.pl\/index.php?rest_route=%2Fwp%2Fv2%2Fproduct_brand&post=1762"},{"taxonomy":"product_cat","embeddable":true,"href":"https:\/\/ustniki.pl\/index.php?rest_route=%2Fwp%2Fv2%2Fproduct_cat&post=1762"},{"taxonomy":"product_tag","embeddable":true,"href":"https:\/\/ustniki.pl\/index.php?rest_route=%2Fwp%2Fv2%2Fproduct_tag&post=1762"}],"curies":[{"name":"wp","href":"https:\/\/api.w.org\/{rel}","templated":true}]}}