{"id":1631,"date":"2025-10-08T10:40:51","date_gmt":"2025-10-08T09:40:51","guid":{"rendered":"https:\/\/ustniki.pl\/?post_type=product&#038;p=1631"},"modified":"2025-10-08T11:43:48","modified_gmt":"2025-10-08T10:43:48","slug":"gra-szkolenie-trzezwe-decyzje","status":"publish","type":"product","link":"https:\/\/ustniki.pl\/?product=gra-szkolenie-trzezwe-decyzje","title":{"rendered":"Gra-szkolenie &#8222;Trze\u017awe decyzje&#8221;"},"content":{"rendered":"<p><strong>\u00a0<\/strong>Zapraszamy do skorzystania ze szkolenia &#8211; gry edukacyjnej \u201eTrze\u017awe decyzje\u201d, stworzonej z my\u015bl\u0105 o budowaniu kultury odpowiedzialno\u015bci, wzajemnego szacunku i bezpiecze\u0144stwa w miejscu pracy.<\/p>\n<p>To innowacyjne narz\u0119dzie wspiera nie tylko profilaktyk\u0119 u\u017cywek, ale tak\u017ce rozwija komunikacj\u0119 w zespole, wzmacnia relacje mi\u0119dzyludzkie i pomaga wdro\u017cy\u0107 firmowe procedury w przyst\u0119pny i anga\u017cuj\u0105cy spos\u00f3b<\/p>\n<ul>\n<li><img fetchpriority=\"high\" decoding=\"async\" class=\"size-medium wp-image-1602 aligncenter\" src=\"http:\/\/ustniki.pl\/wp-content\/uploads\/2025\/07\/trzezwe-dec-123-300x200.png\" alt=\"\" width=\"300\" height=\"200\" srcset=\"https:\/\/ustniki.pl\/wp-content\/uploads\/2025\/07\/trzezwe-dec-123-300x200.png 300w, https:\/\/ustniki.pl\/wp-content\/uploads\/2025\/07\/trzezwe-dec-123-1024x683.png 1024w, https:\/\/ustniki.pl\/wp-content\/uploads\/2025\/07\/trzezwe-dec-123-768x512.png 768w, https:\/\/ustniki.pl\/wp-content\/uploads\/2025\/07\/trzezwe-dec-123-433x289.png 433w, https:\/\/ustniki.pl\/wp-content\/uploads\/2025\/07\/trzezwe-dec-123.png 1536w\" sizes=\"(max-width: 300px) 100vw, 300px\" \/><\/li>\n<\/ul>\n<p>Gra zosta\u0142a opracowana zgodnie z aktualnymi przepisami prawa i sprawdzona w wielu bran\u017cach \u2013 od produkcji po us\u0142ugi. To proste, skuteczne i pozytywnie odbierane narz\u0119dzie, kt\u00f3re \u0142\u0105czy edukacj\u0119 z integracj\u0105.<\/p>\n<p>Zainwestuj w zdrow\u0105 atmosfer\u0119 pracy \u2013 zacznij od dobrej rozmowy.<\/p>\n<p><img decoding=\"async\" class=\"size-medium wp-image-1559 aligncenter\" src=\"http:\/\/ustniki.pl\/wp-content\/uploads\/2025\/07\/file_00000000d4dc61f49590f7d533d0a14e-300x300.png\" alt=\"\" width=\"300\" height=\"300\" srcset=\"https:\/\/ustniki.pl\/wp-content\/uploads\/2025\/07\/file_00000000d4dc61f49590f7d533d0a14e-300x300.png 300w, https:\/\/ustniki.pl\/wp-content\/uploads\/2025\/07\/file_00000000d4dc61f49590f7d533d0a14e-150x150.png 150w, https:\/\/ustniki.pl\/wp-content\/uploads\/2025\/07\/file_00000000d4dc61f49590f7d533d0a14e-768x768.png 768w, https:\/\/ustniki.pl\/wp-content\/uploads\/2025\/07\/file_00000000d4dc61f49590f7d533d0a14e-600x600.png 600w, https:\/\/ustniki.pl\/wp-content\/uploads\/2025\/07\/file_00000000d4dc61f49590f7d533d0a14e-433x433.png 433w, https:\/\/ustniki.pl\/wp-content\/uploads\/2025\/07\/file_00000000d4dc61f49590f7d533d0a14e-100x100.png 100w, https:\/\/ustniki.pl\/wp-content\/uploads\/2025\/07\/file_00000000d4dc61f49590f7d533d0a14e.png 1024w\" sizes=\"(max-width: 300px) 100vw, 300px\" \/><\/p>\n<p><strong>Zadbaj o bezpiecze\u0144stwo, relacje i odpowiedzialno\u015b\u0107 \u2013 w anga\u017cuj\u0105cy spos\u00f3b.\u00a0<\/strong><\/p>\n","protected":false},"excerpt":{"rendered":"<p>\u00a0Zapraszamy do skorzystania ze szkolenia &#8211; gry edukacyjnej \u201eTrze\u017awe decyzje\u201d, stworzonej z my\u015bl\u0105 o budowaniu kultury odpowiedzialno\u015bci, wzajemnego szacunku i bezpiecze\u0144stwa w miejscu pracy. To innowacyjne narz\u0119dzie wspiera nie tylko profilaktyk\u0119 u\u017cywek, ale tak\u017ce rozwija komunikacj\u0119 w zespole, wzmacnia relacje mi\u0119dzyludzkie i pomaga wdro\u017cy\u0107 firmowe procedury w przyst\u0119pny i anga\u017cuj\u0105cy spos\u00f3b Gra zosta\u0142a opracowana zgodnie [&hellip;]<\/p>\n","protected":false},"featured_media":1558,"comment_status":"closed","ping_status":"closed","template":"","meta":{"ocean_post_layout":"","ocean_both_sidebars_style":"","ocean_both_sidebars_content_width":0,"ocean_both_sidebars_sidebars_width":0,"ocean_sidebar":"","ocean_second_sidebar":"","ocean_disable_margins":"enable","ocean_add_body_class":"","ocean_shortcode_before_top_bar":"","ocean_shortcode_after_top_bar":"","ocean_shortcode_before_header":"","ocean_shortcode_after_header":"","ocean_has_shortcode":"","ocean_shortcode_after_title":"","ocean_shortcode_before_footer_widgets":"","ocean_shortcode_after_footer_widgets":"","ocean_shortcode_before_footer_bottom":"","ocean_shortcode_after_footer_bottom":"","ocean_display_top_bar":"default","ocean_display_header":"default","ocean_header_style":"","ocean_center_header_left_menu":"","ocean_custom_header_template":"","ocean_custom_logo":0,"ocean_custom_retina_logo":0,"ocean_custom_logo_max_width":0,"ocean_custom_logo_tablet_max_width":0,"ocean_custom_logo_mobile_max_width":0,"ocean_custom_logo_max_height":0,"ocean_custom_logo_tablet_max_height":0,"ocean_custom_logo_mobile_max_height":0,"ocean_header_custom_menu":"","ocean_menu_typo_font_family":"","ocean_menu_typo_font_subset":"","ocean_menu_typo_font_size":0,"ocean_menu_typo_font_size_tablet":0,"ocean_menu_typo_font_size_mobile":0,"ocean_menu_typo_font_size_unit":"px","ocean_menu_typo_font_weight":"","ocean_menu_typo_font_weight_tablet":"","ocean_menu_typo_font_weight_mobile":"","ocean_menu_typo_transform":"","ocean_menu_typo_transform_tablet":"","ocean_menu_typo_transform_mobile":"","ocean_menu_typo_line_height":0,"ocean_menu_typo_line_height_tablet":0,"ocean_menu_typo_line_height_mobile":0,"ocean_menu_typo_line_height_unit":"","ocean_menu_typo_spacing":0,"ocean_menu_typo_spacing_tablet":0,"ocean_menu_typo_spacing_mobile":0,"ocean_menu_typo_spacing_unit":"","ocean_menu_link_color":"","ocean_menu_link_color_hover":"","ocean_menu_link_color_active":"","ocean_menu_link_background":"","ocean_menu_link_hover_background":"","ocean_menu_link_active_background":"","ocean_menu_social_links_bg":"","ocean_menu_social_hover_links_bg":"","ocean_menu_social_links_color":"","ocean_menu_social_hover_links_color":"","ocean_disable_title":"default","ocean_disable_heading":"default","ocean_post_title":"","ocean_post_subheading":"","ocean_post_title_style":"","ocean_post_title_background_color":"","ocean_post_title_background":0,"ocean_post_title_bg_image_position":"","ocean_post_title_bg_image_attachment":"","ocean_post_title_bg_image_repeat":"","ocean_post_title_bg_image_size":"","ocean_post_title_height":0,"ocean_post_title_bg_overlay":0.5,"ocean_post_title_bg_overlay_color":"","ocean_disable_breadcrumbs":"default","ocean_breadcrumbs_color":"","ocean_breadcrumbs_separator_color":"","ocean_breadcrumbs_links_color":"","ocean_breadcrumbs_links_hover_color":"","ocean_display_footer_widgets":"default","ocean_display_footer_bottom":"default","ocean_custom_footer_template":""},"product_brand":[],"product_cat":[39],"product_tag":[128,125,126,111,127,72,124],"class_list":{"0":"post-1631","1":"product","2":"type-product","3":"status-publish","4":"has-post-thumbnail","6":"product_cat-szkolenia","7":"product_tag-badanie","8":"product_tag-gra","9":"product_tag-kultura-trzezwosci-w-pracy","10":"product_tag-narkotesty","11":"product_tag-procedura","12":"product_tag-szkolenie","13":"product_tag-trzezwe-decyzje","15":"entry","16":"has-media","18":"first","19":"onbackorder","20":"shipping-taxable","21":"product-type-simple","22":"has-product-nav","23":"col","24":"span_1_of_3","25":"owp-content-center","26":"owp-thumbs-layout-horizontal","27":"owp-btn-normal","28":"owp-tabs-layout-horizontal"},"_links":{"self":[{"href":"https:\/\/ustniki.pl\/index.php?rest_route=\/wp\/v2\/product\/1631","targetHints":{"allow":["GET"]}}],"collection":[{"href":"https:\/\/ustniki.pl\/index.php?rest_route=\/wp\/v2\/product"}],"about":[{"href":"https:\/\/ustniki.pl\/index.php?rest_route=\/wp\/v2\/types\/product"}],"replies":[{"embeddable":true,"href":"https:\/\/ustniki.pl\/index.php?rest_route=%2Fwp%2Fv2%2Fcomments&post=1631"}],"wp:featuredmedia":[{"embeddable":true,"href":"https:\/\/ustniki.pl\/index.php?rest_route=\/wp\/v2\/media\/1558"}],"wp:attachment":[{"href":"https:\/\/ustniki.pl\/index.php?rest_route=%2Fwp%2Fv2%2Fmedia&parent=1631"}],"wp:term":[{"taxonomy":"product_brand","embeddable":true,"href":"https:\/\/ustniki.pl\/index.php?rest_route=%2Fwp%2Fv2%2Fproduct_brand&post=1631"},{"taxonomy":"product_cat","embeddable":true,"href":"https:\/\/ustniki.pl\/index.php?rest_route=%2Fwp%2Fv2%2Fproduct_cat&post=1631"},{"taxonomy":"product_tag","embeddable":true,"href":"https:\/\/ustniki.pl\/index.php?rest_route=%2Fwp%2Fv2%2Fproduct_tag&post=1631"}],"curies":[{"name":"wp","href":"https:\/\/api.w.org\/{rel}","templated":true}]}}