{"id":1455,"date":"2024-11-25T16:40:16","date_gmt":"2024-11-25T15:40:16","guid":{"rendered":"https:\/\/ustniki.pl\/?post_type=product&#038;p=1455"},"modified":"2026-01-21T19:23:56","modified_gmt":"2026-01-21T18:23:56","slug":"wynajem-alkomatow-i-blokad-alkoholowych-do-zakladow-pracy","status":"publish","type":"product","link":"https:\/\/ustniki.pl\/?product=wynajem-alkomatow-i-blokad-alkoholowych-do-zakladow-pracy","title":{"rendered":"Wynajem alkomat\u00f3w i blokad alkoholowych do zak\u0142ad\u00f3w pracy"},"content":{"rendered":"<p>Obecnie uruchamiamy wynajmowanie czasowe alkomat\u00f3w stacjonarnych i mobilnych zintegrowanych z automatycznym systemem zarz\u0105dzania i informowania pracodawc\u00f3w poprzez sms lub e- mail o usi\u0142owaniu podj\u0119cia pracy po u\u017cyciu lub pod wp\u0142ywem alkoholu\u00a0 a przy po\u0142\u0105czeniu z bramkami system nie pozwoli na wej\u015bcie do firmy.<\/p>\n<p>Aplikacja kt\u00f3ra obs\u0142uguje system blokady mo\u017ce by\u0107 poszerzona\u00a0 o dodatkowe us\u0142ugi.<\/p>\n<p>Minimalny czas wynajmu systemu to 6 miesi\u0119cy.<\/p>\n<p>koszt wynajmu systemu ( 1 punkt) podstawowego to oko\u0142o 850 z\u0142 netto.<\/p>\n<p>Szkolenie administratora w firmie trwa od 0,5 do 1 h.<\/p>\n<p>Baz\u0119 danych my tworzymy po przes\u0142aniu nam formularza kt\u00f3ry otrzymuje klient wcze\u015bniej.<\/p>\n<p>Urz\u0105dzenie jest wzorcowane PCA i\u00a0 badanie nim mo\u017ce stanowi\u0107 dow\u00f3d.<\/p>\n<p>Wynajmujemy r\u00f3wnie\u017c\u00a0 alkomaty dowodowe zast\u0119pcze na czas wzorcowania.<\/p>\n<p>Wynajmujemy alkomaty dowodowe wraz z\u00a0 osob\u0105 ,odpowiedzialn\u0105 &#8211; przeszkolon\u0105 do prowadzenia bada\u0144\u00a0 tak\u017ce na imprezach, inventach.<\/p>\n","protected":false},"excerpt":{"rendered":"<p>Obecnie uruchamiamy wynajmowanie czasowe alkomat\u00f3w stacjonarnych i mobilnych zintegrowanych z automatycznym systemem zarz\u0105dzania i informowania pracodawc\u00f3w poprzez sms lub e- mail o usi\u0142owaniu podj\u0119cia pracy po u\u017cyciu lub pod wp\u0142ywem alkoholu\u00a0 a przy po\u0142\u0105czeniu z bramkami system nie pozwoli na wej\u015bcie do firmy. Aplikacja kt\u00f3ra obs\u0142uguje system blokady mo\u017ce by\u0107 poszerzona\u00a0 o dodatkowe us\u0142ugi. Minimalny [&hellip;]<\/p>\n","protected":false},"featured_media":1369,"comment_status":"closed","ping_status":"closed","template":"","meta":{"ocean_post_layout":"","ocean_both_sidebars_style":"","ocean_both_sidebars_content_width":0,"ocean_both_sidebars_sidebars_width":0,"ocean_sidebar":"","ocean_second_sidebar":"","ocean_disable_margins":"enable","ocean_add_body_class":"","ocean_shortcode_before_top_bar":"","ocean_shortcode_after_top_bar":"","ocean_shortcode_before_header":"","ocean_shortcode_after_header":"","ocean_has_shortcode":"","ocean_shortcode_after_title":"","ocean_shortcode_before_footer_widgets":"","ocean_shortcode_after_footer_widgets":"","ocean_shortcode_before_footer_bottom":"","ocean_shortcode_after_footer_bottom":"","ocean_display_top_bar":"default","ocean_display_header":"default","ocean_header_style":"","ocean_center_header_left_menu":"","ocean_custom_header_template":"","ocean_custom_logo":0,"ocean_custom_retina_logo":0,"ocean_custom_logo_max_width":0,"ocean_custom_logo_tablet_max_width":0,"ocean_custom_logo_mobile_max_width":0,"ocean_custom_logo_max_height":0,"ocean_custom_logo_tablet_max_height":0,"ocean_custom_logo_mobile_max_height":0,"ocean_header_custom_menu":"","ocean_menu_typo_font_family":"","ocean_menu_typo_font_subset":"","ocean_menu_typo_font_size":0,"ocean_menu_typo_font_size_tablet":0,"ocean_menu_typo_font_size_mobile":0,"ocean_menu_typo_font_size_unit":"px","ocean_menu_typo_font_weight":"","ocean_menu_typo_font_weight_tablet":"","ocean_menu_typo_font_weight_mobile":"","ocean_menu_typo_transform":"","ocean_menu_typo_transform_tablet":"","ocean_menu_typo_transform_mobile":"","ocean_menu_typo_line_height":0,"ocean_menu_typo_line_height_tablet":0,"ocean_menu_typo_line_height_mobile":0,"ocean_menu_typo_line_height_unit":"","ocean_menu_typo_spacing":0,"ocean_menu_typo_spacing_tablet":0,"ocean_menu_typo_spacing_mobile":0,"ocean_menu_typo_spacing_unit":"","ocean_menu_link_color":"","ocean_menu_link_color_hover":"","ocean_menu_link_color_active":"","ocean_menu_link_background":"","ocean_menu_link_hover_background":"","ocean_menu_link_active_background":"","ocean_menu_social_links_bg":"","ocean_menu_social_hover_links_bg":"","ocean_menu_social_links_color":"","ocean_menu_social_hover_links_color":"","ocean_disable_title":"default","ocean_disable_heading":"default","ocean_post_title":"","ocean_post_subheading":"","ocean_post_title_style":"","ocean_post_title_background_color":"","ocean_post_title_background":0,"ocean_post_title_bg_image_position":"","ocean_post_title_bg_image_attachment":"","ocean_post_title_bg_image_repeat":"","ocean_post_title_bg_image_size":"","ocean_post_title_height":0,"ocean_post_title_bg_overlay":0.5,"ocean_post_title_bg_overlay_color":"","ocean_disable_breadcrumbs":"default","ocean_breadcrumbs_color":"","ocean_breadcrumbs_separator_color":"","ocean_breadcrumbs_links_color":"","ocean_breadcrumbs_links_hover_color":"","ocean_display_footer_widgets":"default","ocean_display_footer_bottom":"default","ocean_custom_footer_template":""},"product_brand":[],"product_cat":[32],"product_tag":[130,129],"class_list":{"0":"post-1455","1":"product","2":"type-product","3":"status-publish","4":"has-post-thumbnail","6":"product_cat-alkomaty","7":"product_tag-wynajem-alkomatow","8":"product_tag-wypozyczanie-alkomatow","10":"entry","11":"has-media","13":"first","14":"instock","15":"shipping-taxable","16":"product-type-simple","17":"has-product-nav","18":"col","19":"span_1_of_3","20":"owp-content-center","21":"owp-thumbs-layout-horizontal","22":"owp-btn-normal","23":"owp-tabs-layout-horizontal"},"_links":{"self":[{"href":"https:\/\/ustniki.pl\/index.php?rest_route=\/wp\/v2\/product\/1455","targetHints":{"allow":["GET"]}}],"collection":[{"href":"https:\/\/ustniki.pl\/index.php?rest_route=\/wp\/v2\/product"}],"about":[{"href":"https:\/\/ustniki.pl\/index.php?rest_route=\/wp\/v2\/types\/product"}],"replies":[{"embeddable":true,"href":"https:\/\/ustniki.pl\/index.php?rest_route=%2Fwp%2Fv2%2Fcomments&post=1455"}],"wp:featuredmedia":[{"embeddable":true,"href":"https:\/\/ustniki.pl\/index.php?rest_route=\/wp\/v2\/media\/1369"}],"wp:attachment":[{"href":"https:\/\/ustniki.pl\/index.php?rest_route=%2Fwp%2Fv2%2Fmedia&parent=1455"}],"wp:term":[{"taxonomy":"product_brand","embeddable":true,"href":"https:\/\/ustniki.pl\/index.php?rest_route=%2Fwp%2Fv2%2Fproduct_brand&post=1455"},{"taxonomy":"product_cat","embeddable":true,"href":"https:\/\/ustniki.pl\/index.php?rest_route=%2Fwp%2Fv2%2Fproduct_cat&post=1455"},{"taxonomy":"product_tag","embeddable":true,"href":"https:\/\/ustniki.pl\/index.php?rest_route=%2Fwp%2Fv2%2Fproduct_tag&post=1455"}],"curies":[{"name":"wp","href":"https:\/\/api.w.org\/{rel}","templated":true}]}}