{"id":1426,"date":"2024-09-30T08:38:39","date_gmt":"2024-09-30T07:38:39","guid":{"rendered":"https:\/\/ustniki.pl\/?post_type=product&#038;p=1426"},"modified":"2025-02-08T15:28:53","modified_gmt":"2025-02-08T14:28:53","slug":"edyr","status":"publish","type":"product","link":"https:\/\/ustniki.pl\/?product=edyr","title":{"rendered":"EDyR Zautomatyzowane badania trze\u017awo\u015bci pracownik\u00f3w"},"content":{"rendered":"<p><strong>\u00a0 \u00a0 \u00a0 \u00a0 \u00a0 \u00a0 \u00a0 \u00a0 \u00a0 \u00a0 \u00a0 \u00a0 \u00a0 \u00a0 \u00a0 Urz\u0105dzenia do zautomatyzowanych\u00a0 bada\u0144 trze\u017awo\u015bc<\/strong>i.<\/p>\n<p>Posiadamy kilka rozwi\u0105za\u0144: od prostych kt\u00f3re sprawdzaj\u0105 ilo\u015b\u0107 alkoholu w wydychanym powietrzu i informuj\u0105 nadz\u00f3r i badanego o przekroczeniu limitu jaki pracodawca ustali\u0142 np. 0,2 promila po rozszerzone aplikacje o modu\u0142y RCP, BHP, KD. i inne kt\u00f3re firma chce przekaza\u0107 pracownikowi czy tez osobie kt\u00f3ra wchodzi na teren firmy.<\/p>\n<p>&nbsp;<\/p>\n<p><strong>\u00a0 \u00a0 \u00a0 \u00a0 \u00a0 \u00a0 \u00a0 \u00a0 \u00a0 \u00a0 \u00a0 \u00a0 \u00a0 \u00a0 \u00a0 \u00a0 \u00a0 \u00a0 \u00a0 \u00a0 \u00a0 \u00a0 Elektroniczny Dyspozytor Ruchu EDyR<\/strong><\/p>\n<p><strong>\u00a0To \u00a0urz\u0105dzenie<\/strong> zast\u0119puj\u0105ce dyspozytora, wydaje klucze do aut, dokumenty i sprawdza\/bada trze\u017awo\u015b\u0107 kierowc\u00f3w przed wydaniem kluczy i rozpocz\u0119ciem pracy.<\/p>\n<p>Urz\u0105dzenie poprzez odczyt karty RFID lub wpisaniu swojego kodu w inny spos\u00f3b\u2026.. \u00a0rozpoznaje osob\u0119 kt\u00f3ra prosi o wydanie kluczy, dokument\u00f3w do auta lub innych warto\u015bciowych rzeczy.<\/p>\n<p>Przed otwarciem skrytki sprawdza trze\u017awo\u015b\u0107 oraz rejestruje wszystkie czynno\u015bci wraz z godzin\u0105 pobrania jak te\u017c zdania pojazdu lub inne zaprogramowane zdarzenia.<\/p>\n<p>Rozwi\u0105zanie jest dedykowane ma\u0142ym i du\u017cym firmom transportowym.\u00a0 Zast\u0119puje dyspozytora ruchu w mniejszych firmach a w du\u017cych zazwyczaj wspiera dyspozytora\u00a0 w godzinach porannych, szczytu kiedy to jest najwi\u0119kszy ruch i cz\u0119\u015b\u0107 pracownik\u00f3w\u00a0 (wskazan\u0105 przez pracodawc\u0119) \u00a0przejmuj\u0119 EDyR .<\/p>\n<p>Cena zale\u017cna od ilo\u015bci schowk\u00f3w .<\/p>\n<p>Montujemy zestawy od 10, 20 ,30 ,40 , 50 do\u00a0 100 lub wi\u0119cej\u00a0 schowk\u00f3w.<\/p>\n<p>Na zdj\u0119ciu widok urz\u0105dzenia na 20 skrytek. W tym rozwi\u0105zaniu\u00a0 skrytka ma pojemno\u015b\u0107 ( gdzie mie\u015bci si\u0119 segregator oraz miejsce na kluczyki\u00a0 i inne drobne rzeczy.<\/p>\n<p>Czas oczekiwania na EDyR\u00a0 wraz z monta\u017cem to oko\u0142o 60 dni.<\/p>\n<p>Szkolenie z obs\u0142ugi urz\u0105dzenia trwa oko\u0142o 1 h . Obs\u0142uga jest prosta intuicyjna.<\/p>\n<p>Urz\u0105dzeniem mo\u017cna zarz\u0105dza\u0107 zdalnie poprzez sie\u0107.<\/p>\n<p>EDyR posiada\u00a0 zasilanie awaryjne z akumulatora ( standardowo 1h z mo\u017cliwo\u015bci\u0105 poszerzenia do kilku godzin).<\/p>\n<p>Jest te\u017c mo\u017cliwo\u015b\u0107 otwarcia szafek z pozycji administratora kluczykiem serwisowym ( Wszystkie takie czynno\u015bci s\u0105 rejestrowane).<\/p>\n<p>Zapytaj o cen\u0119.<\/p>\n","protected":false},"excerpt":{"rendered":"<p>\u00a0 \u00a0 \u00a0 \u00a0 \u00a0 \u00a0 \u00a0 \u00a0 \u00a0 \u00a0 \u00a0 \u00a0 \u00a0 \u00a0 \u00a0 Urz\u0105dzenia do zautomatyzowanych\u00a0 bada\u0144 trze\u017awo\u015bci. Posiadamy kilka rozwi\u0105za\u0144: od prostych kt\u00f3re sprawdzaj\u0105 ilo\u015b\u0107 alkoholu w wydychanym powietrzu i informuj\u0105 nadz\u00f3r i badanego o przekroczeniu limitu jaki pracodawca ustali\u0142 np. 0,2 promila po rozszerzone aplikacje o modu\u0142y RCP, BHP, KD. i [&hellip;]<\/p>\n","protected":false},"featured_media":1425,"comment_status":"closed","ping_status":"closed","template":"","meta":{"ocean_post_layout":"","ocean_both_sidebars_style":"","ocean_both_sidebars_content_width":0,"ocean_both_sidebars_sidebars_width":0,"ocean_sidebar":"","ocean_second_sidebar":"","ocean_disable_margins":"enable","ocean_add_body_class":"","ocean_shortcode_before_top_bar":"","ocean_shortcode_after_top_bar":"","ocean_shortcode_before_header":"","ocean_shortcode_after_header":"","ocean_has_shortcode":"","ocean_shortcode_after_title":"","ocean_shortcode_before_footer_widgets":"","ocean_shortcode_after_footer_widgets":"","ocean_shortcode_before_footer_bottom":"","ocean_shortcode_after_footer_bottom":"","ocean_display_top_bar":"default","ocean_display_header":"default","ocean_header_style":"","ocean_center_header_left_menu":"","ocean_custom_header_template":"","ocean_custom_logo":0,"ocean_custom_retina_logo":0,"ocean_custom_logo_max_width":0,"ocean_custom_logo_tablet_max_width":0,"ocean_custom_logo_mobile_max_width":0,"ocean_custom_logo_max_height":0,"ocean_custom_logo_tablet_max_height":0,"ocean_custom_logo_mobile_max_height":0,"ocean_header_custom_menu":"","ocean_menu_typo_font_family":"","ocean_menu_typo_font_subset":"","ocean_menu_typo_font_size":0,"ocean_menu_typo_font_size_tablet":0,"ocean_menu_typo_font_size_mobile":0,"ocean_menu_typo_font_size_unit":"px","ocean_menu_typo_font_weight":"","ocean_menu_typo_font_weight_tablet":"","ocean_menu_typo_font_weight_mobile":"","ocean_menu_typo_transform":"","ocean_menu_typo_transform_tablet":"","ocean_menu_typo_transform_mobile":"","ocean_menu_typo_line_height":0,"ocean_menu_typo_line_height_tablet":0,"ocean_menu_typo_line_height_mobile":0,"ocean_menu_typo_line_height_unit":"","ocean_menu_typo_spacing":0,"ocean_menu_typo_spacing_tablet":0,"ocean_menu_typo_spacing_mobile":0,"ocean_menu_typo_spacing_unit":"","ocean_menu_link_color":"","ocean_menu_link_color_hover":"","ocean_menu_link_color_active":"","ocean_menu_link_background":"","ocean_menu_link_hover_background":"","ocean_menu_link_active_background":"","ocean_menu_social_links_bg":"","ocean_menu_social_hover_links_bg":"","ocean_menu_social_links_color":"","ocean_menu_social_hover_links_color":"","ocean_disable_title":"default","ocean_disable_heading":"default","ocean_post_title":"","ocean_post_subheading":"","ocean_post_title_style":"","ocean_post_title_background_color":"","ocean_post_title_background":0,"ocean_post_title_bg_image_position":"","ocean_post_title_bg_image_attachment":"","ocean_post_title_bg_image_repeat":"","ocean_post_title_bg_image_size":"","ocean_post_title_height":0,"ocean_post_title_bg_overlay":0.5,"ocean_post_title_bg_overlay_color":"","ocean_disable_breadcrumbs":"default","ocean_breadcrumbs_color":"","ocean_breadcrumbs_separator_color":"","ocean_breadcrumbs_links_color":"","ocean_breadcrumbs_links_hover_color":"","ocean_display_footer_widgets":"default","ocean_display_footer_bottom":"default","ocean_custom_footer_template":""},"product_brand":[],"product_cat":[32],"product_tag":[43,121,122,120],"class_list":{"0":"post-1426","1":"product","2":"type-product","3":"status-publish","4":"has-post-thumbnail","6":"product_cat-alkomaty","7":"product_tag-alkomat","8":"product_tag-depozytor","9":"product_tag-dyspozytor","10":"product_tag-edyr","12":"entry","13":"has-media","15":"first","16":"onbackorder","17":"shipping-taxable","18":"product-type-simple","19":"has-product-nav","20":"col","21":"span_1_of_3","22":"owp-content-center","23":"owp-thumbs-layout-horizontal","24":"owp-btn-normal","25":"owp-tabs-layout-horizontal"},"_links":{"self":[{"href":"https:\/\/ustniki.pl\/index.php?rest_route=\/wp\/v2\/product\/1426","targetHints":{"allow":["GET"]}}],"collection":[{"href":"https:\/\/ustniki.pl\/index.php?rest_route=\/wp\/v2\/product"}],"about":[{"href":"https:\/\/ustniki.pl\/index.php?rest_route=\/wp\/v2\/types\/product"}],"replies":[{"embeddable":true,"href":"https:\/\/ustniki.pl\/index.php?rest_route=%2Fwp%2Fv2%2Fcomments&post=1426"}],"wp:featuredmedia":[{"embeddable":true,"href":"https:\/\/ustniki.pl\/index.php?rest_route=\/wp\/v2\/media\/1425"}],"wp:attachment":[{"href":"https:\/\/ustniki.pl\/index.php?rest_route=%2Fwp%2Fv2%2Fmedia&parent=1426"}],"wp:term":[{"taxonomy":"product_brand","embeddable":true,"href":"https:\/\/ustniki.pl\/index.php?rest_route=%2Fwp%2Fv2%2Fproduct_brand&post=1426"},{"taxonomy":"product_cat","embeddable":true,"href":"https:\/\/ustniki.pl\/index.php?rest_route=%2Fwp%2Fv2%2Fproduct_cat&post=1426"},{"taxonomy":"product_tag","embeddable":true,"href":"https:\/\/ustniki.pl\/index.php?rest_route=%2Fwp%2Fv2%2Fproduct_tag&post=1426"}],"curies":[{"name":"wp","href":"https:\/\/api.w.org\/{rel}","templated":true}]}}