{"id":1259,"date":"2023-11-16T16:39:13","date_gmt":"2023-11-16T15:39:13","guid":{"rendered":"https:\/\/ustniki.pl\/?post_type=product&#038;p=1259"},"modified":"2024-04-15T12:05:19","modified_gmt":"2024-04-15T11:05:19","slug":"ustniki-slomkowe-w-otulinie","status":"publish","type":"product","link":"https:\/\/ustniki.pl\/?product=ustniki-slomkowe-w-otulinie","title":{"rendered":"Ustniki S\u0142omkowe 8 groszy zapapierowane karton 6 000 sztuk"},"content":{"rendered":"<p>Ustniki s\u0142omkowe do Al 4000 ora EBS 010 i innych alkomat\u00f3w wykonane z PP w otulinie papierowej, pakowane w worki foliowe\u00a0 po 500 sztuk a nast\u0119pnie 12 sztuk\u00a0 w karton -razem\u00a0 6000 sztuk. <strong>Koszt jednego ustnika to tylko 8 groszy netto.<\/strong><\/p>\n<p>Szeroko\u015b\u0107 ustnika\u00a0 6 mm d\u0142ugo\u015b\u0107 210 mm. Dodatkowo jest mo\u017cliwo\u015b\u0107 nadruku na opakowaniu ka\u017cdego ustnika np. nazwy firmy, has\u0142a motywuj\u0105cego pracownika itd. Ustnik jest ch\u0119tnie u\u017cywany przez pracodawc\u00f3w i pracownik\u00f3w\u00a0 a szczeg\u00f3lnie podczas zagro\u017ce\u0144 chorobami w okresie jesieni i zimowym dla unikni\u0119cia zaka\u017ce\u0144 podczas bada\u0144 przesiewowych tzw. &#8222;pa\u0142kami&#8221;- urz\u0105dzeniami bezustnikowymi. Przypomn\u0119 i\u017c w czasie covidu\u00a0 GIS (G\u0142\u00f3wny Inspektorat Sanitarny)\u00a0\u00a0nie da\u0142 gwarancji i\u017c badanie &#8222;pa\u0142kami&#8221; jest bezpieczne i z tego powodu wszystkie urz\u0105dzenia przesiewowe wyl\u0105dowa\u0142y na p\u00f3\u0142kach w magazynach. Ustnik jednorazowy zabezpiecza badanego i badaj\u0105cego.<strong> Kilkugroszowy koszt u\u017cycia ustnika s\u0142omkowego zach\u0119ca do prowadzenia bada\u0144 prewencyjnych jak te\u017c do samokontroli pracownik\u00f3w.<\/strong><\/p>\n","protected":false},"excerpt":{"rendered":"<p>Ustniki s\u0142omkowe do Al 4000 ora EBS 010 i innych alkomat\u00f3w wykonane z PP w otulinie papierowej, pakowane w worki foliowe\u00a0 po 500 sztuk a nast\u0119pnie 12 sztuk\u00a0 w karton -razem\u00a0 6000 sztuk. Koszt jednego ustnika to tylko 8 groszy netto. Szeroko\u015b\u0107 ustnika\u00a0 6 mm d\u0142ugo\u015b\u0107 210 mm. Dodatkowo jest mo\u017cliwo\u015b\u0107 nadruku na opakowaniu ka\u017cdego [&hellip;]<\/p>\n","protected":false},"featured_media":1361,"comment_status":"closed","ping_status":"closed","template":"","meta":{"ocean_post_layout":"","ocean_both_sidebars_style":"","ocean_both_sidebars_content_width":0,"ocean_both_sidebars_sidebars_width":0,"ocean_sidebar":"","ocean_second_sidebar":"","ocean_disable_margins":"enable","ocean_add_body_class":"","ocean_shortcode_before_top_bar":"","ocean_shortcode_after_top_bar":"","ocean_shortcode_before_header":"","ocean_shortcode_after_header":"","ocean_has_shortcode":"","ocean_shortcode_after_title":"","ocean_shortcode_before_footer_widgets":"","ocean_shortcode_after_footer_widgets":"","ocean_shortcode_before_footer_bottom":"","ocean_shortcode_after_footer_bottom":"","ocean_display_top_bar":"default","ocean_display_header":"default","ocean_header_style":"","ocean_center_header_left_menu":"","ocean_custom_header_template":"","ocean_custom_logo":0,"ocean_custom_retina_logo":0,"ocean_custom_logo_max_width":0,"ocean_custom_logo_tablet_max_width":0,"ocean_custom_logo_mobile_max_width":0,"ocean_custom_logo_max_height":0,"ocean_custom_logo_tablet_max_height":0,"ocean_custom_logo_mobile_max_height":0,"ocean_header_custom_menu":"","ocean_menu_typo_font_family":"","ocean_menu_typo_font_subset":"","ocean_menu_typo_font_size":0,"ocean_menu_typo_font_size_tablet":0,"ocean_menu_typo_font_size_mobile":0,"ocean_menu_typo_font_size_unit":"px","ocean_menu_typo_font_weight":"","ocean_menu_typo_font_weight_tablet":"","ocean_menu_typo_font_weight_mobile":"","ocean_menu_typo_transform":"","ocean_menu_typo_transform_tablet":"","ocean_menu_typo_transform_mobile":"","ocean_menu_typo_line_height":0,"ocean_menu_typo_line_height_tablet":0,"ocean_menu_typo_line_height_mobile":0,"ocean_menu_typo_line_height_unit":"","ocean_menu_typo_spacing":0,"ocean_menu_typo_spacing_tablet":0,"ocean_menu_typo_spacing_mobile":0,"ocean_menu_typo_spacing_unit":"","ocean_menu_link_color":"","ocean_menu_link_color_hover":"","ocean_menu_link_color_active":"","ocean_menu_link_background":"","ocean_menu_link_hover_background":"","ocean_menu_link_active_background":"","ocean_menu_social_links_bg":"","ocean_menu_social_hover_links_bg":"","ocean_menu_social_links_color":"","ocean_menu_social_hover_links_color":"","ocean_disable_title":"default","ocean_disable_heading":"default","ocean_post_title":"","ocean_post_subheading":"","ocean_post_title_style":"","ocean_post_title_background_color":"","ocean_post_title_background":0,"ocean_post_title_bg_image_position":"","ocean_post_title_bg_image_attachment":"","ocean_post_title_bg_image_repeat":"","ocean_post_title_bg_image_size":"","ocean_post_title_height":0,"ocean_post_title_bg_overlay":0.5,"ocean_post_title_bg_overlay_color":"","ocean_disable_breadcrumbs":"default","ocean_breadcrumbs_color":"","ocean_breadcrumbs_separator_color":"","ocean_breadcrumbs_links_color":"","ocean_breadcrumbs_links_hover_color":"","ocean_display_footer_widgets":"default","ocean_display_footer_bottom":"default","ocean_custom_footer_template":""},"product_brand":[],"product_cat":[33],"product_tag":[60,113,114,115,86,112],"class_list":{"0":"post-1259","1":"product","2":"type-product","3":"status-publish","4":"has-post-thumbnail","6":"product_cat-ustniki-do-alkomatow","7":"product_tag-ustnik-do-alkomatu","8":"product_tag-ustnik-do-alkomatu-ebs","9":"product_tag-ustnik-slomkowy","10":"product_tag-ustnik-uniwersalny","11":"product_tag-ustnik-zastepczy","12":"product_tag-ustniki","14":"entry","15":"has-media","17":"first","18":"onbackorder","19":"shipping-taxable","20":"purchasable","21":"product-type-simple","22":"has-product-nav","23":"col","24":"span_1_of_3","25":"owp-content-center","26":"owp-thumbs-layout-horizontal","27":"owp-btn-normal","28":"owp-tabs-layout-horizontal"},"_links":{"self":[{"href":"https:\/\/ustniki.pl\/index.php?rest_route=\/wp\/v2\/product\/1259","targetHints":{"allow":["GET"]}}],"collection":[{"href":"https:\/\/ustniki.pl\/index.php?rest_route=\/wp\/v2\/product"}],"about":[{"href":"https:\/\/ustniki.pl\/index.php?rest_route=\/wp\/v2\/types\/product"}],"replies":[{"embeddable":true,"href":"https:\/\/ustniki.pl\/index.php?rest_route=%2Fwp%2Fv2%2Fcomments&post=1259"}],"wp:featuredmedia":[{"embeddable":true,"href":"https:\/\/ustniki.pl\/index.php?rest_route=\/wp\/v2\/media\/1361"}],"wp:attachment":[{"href":"https:\/\/ustniki.pl\/index.php?rest_route=%2Fwp%2Fv2%2Fmedia&parent=1259"}],"wp:term":[{"taxonomy":"product_brand","embeddable":true,"href":"https:\/\/ustniki.pl\/index.php?rest_route=%2Fwp%2Fv2%2Fproduct_brand&post=1259"},{"taxonomy":"product_cat","embeddable":true,"href":"https:\/\/ustniki.pl\/index.php?rest_route=%2Fwp%2Fv2%2Fproduct_cat&post=1259"},{"taxonomy":"product_tag","embeddable":true,"href":"https:\/\/ustniki.pl\/index.php?rest_route=%2Fwp%2Fv2%2Fproduct_tag&post=1259"}],"curies":[{"name":"wp","href":"https:\/\/api.w.org\/{rel}","templated":true}]}}