{"id":1129,"date":"2023-07-03T17:00:10","date_gmt":"2023-07-03T16:00:10","guid":{"rendered":"https:\/\/ustniki.pl\/?post_type=product&#038;p=1129"},"modified":"2023-07-03T17:16:45","modified_gmt":"2023-07-03T16:16:45","slug":"alcosensor-fst-wersja-634-z-pamiecia-800-pomiarow","status":"publish","type":"product","link":"https:\/\/ustniki.pl\/?product=alcosensor-fst-wersja-634-z-pamiecia-800-pomiarow","title":{"rendered":"AlcoSensor\u00a0&#8211; FST wersja  634 z pami\u0119ci\u0105 800 pomiar\u00f3w"},"content":{"rendered":"<p><strong>AlcoSensor\u00a0<\/strong>&#8211; FST \u00a0jest urz\u0105dzeniem dowodowym do bada\u0144 przesiewowych bezustnikowy lub bada dowodowo na ustniku. Spe\u0142nia wymogi normy dla alkomat\u00f3w policyjnych. EN-PN 15964.<br \/>\n<strong>Alco-Sensor<\/strong>\u00a0FST zosta\u0142 zaprojektowany do optymalnej pracy w temperaturach 0 &#8211; 50 stopni Celsjusza wi\u0119c nawet w bardzo gor\u0105ce dni lub w pomieszczeniach, w kt\u00f3rych panuje wysoka temperatura, b\u0119dzie wykonywa\u0142 w pe\u0142ni poprawne pomiary.<br \/>\n<strong>FST 634<\/strong> posiada pami\u0119\u0107\u00a0 800 ostatnich pomiar\u00f3w\u00a0 dzi\u0119ki czemu mo\u017cesz \u0142atwo przypomnie\u0107 sobie ostatnio wykonywany pomiar.<br \/>\n<strong>Czas oczekiwania<\/strong>\u00a0pomi\u0119dzy kolejnymi pomiarami wynosi od 5 do 10 sekund, dzi\u0119ki czemu mo\u017cesz wykonywa\u0107 wiele pomiar\u00f3w w bardzo kr\u00f3tkich odst\u0119pach czasowych.<\/p>\n<p><strong>FST posiada<\/strong> funkcj\u0119 normalnego testu manualnego oraz mo\u017cliwo\u015b\u0107 wykonania testu automatycznego dzi\u0119ki czemu mo\u017cesz wykona\u0107 pomiar nawet na osobach, kt\u00f3re nie s\u0105 w stanie samodzielnie dmucha\u0107 wymaganej ilo\u015bci powietrza, utrudniaj\u0105 pomiar lub s\u0105 nieprzytomne. Mo\u017ce sprawdza\u0107 napoje czy zawieraj\u0105 etanol.<\/p>\n<p><strong>Alkomat obj\u0119ty jest 24-miesi\u0119czn\u0105 gwarancj\u0105.<\/strong><\/p>\n<p>&nbsp;<\/p>\n<p><strong>link do filmu\u00a0<\/strong><br \/>\n<a href=\"https:\/\/www.youtube.com\/watch?v=WhCBI4fdiX4\">https:\/\/www.youtube.com\/watch?v=WhCBI4fdiX4<\/a><\/p>\n<p><strong>Zalety alkomatu:<\/strong><br \/>\nPami\u0119\u0107 ostatniego testu<br \/>\nSzeroki zakres pomiarowych<br \/>\nPomiar nawet w upalne dni<br \/>\nTest automatyczny i manualny<br \/>\n<strong>Dane techniczne:<\/strong><\/p>\n<ul>\n<li>Wymiary:<\/li>\n<li>Waga: 200g<\/li>\n<li>Zakres wskaza\u0144: 0,00-2,00mg\/l<\/li>\n<li>Temperatura pracy: 0 do 50 stopni C<\/li>\n<li>Dok\u0142adno\u015b\u0107 wskaza\u0144: do setnych cz\u0119\u015bci mg\/l<\/li>\n<li>Czas przygotowania do pracy: oko\u0142o 20 sekund<\/li>\n<li>Zasilanie: 2 baterie AA 1,5V<\/li>\n<li>Ustniki: Ustniki AlkoSensor FST<strong>Dodatkowe funkcje:<\/strong><\/li>\n<li>Pami\u0119\u0107 ostatniego testu lub 800 ostatnich pomiar\u00f3w<strong>W sk\u0142ad zestawu wchodz\u0105:<\/strong><br \/>\n1) Tester Alco Sensor &#8211; FST<br \/>\n2) Instrukcja obs\u0142ugi<\/li>\n<\/ul>\n<p>3) \u015awiadectwo kalibracji<\/p>\n<p>4)Dwa lejki do bada\u0144 bezustnikowych- przesiewowych<\/p>\n<p>5) 25 ustnik\u00f3w jednorazowego u\u017cytku<\/p>\n<p>6) \u015awiadectwo wzorcowania- (dawna legalizacja)odp\u0142atnie na \u017cyczenie klienta) 159.00 netto<\/p>\n","protected":false},"excerpt":{"rendered":"<p>AlcoSensor\u00a0&#8211; FST \u00a0jest urz\u0105dzeniem dowodowym do bada\u0144 przesiewowych bezustnikowy lub bada dowodowo na ustniku. Spe\u0142nia wymogi normy dla alkomat\u00f3w policyjnych. EN-PN 15964. Alco-Sensor\u00a0FST zosta\u0142 zaprojektowany do optymalnej pracy w temperaturach 0 &#8211; 50 stopni Celsjusza wi\u0119c nawet w bardzo gor\u0105ce dni lub w pomieszczeniach, w kt\u00f3rych panuje wysoka temperatura, b\u0119dzie wykonywa\u0142 w pe\u0142ni poprawne pomiary. [&hellip;]<\/p>\n","protected":false},"featured_media":972,"comment_status":"closed","ping_status":"closed","template":"","meta":{"ocean_post_layout":"","ocean_both_sidebars_style":"","ocean_both_sidebars_content_width":0,"ocean_both_sidebars_sidebars_width":0,"ocean_sidebar":"","ocean_second_sidebar":"","ocean_disable_margins":"enable","ocean_add_body_class":"","ocean_shortcode_before_top_bar":"","ocean_shortcode_after_top_bar":"","ocean_shortcode_before_header":"","ocean_shortcode_after_header":"","ocean_has_shortcode":"","ocean_shortcode_after_title":"","ocean_shortcode_before_footer_widgets":"","ocean_shortcode_after_footer_widgets":"","ocean_shortcode_before_footer_bottom":"","ocean_shortcode_after_footer_bottom":"","ocean_display_top_bar":"default","ocean_display_header":"default","ocean_header_style":"","ocean_center_header_left_menu":"","ocean_custom_header_template":"","ocean_custom_logo":0,"ocean_custom_retina_logo":0,"ocean_custom_logo_max_width":0,"ocean_custom_logo_tablet_max_width":0,"ocean_custom_logo_mobile_max_width":0,"ocean_custom_logo_max_height":0,"ocean_custom_logo_tablet_max_height":0,"ocean_custom_logo_mobile_max_height":0,"ocean_header_custom_menu":"","ocean_menu_typo_font_family":"","ocean_menu_typo_font_subset":"","ocean_menu_typo_font_size":0,"ocean_menu_typo_font_size_tablet":0,"ocean_menu_typo_font_size_mobile":0,"ocean_menu_typo_font_size_unit":"px","ocean_menu_typo_font_weight":"","ocean_menu_typo_font_weight_tablet":"","ocean_menu_typo_font_weight_mobile":"","ocean_menu_typo_transform":"","ocean_menu_typo_transform_tablet":"","ocean_menu_typo_transform_mobile":"","ocean_menu_typo_line_height":0,"ocean_menu_typo_line_height_tablet":0,"ocean_menu_typo_line_height_mobile":0,"ocean_menu_typo_line_height_unit":"","ocean_menu_typo_spacing":0,"ocean_menu_typo_spacing_tablet":0,"ocean_menu_typo_spacing_mobile":0,"ocean_menu_typo_spacing_unit":"","ocean_menu_link_color":"","ocean_menu_link_color_hover":"","ocean_menu_link_color_active":"","ocean_menu_link_background":"","ocean_menu_link_hover_background":"","ocean_menu_link_active_background":"","ocean_menu_social_links_bg":"","ocean_menu_social_hover_links_bg":"","ocean_menu_social_links_color":"","ocean_menu_social_hover_links_color":"","ocean_disable_title":"default","ocean_disable_heading":"default","ocean_post_title":"","ocean_post_subheading":"","ocean_post_title_style":"","ocean_post_title_background_color":"","ocean_post_title_background":0,"ocean_post_title_bg_image_position":"","ocean_post_title_bg_image_attachment":"","ocean_post_title_bg_image_repeat":"","ocean_post_title_bg_image_size":"","ocean_post_title_height":0,"ocean_post_title_bg_overlay":0.5,"ocean_post_title_bg_overlay_color":"","ocean_disable_breadcrumbs":"default","ocean_breadcrumbs_color":"","ocean_breadcrumbs_separator_color":"","ocean_breadcrumbs_links_color":"","ocean_breadcrumbs_links_hover_color":"","ocean_display_footer_widgets":"default","ocean_display_footer_bottom":"default","ocean_custom_footer_template":""},"product_brand":[],"product_cat":[32],"product_tag":[],"class_list":{"0":"post-1129","1":"product","2":"type-product","3":"status-publish","4":"has-post-thumbnail","6":"product_cat-alkomaty","8":"entry","9":"has-media","11":"first","12":"instock","13":"shipping-taxable","14":"purchasable","15":"product-type-simple","16":"has-product-nav","17":"col","18":"span_1_of_3","19":"owp-content-center","20":"owp-thumbs-layout-horizontal","21":"owp-btn-normal","22":"owp-tabs-layout-horizontal"},"_links":{"self":[{"href":"https:\/\/ustniki.pl\/index.php?rest_route=\/wp\/v2\/product\/1129","targetHints":{"allow":["GET"]}}],"collection":[{"href":"https:\/\/ustniki.pl\/index.php?rest_route=\/wp\/v2\/product"}],"about":[{"href":"https:\/\/ustniki.pl\/index.php?rest_route=\/wp\/v2\/types\/product"}],"replies":[{"embeddable":true,"href":"https:\/\/ustniki.pl\/index.php?rest_route=%2Fwp%2Fv2%2Fcomments&post=1129"}],"wp:featuredmedia":[{"embeddable":true,"href":"https:\/\/ustniki.pl\/index.php?rest_route=\/wp\/v2\/media\/972"}],"wp:attachment":[{"href":"https:\/\/ustniki.pl\/index.php?rest_route=%2Fwp%2Fv2%2Fmedia&parent=1129"}],"wp:term":[{"taxonomy":"product_brand","embeddable":true,"href":"https:\/\/ustniki.pl\/index.php?rest_route=%2Fwp%2Fv2%2Fproduct_brand&post=1129"},{"taxonomy":"product_cat","embeddable":true,"href":"https:\/\/ustniki.pl\/index.php?rest_route=%2Fwp%2Fv2%2Fproduct_cat&post=1129"},{"taxonomy":"product_tag","embeddable":true,"href":"https:\/\/ustniki.pl\/index.php?rest_route=%2Fwp%2Fv2%2Fproduct_tag&post=1129"}],"curies":[{"name":"wp","href":"https:\/\/api.w.org\/{rel}","templated":true}]}}