{"id":1084,"date":"2023-06-03T15:33:55","date_gmt":"2023-06-03T14:33:55","guid":{"rendered":"https:\/\/ustniki.pl\/?post_type=product&#038;p=1084"},"modified":"2023-06-03T19:58:21","modified_gmt":"2023-06-03T18:58:21","slug":"intox","status":"publish","type":"product","link":"https:\/\/ustniki.pl\/?product=intox","title":{"rendered":"Intox"},"content":{"rendered":"<p><strong>\u00a0Intox EC\/IR II.t<\/strong><\/p>\n<p>&nbsp;<\/p>\n<p>&nbsp;<\/p>\n<ul>\n<li>Detekcja alkoholu resztkowego (zalegaj\u0105cego)<\/li>\n<li>Pami\u0119\u0107 ponad<strong>\u00a04 000 test\u00f3w<\/strong><\/li>\n<li><strong>Intox EC\/IR II.t\u00ae<\/strong><\/li>\n<\/ul>\n<p>Intox EC\/IR II.t\u00ae<\/p>\n<p>Intox EC\/IR II.t\u00ae to stacjonarny, profesjonalny analizator do okre\u015blania zawarto\u015bci alkoholu w wydychanym powietrzu. Urz\u0105dzenie wykorzystuje do pomiaru zar\u00f3wno metod\u0119 elektrochemicznego (EC) jak i pomiar spektrofotometryczny w podczerwieni (IR). Analiza w podczerwieni umo\u017cliwia detekcj\u0119 alkoholu resztkowego (zalegaj\u0105cego).<\/p>\n<p>Oprogramowanie i baza test\u00f3w w urz\u0105dzeniu s\u0105 na bie\u017c\u0105co weryfikowane, aby zapewni\u0107 ich integralno\u015b\u0107.<\/p>\n<p>Urz\u0105dzenie mo\u017ce przeprowadzania testy dok\u0142adno\u015bci wskaza\u0144 automatycznie. Zosta\u0142o wyposa\u017cone r\u00f3wnie\u017c w wewn\u0119trzn\u0105 pami\u0119\u0107 pozwalaj\u0105c\u0105 na bezpo\u015brednie przegl\u0105danie protoko\u0142\u00f3w z wykonanych test\u00f3w.<\/p>\n<p>Intox EC\/IR II.t\u00ae zosta\u0142 wyposa\u017cony w wewn\u0119trzn\u0105 drukark\u0119 oraz mini klawiatur\u0119. Posiada czytelny graficzny wy\u015bwietlacz LED, a ca\u0142o\u015b\u0107 obudowy wykonana zosta\u0142a z wysokiej jako\u015bci materia\u0142\u00f3w odpornych na zniszczenia.<\/p>\n<p>*w zale\u017cno\u015bci od wersji oprogramowania<\/p>\n<p>1\u00a0\/\u00a02<\/p>\n<p>Specyfikacja techniczna<\/p>\n<p>Parametry pomiarowe<\/p>\n<p><strong>Zasada pomiaru<\/strong><\/p>\n<p>analiza elektrochemiczna\u00a0<strong>(EC)<\/strong><br \/>\npomiar spektrofotometryczny w podczerwieni\u00a0<strong>(IR)<\/strong><\/p>\n<p><strong>Jednostki pomiaru<\/strong><\/p>\n<p>mg\/l<\/p>\n<p><strong>Zakres pomiaru<\/strong><\/p>\n<p>0,00 do 2,00 mg\/l<\/p>\n<p><strong>Dok\u0142adno\u015b\u0107 wskaza\u0144\/B\u0142\u0105d<\/strong><\/p>\n<p>zgodny z OIML. Wyznaczany na podstawie wzorcowania.<\/p>\n<p><strong>Rodzaje pomiar\u00f3w<\/strong><\/p>\n<p><strong>ILO\u015aCIOWY (DOWODOWY)<\/strong>\u00a0precyzyjny pomiar wdmuchiwanego powietrza za pomoc\u0105<\/p>\n<p>ustnika jednorazowego<\/p>\n<p>. Procedura ta uruchamiana jest w momencie rozpocz\u0119cia wdmuchiwania powietrza.<\/p>\n<p><strong>Czas pomiaru<\/strong><\/p>\n<p>max. do 5 sekund.<\/p>\n<p><strong>Minimalna obj\u0119to\u015b\u0107 pr\u00f3bki<\/strong><\/p>\n<p>1,2l<\/p>\n<p><strong>Wynik<\/strong><\/p>\n<p>Podawany w mg\/l do dw\u00f3ch miejsc po przecinku.<br \/>\nIntox EC\/IR II.t\u00ae posiada wbudowan\u0105 funkcj\u0119 metrologiczn\u0105, kt\u00f3ra jest wymagana przy adiustacji urz\u0105dze\u0144 (wed\u0142ug europejskich standard\u00f3w OIML). Funkcja ta daje mo\u017cliwo\u015b\u0107 adiustacji urz\u0105dzenia i odnotowywania tego faktu w pami\u0119ci urz\u0105dzenia. W funkcji metrologicznej rozdzielczo\u015b\u0107 wskaza\u0144 wynosi 0,001 mg\/l.<\/p>\n<p>&nbsp;<\/p>\n<p>&nbsp;<\/p>\n","protected":false},"excerpt":{"rendered":"<p>\u00a0Intox EC\/IR II.t &nbsp; &nbsp; Detekcja alkoholu resztkowego (zalegaj\u0105cego) Pami\u0119\u0107 ponad\u00a04 000 test\u00f3w Intox EC\/IR II.t\u00ae Intox EC\/IR II.t\u00ae Intox EC\/IR II.t\u00ae to stacjonarny, profesjonalny analizator do okre\u015blania zawarto\u015bci alkoholu w wydychanym powietrzu. Urz\u0105dzenie wykorzystuje do pomiaru zar\u00f3wno metod\u0119 elektrochemicznego (EC) jak i pomiar spektrofotometryczny w podczerwieni (IR). Analiza w podczerwieni umo\u017cliwia detekcj\u0119 alkoholu resztkowego [&hellip;]<\/p>\n","protected":false},"featured_media":1085,"comment_status":"closed","ping_status":"closed","template":"","meta":{"ocean_post_layout":"","ocean_both_sidebars_style":"","ocean_both_sidebars_content_width":0,"ocean_both_sidebars_sidebars_width":0,"ocean_sidebar":"","ocean_second_sidebar":"","ocean_disable_margins":"enable","ocean_add_body_class":"","ocean_shortcode_before_top_bar":"","ocean_shortcode_after_top_bar":"","ocean_shortcode_before_header":"","ocean_shortcode_after_header":"","ocean_has_shortcode":"","ocean_shortcode_after_title":"","ocean_shortcode_before_footer_widgets":"","ocean_shortcode_after_footer_widgets":"","ocean_shortcode_before_footer_bottom":"","ocean_shortcode_after_footer_bottom":"","ocean_display_top_bar":"default","ocean_display_header":"default","ocean_header_style":"","ocean_center_header_left_menu":"","ocean_custom_header_template":"","ocean_custom_logo":0,"ocean_custom_retina_logo":0,"ocean_custom_logo_max_width":0,"ocean_custom_logo_tablet_max_width":0,"ocean_custom_logo_mobile_max_width":0,"ocean_custom_logo_max_height":0,"ocean_custom_logo_tablet_max_height":0,"ocean_custom_logo_mobile_max_height":0,"ocean_header_custom_menu":"","ocean_menu_typo_font_family":"","ocean_menu_typo_font_subset":"","ocean_menu_typo_font_size":0,"ocean_menu_typo_font_size_tablet":0,"ocean_menu_typo_font_size_mobile":0,"ocean_menu_typo_font_size_unit":"px","ocean_menu_typo_font_weight":"","ocean_menu_typo_font_weight_tablet":"","ocean_menu_typo_font_weight_mobile":"","ocean_menu_typo_transform":"","ocean_menu_typo_transform_tablet":"","ocean_menu_typo_transform_mobile":"","ocean_menu_typo_line_height":0,"ocean_menu_typo_line_height_tablet":0,"ocean_menu_typo_line_height_mobile":0,"ocean_menu_typo_line_height_unit":"","ocean_menu_typo_spacing":0,"ocean_menu_typo_spacing_tablet":0,"ocean_menu_typo_spacing_mobile":0,"ocean_menu_typo_spacing_unit":"","ocean_menu_link_color":"","ocean_menu_link_color_hover":"","ocean_menu_link_color_active":"","ocean_menu_link_background":"","ocean_menu_link_hover_background":"","ocean_menu_link_active_background":"","ocean_menu_social_links_bg":"","ocean_menu_social_hover_links_bg":"","ocean_menu_social_links_color":"","ocean_menu_social_hover_links_color":"","ocean_disable_title":"default","ocean_disable_heading":"default","ocean_post_title":"","ocean_post_subheading":"","ocean_post_title_style":"","ocean_post_title_background_color":"","ocean_post_title_background":0,"ocean_post_title_bg_image_position":"","ocean_post_title_bg_image_attachment":"","ocean_post_title_bg_image_repeat":"","ocean_post_title_bg_image_size":"","ocean_post_title_height":0,"ocean_post_title_bg_overlay":0.5,"ocean_post_title_bg_overlay_color":"","ocean_disable_breadcrumbs":"default","ocean_breadcrumbs_color":"","ocean_breadcrumbs_separator_color":"","ocean_breadcrumbs_links_color":"","ocean_breadcrumbs_links_hover_color":"","ocean_display_footer_widgets":"default","ocean_display_footer_bottom":"default","ocean_custom_footer_template":""},"product_brand":[],"product_cat":[32],"product_tag":[45,43,42,44],"class_list":{"0":"post-1084","1":"product","2":"type-product","3":"status-publish","4":"has-post-thumbnail","6":"product_cat-alkomaty","7":"product_tag-a2-0","8":"product_tag-alkomat","9":"product_tag-intox","10":"product_tag-spektrofotometryczny","12":"entry","13":"has-media","15":"first","16":"onbackorder","17":"shipping-taxable","18":"purchasable","19":"product-type-simple","20":"has-product-nav","21":"col","22":"span_1_of_3","23":"owp-content-center","24":"owp-thumbs-layout-horizontal","25":"owp-btn-normal","26":"owp-tabs-layout-horizontal","27":"has-no-thumbnails"},"_links":{"self":[{"href":"https:\/\/ustniki.pl\/index.php?rest_route=\/wp\/v2\/product\/1084","targetHints":{"allow":["GET"]}}],"collection":[{"href":"https:\/\/ustniki.pl\/index.php?rest_route=\/wp\/v2\/product"}],"about":[{"href":"https:\/\/ustniki.pl\/index.php?rest_route=\/wp\/v2\/types\/product"}],"replies":[{"embeddable":true,"href":"https:\/\/ustniki.pl\/index.php?rest_route=%2Fwp%2Fv2%2Fcomments&post=1084"}],"wp:featuredmedia":[{"embeddable":true,"href":"https:\/\/ustniki.pl\/index.php?rest_route=\/wp\/v2\/media\/1085"}],"wp:attachment":[{"href":"https:\/\/ustniki.pl\/index.php?rest_route=%2Fwp%2Fv2%2Fmedia&parent=1084"}],"wp:term":[{"taxonomy":"product_brand","embeddable":true,"href":"https:\/\/ustniki.pl\/index.php?rest_route=%2Fwp%2Fv2%2Fproduct_brand&post=1084"},{"taxonomy":"product_cat","embeddable":true,"href":"https:\/\/ustniki.pl\/index.php?rest_route=%2Fwp%2Fv2%2Fproduct_cat&post=1084"},{"taxonomy":"product_tag","embeddable":true,"href":"https:\/\/ustniki.pl\/index.php?rest_route=%2Fwp%2Fv2%2Fproduct_tag&post=1084"}],"curies":[{"name":"wp","href":"https:\/\/api.w.org\/{rel}","templated":true}]}}