{"id":882,"date":"2023-04-12T09:03:01","date_gmt":"2023-04-12T09:03:01","guid":{"rendered":"http:\/\/ustniki.pl\/?page_id=882"},"modified":"2023-04-12T09:05:53","modified_gmt":"2023-04-12T09:05:53","slug":"alkohol-a-praca","status":"publish","type":"page","link":"https:\/\/ustniki.pl\/?page_id=882","title":{"rendered":"Alkohol a praca"},"content":{"rendered":"\t\t<div data-elementor-type=\"wp-page\" data-elementor-id=\"882\" class=\"elementor elementor-882\">\n\t\t\t\t\t\t<section class=\"elementor-section elementor-top-section elementor-element elementor-element-6de032f elementor-section-boxed elementor-section-height-default elementor-section-height-default\" data-id=\"6de032f\" data-element_type=\"section\" data-e-type=\"section\">\n\t\t\t\t\t\t<div class=\"elementor-container elementor-column-gap-default\">\n\t\t\t\t\t<div class=\"elementor-column elementor-col-100 elementor-top-column elementor-element elementor-element-7e0eae5\" data-id=\"7e0eae5\" data-element_type=\"column\" data-e-type=\"column\">\n\t\t\t<div class=\"elementor-widget-wrap elementor-element-populated\">\n\t\t\t\t\t\t<div class=\"elementor-element elementor-element-165fcda elementor-widget elementor-widget-text-editor\" data-id=\"165fcda\" data-element_type=\"widget\" data-e-type=\"widget\" data-widget_type=\"text-editor.default\">\n\t\t\t\t<div class=\"elementor-widget-container\">\n\t\t\t\t\t\t\t\t\t<div id=\"page\"><div id=\"pageDescription\" class=\"content\"><p align=\"JUSTIFY\"><strong>Uzale\u017cniony pracownik.<\/strong><\/p><p align=\"JUSTIFY\">W pracy nie da si\u0119 ukry\u0107 uzale\u017cnienia od alkoholu. Na pocz\u0105tkowym etapie choroba nie jest tak widoczna. Ale nieleczone uzale\u017cnienie i tak cz\u0119sto ko\u0144czy si\u0119 dramatem, jakim jest utrata pracy. Praca jest jednym z najwa\u017cniejszych obszar\u00f3w naszego \u017cycia, nierzadko przez kilkadziesi\u0105t lat sp\u0119dzamy w niej jedn\u0105 trzeci\u0105 doby. Nie jest wi\u0119c mo\u017cliwe, aby rozwijaj\u0105ce si\u0119, nieleczone uzale\u017cnienie np. od alkoholu pozosta\u0142o bez wp\u0142ywu na \u017cycie zawodowe. To wa\u017cne, aby pami\u0119ta\u0107, \u017ce destrukcja cz\u0119sto pojawia si\u0119 stopniowo, na pocz\u0105tku jest niemal niezauwa\u017calna zar\u00f3wno dla otoczenia osoby nadu\u017cywaj\u0105cej alkoholu czy narkotyk\u00f3w, jak i dla niej samej. Sygna\u0142y ostrzegawcze Dobry obserwator na pewno zauwa\u017cy sygna\u0142y ostrzegawcze u swojego kolegi, kt\u00f3remu ostatnio zdarza si\u0119 coraz cz\u0119\u015bciej opowiada\u0107 o imprezach, przyj\u0119ciach, grillach, wycieczkach, spotkaniach ze znajomymi czy dyskotekach, na kt\u00f3rych upi\u0142 si\u0119 tak, \u017ce nie pami\u0119ta powrotu do domu. Ten sam kolega mo\u017ce niemal codziennie szuka\u0107 w pracy towarzysza, aby po godzinach poszed\u0142 z nim do baru na piwko, czy na jednego, dla od stresowania, relaksu czy te\u017c aby obla\u0107 kupno samochodu, telewizora, zako\u0144czenie remontu itp. Je\u015bli takim koleg\u0105 jest kierownik czy brygadzista, mo\u017ce on mie\u0107 do\u015b\u0107 lu\u017any stosunek do kwestii picia w pracy, urz\u0105dzania przez pracownik\u00f3w imienin czy innych uroczysto\u015bci mocno zakrapianych alkoholem. W tym okresie spos\u00f3b picia bardzo rzadko wp\u0142ywa bezpo\u015brednio na wykonywan\u0105 prac\u0119. Od bumelki do zwolnienia Z czasem jednak nasz pracownik czy wsp\u00f3\u0142pracownik, pomimo \u017ce \u015bwietny fachowiec, zaczyna by\u0107 coraz mniej zaanga\u017cowany w prac\u0119, szuka okazji do wcze\u015bniejszego wyj\u015bcia, jest rozkojarzony, coraz trudniej na nim polega\u0107 z powodu swoistej nieprzewidywalno\u015bci &#8211; a to we\u017amie urlop na \u017c\u0105danie, a to zadzwoni, \u017ce jest chory i ma kilkudniowe L4, a to przypomni sobie, \u017ce ma kilka nadgodzin i musi je wybra\u0107 ju\u017c dzi\u015b, czyli w poniedzia\u0142ek rano, po urlopie wypoczynkowym cz\u0119sto wraca bardziej wyczerpany ni\u017c zanim na niego poszed\u0142. Po jakim\u015b czasie pojawiaj\u0105 si\u0119 pierwsze upomnienia prze\u0142o\u017conych i pretensje wsp\u00f3\u0142pracownik\u00f3w, kt\u00f3rzy zaczynaj\u0105 mie\u0107 do\u015b\u0107 krycia kolegi coraz cz\u0119\u015bciej cuchn\u0105cego nie do ko\u0144ca przetrawionym alkoholem. Najpierw pracownicy dbaj\u0105, aby wykonywa\u0142 mniej odpowiedzialne zadania, potem prze\u0142o\u017cony przesuwa go na stanowisko, kt\u00f3re w oczywisty spos\u00f3b stanowi degradacj\u0119 w strukturze firmy, na koniec zwalnia z pracy, nie mog\u0105c tolerowa\u0107 kolejnej nieusprawiedliwionej nieobecno\u015bci czy niepokoj\u0105cego wyniku alkotestu. Pijane my\u015blenie Jak to si\u0119 dzieje, \u017ce wszyscy widz\u0105 problem alkoholowy poza osob\u0105, kt\u00f3rej on dotyczy? Winne s\u0105 mechanizmy choroby, kt\u00f3re zmieniaj\u0105 spos\u00f3b my\u015blenia i odczuwania osoby uzale\u017cnionej. Efekt jest taki, \u017ce d\u0105\u017cy ona do samodestrukcji &#8211; pije dalej, pomimo oczywistych dowod\u00f3w na to, \u017ce picie niszczy jej \u017cycie. Osoba uzale\u017cniona \u017cyje w \u015bwiecie w\u0142asnych iluzji i wyobra\u017ce\u0144 na temat sposobu w\u0142asnego picia, takie widzenie rzeczywisto\u015bci cz\u0119sto nazywane jest pijanym my\u015bleniem. Alkoholik nie przyjmuje do wiadomo\u015bci, \u017ce konsekwencje nadu\u017cywania s\u0105 a\u017c tak powa\u017cne, jak przedstawia je otoczenie &#8211; wci\u0105\u017c im zaprzecza b\u0105d\u017a je pomniejsza. Zdarza si\u0119 nawet, \u017ce wbrew wszelkiej logice obwinia innych ludzi tak za swoje picie, jak i za niepowodzenia w pracy, kt\u00f3rych w \u017caden spos\u00f3b nie \u0142\u0105czy z nadu\u017cywaniem alkoholu. Czy wiesz, \u017ce&#8230; Zesp\u00f3\u0142 uzale\u017cnienia od alkoholu jest chorob\u0105 uwzgl\u0119dnion\u0105 w obowi\u0105zuj\u0105cej w Europie Mi\u0119dzynarodowej Statystycznej Klasyfikacji Chor\u00f3b i Problem\u00f3w Zdrowotnych (ICD-10), jak r\u00f3wnie\u017c w klasyfikacji zaburze\u0144 psychicznych Ameryka\u0144skiego Towarzystwa Psychiatrycznego (DSM-IV-TR). Uzale\u017cnienie od alkoholu jest chorob\u0105 maj\u0105c\u0105 swoje przyczyny, fazy rozwoju, charakterystyczne patologiczne mechanizmy. Zdiagnozowanie zespo\u0142u uzale\u017cnienia od alkoholu jest mo\u017cliwe w przypadku rozpoznania przez osob\u0119 do tego celu przeszkolon\u0105 konkretnych objaw\u00f3w choroby. W 250 ml piwa o mocy 5% znajduje si\u0119 tyle samo czystego alkoholu\u00a0 (1 porcja standardowa = 10 gram), co w 100 ml wina o mocy 12% czy te\u017c w 30 ml w\u00f3dki o mocy 40%. Trzy pytania do eksperta Rozmowa z Mart\u0105 Jak\u00f3bczyk, psychologiem, terapeut\u0105 uzale\u017cnie\u0144 w Centrum Psychoterapii i Leczenia Uzale\u017cnie\u0144 w Sosnowcu. Czy to prawda, \u017ce je\u015bli kto\u015b pije tylko dobre trunki, to si\u0119 nie uzale\u017cni? To nie jako\u015b\u0107 trunku decyduje o tym, czy kto\u015b pij\u0105c go zbyt cz\u0119sto i w nadmiernych ilo\u015bciach uzale\u017cni si\u0119 od alkoholu, czy te\u017c nie. Znaczenie ma tylko fakt, \u017ce wypijany trunek zawiera w sobie alkohol. Czy alkoholicy musz\u0105 pi\u0107 codziennie? Faktem jest, \u017ce niekt\u00f3rzy alkoholicy nadu\u017cywaj\u0105 alkoholu codziennie, nie jest to jednak \u017cadna regu\u0142a. Kiedy rozw\u00f3j choroby post\u0119puje, najcz\u0119stszym wzorcem picia staj\u0105 si\u0119 ci\u0105gi alkoholowe przerywane okresami abstynencji. Czy je\u015bli kto\u015b ma tak zwan\u0105 mocn\u0105 g\u0142ow\u0119 to si\u0119 nie uzale\u017cni? Osoby z tak zwan\u0105 mocn\u0105 g\u0142ow\u0105 s\u0105 bardziej nara\u017cone na uzale\u017cnienie, poniewa\u017c ju\u017c w czasie pierwszych do\u015bwiadcze\u0144 z alkoholem mog\u0105 du\u017co wypi\u0107 i nie powoduje to przykrych nast\u0119pstw w postaci z\u0142ego samopoczucia po przepiciu. Rozmawia\u0142a: Ewa P\u0142\u00f3ciennik G\u0142osy Czytelnik\u00f3w Od jakiego\u015b czasu zauwa\u017cam, \u017ce m\u00f3j m\u0105\u017c pije za du\u017co. Na pocz\u0105tku nie zwraca\u0142am mu na to uwagi, bo twierdzi\u0142, \u017ce ma bardzo stresuj\u0105c\u0105 prac\u0119, a dwa lub trzy drinki w ci\u0105gu dnia pozwalaj\u0105 mu si\u0119 zrelaksowa\u0107. To jeszcze mog\u0142am zrozumie\u0107, jednak do czasu&#8230; Niestety, od niedawna z przera\u017ceniem stwierdzam, \u017ce przez minionych kilka miesi\u0119cy nie ma dnia, \u017ceby m\u0105\u017c nie wypi\u0142 jakiego\u015b alkoholu. Zdarza si\u0119, \u017ce czuj\u0119 od niego alkohol ju\u017c wtedy, kiedy wraca z pracy. Co mog\u0119 zrobi\u0107 w tej sytuacji? Czy m\u0105\u017c jest ju\u017c alkoholikiem? Magdalena z Gliwic Ekspert radzi Na list Czytelniczki odpowiada Marta Jak\u00f3bczyk, psycholog, terapeuta uzale\u017cnie\u0144: Na podstawie podanych przez pani\u0105 informacji nie mo\u017cna jednoznacznie stwierdzi\u0107, czy m\u0105\u017c jest uzale\u017cniony od alkoholu. Podany przez pani\u0105 opis sposobu picia daje jednak podstawy do tego, aby poradzi\u0107 si\u0119 w tej kwestii specjalisty, kt\u00f3ry na podstawie wywiadu zebranego od m\u0119\u017ca i pani b\u0119dzie w stanie postawi\u0107 diagnoz\u0119. Najlepiej by\u0142oby porozmawia\u0107 z m\u0119\u017cem o tym, co pani zaobserwowa\u0142a, zaznaczaj\u0105c r\u00f3wnocze\u015bnie, jak bardzo to pani\u0105 niepokoi i zaproponowa\u0107 um\u00f3wienie wizyty w Poradni Leczenia Uzale\u017cnie\u0144.\u00a0<\/p><p align=\"JUSTIFY\">\u00a0<\/p><p align=\"JUSTIFY\">Je\u015bli masz obawy \u017ce pracownik mo\u017ce by\u0107\u00a0 uzale\u017cniony lub szukasz pomocy dla siebie lub znajomych, zadzwo\u0144 i um\u00f3w si\u0119 na konsultacje z doradc\u0105 personalnym.<\/p><p align=\"JUSTIFY\">501-134-201 w godz. 10-16\u00a0<a href=\"mailto:ustniki@ustniki.pl\" target=\"_blank\" rel=\"noopener\">ustniki@ustniki.pl<\/a><\/p><\/div><\/div><div id=\"options\">\u00a0<\/div>\t\t\t\t\t\t\t\t<\/div>\n\t\t\t\t<\/div>\n\t\t\t\t\t<\/div>\n\t\t<\/div>\n\t\t\t\t\t<\/div>\n\t\t<\/section>\n\t\t\t\t<\/div>\n\t\t","protected":false},"excerpt":{"rendered":"<p>Uzale\u017cniony pracownik. W pracy nie da si\u0119 ukry\u0107 uzale\u017cnienia od alkoholu. Na pocz\u0105tkowym etapie choroba nie jest tak widoczna. Ale nieleczone uzale\u017cnienie i tak cz\u0119sto ko\u0144czy si\u0119 dramatem, jakim jest utrata pracy. Praca jest jednym z najwa\u017cniejszych obszar\u00f3w naszego \u017cycia, nierzadko przez kilkadziesi\u0105t lat sp\u0119dzamy w niej jedn\u0105 trzeci\u0105 doby. Nie jest wi\u0119c mo\u017cliwe, aby [&hellip;]<\/p>\n","protected":false},"author":2,"featured_media":0,"parent":0,"menu_order":0,"comment_status":"closed","ping_status":"closed","template":"","meta":{"ocean_post_layout":"","ocean_both_sidebars_style":"","ocean_both_sidebars_content_width":0,"ocean_both_sidebars_sidebars_width":0,"ocean_sidebar":"","ocean_second_sidebar":"","ocean_disable_margins":"enable","ocean_add_body_class":"","ocean_shortcode_before_top_bar":"","ocean_shortcode_after_top_bar":"","ocean_shortcode_before_header":"","ocean_shortcode_after_header":"","ocean_has_shortcode":"","ocean_shortcode_after_title":"","ocean_shortcode_before_footer_widgets":"","ocean_shortcode_after_footer_widgets":"","ocean_shortcode_before_footer_bottom":"","ocean_shortcode_after_footer_bottom":"","ocean_display_top_bar":"default","ocean_display_header":"default","ocean_header_style":"","ocean_center_header_left_menu":"","ocean_custom_header_template":"","ocean_custom_logo":0,"ocean_custom_retina_logo":0,"ocean_custom_logo_max_width":0,"ocean_custom_logo_tablet_max_width":0,"ocean_custom_logo_mobile_max_width":0,"ocean_custom_logo_max_height":0,"ocean_custom_logo_tablet_max_height":0,"ocean_custom_logo_mobile_max_height":0,"ocean_header_custom_menu":"","ocean_menu_typo_font_family":"","ocean_menu_typo_font_subset":"","ocean_menu_typo_font_size":0,"ocean_menu_typo_font_size_tablet":0,"ocean_menu_typo_font_size_mobile":0,"ocean_menu_typo_font_size_unit":"px","ocean_menu_typo_font_weight":"","ocean_menu_typo_font_weight_tablet":"","ocean_menu_typo_font_weight_mobile":"","ocean_menu_typo_transform":"","ocean_menu_typo_transform_tablet":"","ocean_menu_typo_transform_mobile":"","ocean_menu_typo_line_height":0,"ocean_menu_typo_line_height_tablet":0,"ocean_menu_typo_line_height_mobile":0,"ocean_menu_typo_line_height_unit":"","ocean_menu_typo_spacing":0,"ocean_menu_typo_spacing_tablet":0,"ocean_menu_typo_spacing_mobile":0,"ocean_menu_typo_spacing_unit":"","ocean_menu_link_color":"","ocean_menu_link_color_hover":"","ocean_menu_link_color_active":"","ocean_menu_link_background":"","ocean_menu_link_hover_background":"","ocean_menu_link_active_background":"","ocean_menu_social_links_bg":"","ocean_menu_social_hover_links_bg":"","ocean_menu_social_links_color":"","ocean_menu_social_hover_links_color":"","ocean_disable_title":"default","ocean_disable_heading":"default","ocean_post_title":"","ocean_post_subheading":"","ocean_post_title_style":"","ocean_post_title_background_color":"","ocean_post_title_background":0,"ocean_post_title_bg_image_position":"","ocean_post_title_bg_image_attachment":"","ocean_post_title_bg_image_repeat":"","ocean_post_title_bg_image_size":"","ocean_post_title_height":0,"ocean_post_title_bg_overlay":0.5,"ocean_post_title_bg_overlay_color":"","ocean_disable_breadcrumbs":"default","ocean_breadcrumbs_color":"","ocean_breadcrumbs_separator_color":"","ocean_breadcrumbs_links_color":"","ocean_breadcrumbs_links_hover_color":"","ocean_display_footer_widgets":"default","ocean_display_footer_bottom":"default","ocean_custom_footer_template":"","footnotes":""},"class_list":["post-882","page","type-page","status-publish","hentry","entry","owp-thumbs-layout-horizontal","owp-btn-normal","owp-tabs-layout-horizontal","has-no-thumbnails","has-product-nav"],"_links":{"self":[{"href":"https:\/\/ustniki.pl\/index.php?rest_route=\/wp\/v2\/pages\/882","targetHints":{"allow":["GET"]}}],"collection":[{"href":"https:\/\/ustniki.pl\/index.php?rest_route=\/wp\/v2\/pages"}],"about":[{"href":"https:\/\/ustniki.pl\/index.php?rest_route=\/wp\/v2\/types\/page"}],"author":[{"embeddable":true,"href":"https:\/\/ustniki.pl\/index.php?rest_route=\/wp\/v2\/users\/2"}],"replies":[{"embeddable":true,"href":"https:\/\/ustniki.pl\/index.php?rest_route=%2Fwp%2Fv2%2Fcomments&post=882"}],"version-history":[{"count":4,"href":"https:\/\/ustniki.pl\/index.php?rest_route=\/wp\/v2\/pages\/882\/revisions"}],"predecessor-version":[{"id":887,"href":"https:\/\/ustniki.pl\/index.php?rest_route=\/wp\/v2\/pages\/882\/revisions\/887"}],"wp:attachment":[{"href":"https:\/\/ustniki.pl\/index.php?rest_route=%2Fwp%2Fv2%2Fmedia&parent=882"}],"curies":[{"name":"wp","href":"https:\/\/api.w.org\/{rel}","templated":true}]}}