{"id":702,"date":"2023-04-08T18:23:25","date_gmt":"2023-04-08T18:23:25","guid":{"rendered":"http:\/\/ustniki.pl\/?page_id=702"},"modified":"2024-10-04T11:18:27","modified_gmt":"2024-10-04T10:18:27","slug":"blokady-alkoholowe-dla-firm","status":"publish","type":"page","link":"https:\/\/ustniki.pl\/?page_id=702","title":{"rendered":"Blokady alkoholowe dla Firm"},"content":{"rendered":"\t\t<div data-elementor-type=\"wp-page\" data-elementor-id=\"702\" class=\"elementor elementor-702\">\n\t\t\t\t\t\t<section class=\"elementor-section elementor-top-section elementor-element elementor-element-f99f777 elementor-section-boxed elementor-section-height-default elementor-section-height-default\" data-id=\"f99f777\" data-element_type=\"section\" data-e-type=\"section\">\n\t\t\t\t\t\t<div class=\"elementor-container elementor-column-gap-default\">\n\t\t\t\t\t<div class=\"elementor-column elementor-col-50 elementor-top-column elementor-element elementor-element-1399eae\" data-id=\"1399eae\" data-element_type=\"column\" data-e-type=\"column\">\n\t\t\t<div class=\"elementor-widget-wrap elementor-element-populated\">\n\t\t\t\t\t\t<div class=\"elementor-element elementor-element-4e3a5d5 elementor-widget__width-initial elementor-widget elementor-widget-image\" data-id=\"4e3a5d5\" data-element_type=\"widget\" data-e-type=\"widget\" data-widget_type=\"image.default\">\n\t\t\t\t<div class=\"elementor-widget-container\">\n\t\t\t\t\t\t\t\t\t\t\t\t\t\t\t<img fetchpriority=\"high\" decoding=\"async\" width=\"600\" height=\"400\" src=\"https:\/\/ustniki.pl\/wp-content\/uploads\/2023\/04\/4810c8fa233267f804399d780f7155a4.jpg\" class=\"attachment-large size-large wp-image-704\" alt=\"\" srcset=\"https:\/\/ustniki.pl\/wp-content\/uploads\/2023\/04\/4810c8fa233267f804399d780f7155a4.jpg 600w, https:\/\/ustniki.pl\/wp-content\/uploads\/2023\/04\/4810c8fa233267f804399d780f7155a4-433x289.jpg 433w, https:\/\/ustniki.pl\/wp-content\/uploads\/2023\/04\/4810c8fa233267f804399d780f7155a4-300x200.jpg 300w\" sizes=\"(max-width: 600px) 100vw, 600px\" \/>\t\t\t\t\t\t\t\t\t\t\t\t\t\t\t<\/div>\n\t\t\t\t<\/div>\n\t\t\t\t\t<\/div>\n\t\t<\/div>\n\t\t\t\t<div class=\"elementor-column elementor-col-50 elementor-top-column elementor-element elementor-element-a0fbe03\" data-id=\"a0fbe03\" data-element_type=\"column\" data-e-type=\"column\">\n\t\t\t<div class=\"elementor-widget-wrap elementor-element-populated\">\n\t\t\t\t\t\t<div class=\"elementor-element elementor-element-5eb4e16 elementor-widget elementor-widget-image\" data-id=\"5eb4e16\" data-element_type=\"widget\" data-e-type=\"widget\" data-widget_type=\"image.default\">\n\t\t\t\t<div class=\"elementor-widget-container\">\n\t\t\t\t\t\t\t\t\t\t\t\t\t\t\t<img decoding=\"async\" width=\"618\" height=\"429\" src=\"https:\/\/ustniki.pl\/wp-content\/uploads\/2023\/04\/ebs-z-bramk-11.jpg\" class=\"attachment-large size-large wp-image-705\" alt=\"\" srcset=\"https:\/\/ustniki.pl\/wp-content\/uploads\/2023\/04\/ebs-z-bramk-11.jpg 618w, https:\/\/ustniki.pl\/wp-content\/uploads\/2023\/04\/ebs-z-bramk-11-433x301.jpg 433w, https:\/\/ustniki.pl\/wp-content\/uploads\/2023\/04\/ebs-z-bramk-11-300x208.jpg 300w\" sizes=\"(max-width: 618px) 100vw, 618px\" \/>\t\t\t\t\t\t\t\t\t\t\t\t\t\t\t<\/div>\n\t\t\t\t<\/div>\n\t\t\t\t\t<\/div>\n\t\t<\/div>\n\t\t\t\t\t<\/div>\n\t\t<\/section>\n\t\t\t\t<section class=\"elementor-section elementor-top-section elementor-element elementor-element-e1ec097 elementor-section-boxed elementor-section-height-default elementor-section-height-default\" data-id=\"e1ec097\" data-element_type=\"section\" data-e-type=\"section\">\n\t\t\t\t\t\t<div class=\"elementor-container elementor-column-gap-default\">\n\t\t\t\t\t<div class=\"elementor-column elementor-col-100 elementor-top-column elementor-element elementor-element-fc9d0a0\" data-id=\"fc9d0a0\" data-element_type=\"column\" data-e-type=\"column\">\n\t\t\t<div class=\"elementor-widget-wrap\">\n\t\t\t\t\t\t\t<\/div>\n\t\t<\/div>\n\t\t\t\t\t<\/div>\n\t\t<\/section>\n\t\t\t\t<section class=\"elementor-section elementor-top-section elementor-element elementor-element-303997f elementor-section-boxed elementor-section-height-default elementor-section-height-default\" data-id=\"303997f\" data-element_type=\"section\" data-e-type=\"section\">\n\t\t\t\t\t\t<div class=\"elementor-container elementor-column-gap-default\">\n\t\t\t\t\t<div class=\"elementor-column elementor-col-100 elementor-top-column elementor-element elementor-element-6abee86\" data-id=\"6abee86\" data-element_type=\"column\" data-e-type=\"column\">\n\t\t\t<div class=\"elementor-widget-wrap elementor-element-populated\">\n\t\t\t\t\t\t<div class=\"elementor-element elementor-element-08d616a elementor-widget elementor-widget-text-editor\" data-id=\"08d616a\" data-element_type=\"widget\" data-e-type=\"widget\" data-widget_type=\"text-editor.default\">\n\t\t\t\t<div class=\"elementor-widget-container\">\n\t\t\t\t\t\t\t\t\t<p><strong>Zautomatyzowane badania trze\u017awo\u015bci pracownik\u00f3w \u2013 nowoczesne rozwi\u0105zanie dla bezpieczniejszego miejsca pracy<\/strong><\/p><p>Bezpiecze\u0144stwo w miejscu pracy to priorytet ka\u017cdej firmy, szczeg\u00f3lnie w bran\u017cach, w kt\u00f3rych pracownicy operuj\u0105 ci\u0119\u017ckimi maszynami, prowadz\u0105 pojazdy czy s\u0105 odpowiedzialni za bezpiecze\u0144stwo innych os\u00f3b. W dzisiejszych czasach, aby minimalizowa\u0107 ryzyko zwi\u0105zane z niew\u0142a\u015bciwym stanem pracownik\u00f3w, wiele firm decyduje si\u0119 na wprowadzenie <strong>zautomatyzowanych system\u00f3w bada\u0144 trze\u017awo\u015bci<\/strong>. Nowoczesne technologie w po\u0142\u0105czeniu z automatycznym monitorowaniem mog\u0105 znacznie poprawi\u0107 bezpiecze\u0144stwo, efektywno\u015b\u0107 oraz odpowiedzialno\u015b\u0107 w miejscu pracy.<\/p><p><strong>Dlaczego warto wdro\u017cy\u0107 automatyczne badania trze\u017awo\u015bci w firmie?<\/strong><\/p><ol><li><strong>Bezpiecze\u0144stwo przede wszystkim<\/strong><br \/>G\u0142\u00f3wnym celem zautomatyzowanych bada\u0144 trze\u017awo\u015bci jest zagwarantowanie, \u017ce ka\u017cdy pracownik przyst\u0119puj\u0105cy do pracy, szczeg\u00f3lnie w zawodach wysokiego ryzyka, jest w pe\u0142ni trze\u017awy i gotowy do wykonywania swoich obowi\u0105zk\u00f3w. Niezale\u017cnie od tego, czy firma zajmuje si\u0119 transportem, produkcj\u0105, budownictwem, czy logistyk\u0105, trze\u017awo\u015b\u0107 pracownik\u00f3w to klucz do zapobiegania wypadkom i b\u0142\u0119dom, kt\u00f3re mog\u0105 prowadzi\u0107 do tragicznych konsekwencji.<\/li><li><strong>Automatyzacja procesu \u2013 oszcz\u0119dno\u015b\u0107 czasu i zwi\u0119kszenie efektywno\u015bci<\/strong><br \/>Zautomatyzowane badania trze\u017awo\u015bci pozwalaj\u0105 na szybkie i bezproblemowe sprawdzenie stanu pracownik\u00f3w bez potrzeby anga\u017cowania dodatkowego personelu. W przypadku system\u00f3w takich jak alkomaty zintegrowane z szafkami na kluczyki czy dokumenty, pracownik musi najpierw przej\u015b\u0107 test trze\u017awo\u015bci, zanim uzyska dost\u0119p do pojazd\u00f3w lub narz\u0119dzi pracy. Takie rozwi\u0105zanie eliminuje ryzyko b\u0142\u0119du ludzkiego i usprawnia kontrol\u0119.<\/li><li><strong>Pe\u0142na dyskrecja i obiektywno\u015b\u0107<\/strong><br \/>Automatyczne systemy bada\u0144 trze\u017awo\u015bci dzia\u0142aj\u0105 na zasadzie precyzyjnych algorytm\u00f3w i czujnik\u00f3w, kt\u00f3re minimalizuj\u0105 ryzyko subiektywnej oceny lub b\u0142\u0119d\u00f3w zwi\u0105zanych z manualnym badaniem. Pracownik, kt\u00f3ry codziennie przyst\u0119puje do badania, jest traktowany w pe\u0142ni obiektywnie, co wzmacnia poczucie sprawiedliwo\u015bci i odpowiedzialno\u015bci w\u015br\u00f3d za\u0142ogi.<\/li><li><strong>Prewencja i odpowiedzialno\u015b\u0107<\/strong><br \/>Regularne badania trze\u017awo\u015bci dzia\u0142aj\u0105 prewencyjnie, przypominaj\u0105c pracownikom o odpowiedzialno\u015bci za swoje zachowanie zar\u00f3wno w pracy, jak i poza ni\u0105. \u015awiadomo\u015b\u0107, \u017ce test jest obowi\u0105zkowy i nie da si\u0119 go obej\u015b\u0107, motywuje do unikania ryzykownych zachowa\u0144, takich jak spo\u017cywanie alkoholu przed zmian\u0105.<\/li><\/ol><p><strong>Jak dzia\u0142aj\u0105 zautomatyzowane badania trze\u017awo\u015bci?<\/strong><\/p><p>W systemach zautomatyzowanych pracownicy, zanim rozpoczn\u0105 prac\u0119 lub uzyskaj\u0105 dost\u0119p do kluczyk\u00f3w s\u0142u\u017cbowych, musz\u0105 przej\u015b\u0107 test trze\u017awo\u015bci za pomoc\u0105 <strong>alkomatu zintegrowanego z szafkami lub innymi urz\u0105dzeniami kontroluj\u0105cymi dost\u0119p<\/strong>. Proces przebiega w nast\u0119puj\u0105cy spos\u00f3b:<\/p><ol><li>Pracownik podchodzi do urz\u0105dzenia i wykonuje badanie trze\u017awo\u015bci.<\/li><li>Je\u015bli wynik testu wskazuje na stan trze\u017awo\u015bci, system odblokowuje dost\u0119p do pojazdu lub kluczyk\u00f3w.<\/li><li>W przypadku wyniku pozytywnego, dost\u0119p zostaje zablokowany, a odpowiednie osoby w firmie s\u0105 natychmiast informowane o sytuacji.<\/li><\/ol><p>Taki system mo\u017ce by\u0107 zintegrowany z r\u00f3\u017cnymi mechanizmami bezpiecze\u0144stwa, takimi jak <strong>szafki na kluczyki<\/strong>, dost\u0119p do pojazd\u00f3w czy nawet maszyny produkcyjne. Technologia ta mo\u017ce dzia\u0142a\u0107 niezale\u017cnie od personelu nadzoruj\u0105cego, zapewniaj\u0105c ci\u0105g\u0142y monitoring stanu pracownik\u00f3w.<\/p><p><strong>Korzy\u015bci dla pracodawcy i pracownik\u00f3w<\/strong><\/p><ul><li><strong>Redukcja wypadk\u00f3w<\/strong>: Regularne badania trze\u017awo\u015bci skutecznie minimalizuj\u0105 ryzyko wypadk\u00f3w zwi\u0105zanych z u\u017cywaniem alkoholu, co przek\u0142ada si\u0119 na lepsze bezpiecze\u0144stwo ca\u0142ej za\u0142ogi.<\/li><li><strong>Ochrona reputacji firmy<\/strong>: Wypadki zwi\u0105zane z alkoholem mog\u0105 zaszkodzi\u0107 wizerunkowi firmy i wp\u0142yn\u0105\u0107 na relacje z klientami czy kontrahentami. Wdro\u017cenie automatycznych bada\u0144 trze\u017awo\u015bci jest dowodem na to, \u017ce firma dba o bezpiecze\u0144stwo i profesjonalizm swoich pracownik\u00f3w.<\/li><li><strong>Zwi\u0119kszenie odpowiedzialno\u015bci pracownik\u00f3w<\/strong>: Dzi\u0119ki automatycznym testom, pracownicy wiedz\u0105, \u017ce kontrola odbywa si\u0119 systematycznie i sprawiedliwie. To wzmacnia ich poczucie odpowiedzialno\u015bci za w\u0142asne zdrowie i bezpiecze\u0144stwo.<\/li><li><strong>Zwi\u0119kszenie efektywno\u015bci operacyjnej<\/strong>: Automatyczne systemy bada\u0144 trze\u017awo\u015bci przyspieszaj\u0105 proces kontroli, eliminuj\u0105c konieczno\u015b\u0107 r\u0119cznego monitorowania stanu pracownik\u00f3w. To oznacza mniej przerw w pracy i szybszy dost\u0119p do narz\u0119dzi oraz pojazd\u00f3w.<\/li><\/ul><p><strong>Podsumowanie<\/strong><\/p><p>Zautomatyzowane badania trze\u017awo\u015bci pracownik\u00f3w to innowacyjne i efektywne rozwi\u0105zanie, kt\u00f3re zwi\u0119ksza poziom bezpiecze\u0144stwa, zmniejsza ryzyko wypadk\u00f3w oraz poprawia efektywno\u015b\u0107 w pracy. W dzisiejszym \u015bwiecie, gdzie ka\u017cda firma stawia na optymalizacj\u0119 i minimalizacj\u0119 zagro\u017ce\u0144, takie systemy s\u0105 nie tylko przysz\u0142o\u015bci\u0105, ale i konieczno\u015bci\u0105. Je\u015bli zale\u017cy Pa\u0144stwu na zbudowaniu bezpiecznego \u015brodowiska pracy oraz wzmocnieniu odpowiedzialno\u015bci zespo\u0142u, warto rozwa\u017cy\u0107 wdro\u017cenie takich technologii ju\u017c dzi\u015b.<\/p><p>Zapraszam do kontaktu, budujemy zautomatyzowane zabezpieczenia dla ma\u0142ych i du\u017cych firm.<\/p><p>\u00a0<\/p>\t\t\t\t\t\t\t\t<\/div>\n\t\t\t\t<\/div>\n\t\t\t\t<div class=\"elementor-element elementor-element-1f250c5 elementor-widget elementor-widget-image\" data-id=\"1f250c5\" data-element_type=\"widget\" data-e-type=\"widget\" data-widget_type=\"image.default\">\n\t\t\t\t<div class=\"elementor-widget-container\">\n\t\t\t\t\t\t\t\t\t\t\t\t\t\t\t<img decoding=\"async\" width=\"1024\" height=\"768\" src=\"https:\/\/ustniki.pl\/wp-content\/uploads\/2023\/04\/edyr-opat-1024x768.jpg\" class=\"attachment-large size-large wp-image-1425\" alt=\"\" srcset=\"https:\/\/ustniki.pl\/wp-content\/uploads\/2023\/04\/edyr-opat-1024x768.jpg 1024w, https:\/\/ustniki.pl\/wp-content\/uploads\/2023\/04\/edyr-opat-300x225.jpg 300w, https:\/\/ustniki.pl\/wp-content\/uploads\/2023\/04\/edyr-opat-768x576.jpg 768w, https:\/\/ustniki.pl\/wp-content\/uploads\/2023\/04\/edyr-opat-1536x1152.jpg 1536w, https:\/\/ustniki.pl\/wp-content\/uploads\/2023\/04\/edyr-opat-2048x1536.jpg 2048w, https:\/\/ustniki.pl\/wp-content\/uploads\/2023\/04\/edyr-opat-433x325.jpg 433w\" sizes=\"(max-width: 1024px) 100vw, 1024px\" \/>\t\t\t\t\t\t\t\t\t\t\t\t\t\t\t<\/div>\n\t\t\t\t<\/div>\n\t\t\t\t<div class=\"elementor-element elementor-element-4de86c4 elementor-widget elementor-widget-text-editor\" data-id=\"4de86c4\" data-element_type=\"widget\" data-e-type=\"widget\" data-widget_type=\"text-editor.default\">\n\t\t\t\t<div class=\"elementor-widget-container\">\n\t\t\t\t\t\t\t\t\t<p><strong>Depozytor zintegrowany z alkomatem<\/strong><\/p>\n<p>Obs\u0142uguj\u0105 od 10, 20, 50 do 100 lub 512 skrytek \/kluczy&nbsp;<\/p>\n<p>Cena dyspozytora skalkulowana jest&nbsp; w zale\u017cno\u015bci od ilo\u015bci skrytek\/kluczy .<\/p>\n<p><strong>Najwa\u017cniejsze cechy:<\/strong><\/p>\n<ul>\n<li>Identyfikacja u\u017cytkownika poprzez wprowadzenie kodu PIN lub\/i karty zbli\u017ceniowej lub\/i linii papilarnych<\/li>\n<li>Indywidualna kontrola trze\u017awo\u015bci &nbsp;przed wydaniem kluczy\/otwarciem skrytki<\/li>\n<li>(Depozytor &nbsp;zintegrowany jest z alkomatem)<\/li>\n<li>Zdecydowana poprawa bezpiecze\u0144stwa<\/li>\n<li>Dotykowy ekran LCD 8,9\u2019 (kolorowy) pozwalaj\u0105cy w pe\u0142ni zarz\u0105dza\u0107 depozytorem<\/li>\n<li>Zasilanie awaryjne pozwalaj\u0105ce na prac\u0119 depozytora bez zasilania sieciowego.<\/li>\n<li>Depozytor podpi\u0119ty jest do lokalnej sieci oraz centrali alarmowej GSM<\/li>\n<li>\u0141atwo\u015b\u0107 w obs\u0142udze<\/li>\n<li>Wielofunkcyjno\u015b\u0107 depozytora<\/li>\n<\/ul>\t\t\t\t\t\t\t\t<\/div>\n\t\t\t\t<\/div>\n\t\t\t\t\t<\/div>\n\t\t<\/div>\n\t\t\t\t\t<\/div>\n\t\t<\/section>\n\t\t\t\t<section class=\"elementor-section elementor-top-section elementor-element elementor-element-acd5790 elementor-section-boxed elementor-section-height-default elementor-section-height-default\" data-id=\"acd5790\" data-element_type=\"section\" data-e-type=\"section\">\n\t\t\t\t\t\t<div class=\"elementor-container elementor-column-gap-default\">\n\t\t\t\t\t<div class=\"elementor-column elementor-col-100 elementor-top-column elementor-element elementor-element-c2fdfa7\" data-id=\"c2fdfa7\" data-element_type=\"column\" data-e-type=\"column\">\n\t\t\t<div class=\"elementor-widget-wrap elementor-element-populated\">\n\t\t\t\t\t\t<div class=\"elementor-element elementor-element-931f410 elementor-widget elementor-widget-image\" data-id=\"931f410\" data-element_type=\"widget\" data-e-type=\"widget\" data-widget_type=\"image.default\">\n\t\t\t\t<div class=\"elementor-widget-container\">\n\t\t\t\t\t\t\t\t\t\t\t\t\t\t\t<img decoding=\"async\" src=\"https:\/\/ustniki.pl\/wp-content\/plugins\/elementor\/assets\/images\/placeholder.png\" title=\"\" alt=\"\" loading=\"lazy\" \/>\t\t\t\t\t\t\t\t\t\t\t\t\t\t\t<\/div>\n\t\t\t\t<\/div>\n\t\t\t\t\t<\/div>\n\t\t<\/div>\n\t\t\t\t\t<\/div>\n\t\t<\/section>\n\t\t\t\t<\/div>\n\t\t","protected":false},"excerpt":{"rendered":"<p>\/*! elementor &#8211; v3.23.0 &#8211; 15-07-2024 *\/ .elementor-widget-image{text-align:center}.elementor-widget-image a{display:inline-block}.elementor-widget-image a img[src$=&#8221;.svg&#8221;]{width:48px}.elementor-widget-image img{vertical-align:middle;display:inline-block} Zautomatyzowane badania trze\u017awo\u015bci pracownik\u00f3w \u2013 nowoczesne rozwi\u0105zanie dla bezpieczniejszego miejsca pracy Bezpiecze\u0144stwo w miejscu pracy to priorytet ka\u017cdej firmy, szczeg\u00f3lnie w bran\u017cach, w kt\u00f3rych pracownicy operuj\u0105 ci\u0119\u017ckimi maszynami, prowadz\u0105 pojazdy czy s\u0105 odpowiedzialni za bezpiecze\u0144stwo innych os\u00f3b. W dzisiejszych czasach, aby minimalizowa\u0107 ryzyko [&hellip;]<\/p>\n","protected":false},"author":2,"featured_media":0,"parent":0,"menu_order":0,"comment_status":"closed","ping_status":"closed","template":"","meta":{"ocean_post_layout":"","ocean_both_sidebars_style":"","ocean_both_sidebars_content_width":0,"ocean_both_sidebars_sidebars_width":0,"ocean_sidebar":"","ocean_second_sidebar":"","ocean_disable_margins":"enable","ocean_add_body_class":"","ocean_shortcode_before_top_bar":"","ocean_shortcode_after_top_bar":"","ocean_shortcode_before_header":"","ocean_shortcode_after_header":"","ocean_has_shortcode":"","ocean_shortcode_after_title":"","ocean_shortcode_before_footer_widgets":"","ocean_shortcode_after_footer_widgets":"","ocean_shortcode_before_footer_bottom":"","ocean_shortcode_after_footer_bottom":"","ocean_display_top_bar":"default","ocean_display_header":"default","ocean_header_style":"","ocean_center_header_left_menu":"","ocean_custom_header_template":"","ocean_custom_logo":0,"ocean_custom_retina_logo":0,"ocean_custom_logo_max_width":0,"ocean_custom_logo_tablet_max_width":0,"ocean_custom_logo_mobile_max_width":0,"ocean_custom_logo_max_height":0,"ocean_custom_logo_tablet_max_height":0,"ocean_custom_logo_mobile_max_height":0,"ocean_header_custom_menu":"","ocean_menu_typo_font_family":"","ocean_menu_typo_font_subset":"","ocean_menu_typo_font_size":0,"ocean_menu_typo_font_size_tablet":0,"ocean_menu_typo_font_size_mobile":0,"ocean_menu_typo_font_size_unit":"px","ocean_menu_typo_font_weight":"","ocean_menu_typo_font_weight_tablet":"","ocean_menu_typo_font_weight_mobile":"","ocean_menu_typo_transform":"","ocean_menu_typo_transform_tablet":"","ocean_menu_typo_transform_mobile":"","ocean_menu_typo_line_height":0,"ocean_menu_typo_line_height_tablet":0,"ocean_menu_typo_line_height_mobile":0,"ocean_menu_typo_line_height_unit":"","ocean_menu_typo_spacing":0,"ocean_menu_typo_spacing_tablet":0,"ocean_menu_typo_spacing_mobile":0,"ocean_menu_typo_spacing_unit":"","ocean_menu_link_color":"","ocean_menu_link_color_hover":"","ocean_menu_link_color_active":"","ocean_menu_link_background":"","ocean_menu_link_hover_background":"","ocean_menu_link_active_background":"","ocean_menu_social_links_bg":"","ocean_menu_social_hover_links_bg":"","ocean_menu_social_links_color":"","ocean_menu_social_hover_links_color":"","ocean_disable_title":"default","ocean_disable_heading":"default","ocean_post_title":"","ocean_post_subheading":"","ocean_post_title_style":"","ocean_post_title_background_color":"","ocean_post_title_background":0,"ocean_post_title_bg_image_position":"","ocean_post_title_bg_image_attachment":"","ocean_post_title_bg_image_repeat":"","ocean_post_title_bg_image_size":"","ocean_post_title_height":0,"ocean_post_title_bg_overlay":0.5,"ocean_post_title_bg_overlay_color":"","ocean_disable_breadcrumbs":"default","ocean_breadcrumbs_color":"","ocean_breadcrumbs_separator_color":"","ocean_breadcrumbs_links_color":"","ocean_breadcrumbs_links_hover_color":"","ocean_display_footer_widgets":"default","ocean_display_footer_bottom":"default","ocean_custom_footer_template":"","footnotes":""},"class_list":["post-702","page","type-page","status-publish","hentry","entry","owp-thumbs-layout-horizontal","owp-btn-normal","owp-tabs-layout-horizontal","has-no-thumbnails","has-product-nav"],"_links":{"self":[{"href":"https:\/\/ustniki.pl\/index.php?rest_route=\/wp\/v2\/pages\/702","targetHints":{"allow":["GET"]}}],"collection":[{"href":"https:\/\/ustniki.pl\/index.php?rest_route=\/wp\/v2\/pages"}],"about":[{"href":"https:\/\/ustniki.pl\/index.php?rest_route=\/wp\/v2\/types\/page"}],"author":[{"embeddable":true,"href":"https:\/\/ustniki.pl\/index.php?rest_route=\/wp\/v2\/users\/2"}],"replies":[{"embeddable":true,"href":"https:\/\/ustniki.pl\/index.php?rest_route=%2Fwp%2Fv2%2Fcomments&post=702"}],"version-history":[{"count":29,"href":"https:\/\/ustniki.pl\/index.php?rest_route=\/wp\/v2\/pages\/702\/revisions"}],"predecessor-version":[{"id":1444,"href":"https:\/\/ustniki.pl\/index.php?rest_route=\/wp\/v2\/pages\/702\/revisions\/1444"}],"wp:attachment":[{"href":"https:\/\/ustniki.pl\/index.php?rest_route=%2Fwp%2Fv2%2Fmedia&parent=702"}],"curies":[{"name":"wp","href":"https:\/\/api.w.org\/{rel}","templated":true}]}}