{"id":643,"date":"2023-04-07T13:12:31","date_gmt":"2023-04-07T13:12:31","guid":{"rendered":"http:\/\/ustniki.pl\/?page_id=643"},"modified":"2023-04-10T12:45:53","modified_gmt":"2023-04-10T12:45:53","slug":"procedura-badania-trzezwosci","status":"publish","type":"page","link":"https:\/\/ustniki.pl\/?page_id=643","title":{"rendered":"Procedura badania trze\u017awo\u015bci"},"content":{"rendered":"\t\t<div data-elementor-type=\"wp-page\" data-elementor-id=\"643\" class=\"elementor elementor-643\">\n\t\t\t\t\t\t<section class=\"elementor-section elementor-top-section elementor-element elementor-element-eef6909 elementor-section-boxed elementor-section-height-default elementor-section-height-default\" data-id=\"eef6909\" data-element_type=\"section\" data-e-type=\"section\">\n\t\t\t\t\t\t<div class=\"elementor-container elementor-column-gap-default\">\n\t\t\t\t\t<div class=\"elementor-column elementor-col-100 elementor-top-column elementor-element elementor-element-ffd177b\" data-id=\"ffd177b\" data-element_type=\"column\" data-e-type=\"column\">\n\t\t\t<div class=\"elementor-widget-wrap elementor-element-populated\">\n\t\t\t\t\t\t<div class=\"elementor-element elementor-element-74a62f2 elementor-widget elementor-widget-text-editor\" data-id=\"74a62f2\" data-element_type=\"widget\" data-e-type=\"widget\" data-widget_type=\"text-editor.default\">\n\t\t\t\t<div class=\"elementor-widget-container\">\n\t\t\t\t\t\t\t\t\t<h1>Procedura badania trze\u017awo\u015bci pracownik\u00f3w 2023<\/h1>\n<ul id=\"imagesList1\" class=\"imagesList\">\n<li class=\"lL\"><a class=\"quickbox[70]\" title=\"\" href=\"http:\/\/ustniki.pl\/files\/Procedura.jpeg\"><img decoding=\"async\" src=\"http:\/\/ustniki.pl\/files\/150\/Procedura.jpeg\" alt=\"\"><\/a><\/li>\n<\/ul>\n<div id=\"pageDescription\" class=\"content\">\n<p><strong>13-01-2023 Sejm przyj\u0105\u0142 nowelizacj\u0119 odno\u015bnie bada\u0144 trze\u017awo\u015bci pracownik\u00f3w przez pracodawc\u00f3w.<\/strong>&nbsp;&nbsp;<\/p>\n<p>Spisujemy procedur\u0119 postepowania w zak\u0142adach pracy odno\u015bnie bada\u0144 trze\u017awo\u015bci pracownik\u00f3w i podwykonawc\u00f3w po nowelizacji kt\u00f3ra nast\u0105pi z pocz\u0105tkiem&nbsp; 2023 roku. Procedura jest dostosowana do konkretnej firmy i grupy zawod\u00f3w -&#8222;szyjemy procedur\u0119 na miar\u0119&#8221;. Procedura opisuje krok po kroku jak post\u0119powa\u0107 z pracownikiem w danej sytuacji, jakie ma przywileje pracownik i pracodawca, jak: dokumentowa\u0107, bada\u0107, zapobiega\u0107, jakich urz\u0105dze\u0144 u\u017cywa\u0107, kto mo\u017ce bada\u0107, kto ponosi koszty bada\u0144, jak chroni\u0107 badanego i jego dane wra\u017cliwe, progi trze\u017awo\u015bci i inne dane. Badania trze\u017awo\u015bci obejmuj\u0105 alkohol i inne substancje psychoaktywne -narkotyki ,dopalacze NPS (nowe psychoaktywne substancje) oraz leki psychotropowe jak te\u017c leki OTC.&nbsp; &nbsp;<\/p>\n<p>W nowej ustawie pracodawca mo\u017ce&nbsp; przeprowadza\u0107 badania prewencyjne. Mo\u017cna&nbsp; je prowadzi\u0107 po wcze\u015bniejszym og\u0142oszeniu procedury postepowania przedstawionej pracownikom na dwa tygodnie wcze\u015bniej przed rozpocz\u0119ciem&nbsp; bada\u0144, pisemnie lub w innej formie np. elektronicznie. Procedura ma na celu zabezpieczenie firmy przed utrat\u0105 marki, stratami finansowymi oraz naruszeniami godno\u015bci i innych d\u00f3br osobistych pracownika lub podwykonawcy.&nbsp;<\/p>\n<p>Procedura jaki\u0105 proponujemy powsta\u0142a na bazie naszych w\u0142asnych do\u015bwiadcze\u0144 podczas pisania i wdra\u017cania oraz realizacji&nbsp; procedur bada\u0144 dla wielu firm oraz wykonywanie&nbsp; bada\u0144 pracownik\u00f3w w zak\u0142adach pracy od 2003 roku do chwili obecnej- Kwiecie\u0144 2023.&nbsp;<\/p>\n<p>Zainteresowanych prosimy o kontakt na skrzynk\u0119 ustniki@ustniki.pl&nbsp; &nbsp;lub&nbsp; tel. 501 134 201.&nbsp;<\/p>\n<\/div>\t\t\t\t\t\t\t\t<\/div>\n\t\t\t\t<\/div>\n\t\t\t\t\t<\/div>\n\t\t<\/div>\n\t\t\t\t\t<\/div>\n\t\t<\/section>\n\t\t\t\t<\/div>\n\t\t","protected":false},"excerpt":{"rendered":"<p>Procedura badania trze\u017awo\u015bci pracownik\u00f3w 2023 13-01-2023 Sejm przyj\u0105\u0142 nowelizacj\u0119 odno\u015bnie bada\u0144 trze\u017awo\u015bci pracownik\u00f3w przez pracodawc\u00f3w.&nbsp;&nbsp; Spisujemy procedur\u0119 postepowania w zak\u0142adach pracy odno\u015bnie bada\u0144 trze\u017awo\u015bci pracownik\u00f3w i podwykonawc\u00f3w po nowelizacji kt\u00f3ra nast\u0105pi z pocz\u0105tkiem&nbsp; 2023 roku. Procedura jest dostosowana do konkretnej firmy i grupy zawod\u00f3w -&#8222;szyjemy procedur\u0119 na miar\u0119&#8221;. Procedura opisuje krok po kroku jak post\u0119powa\u0107 [&hellip;]<\/p>\n","protected":false},"author":1,"featured_media":0,"parent":0,"menu_order":0,"comment_status":"closed","ping_status":"closed","template":"","meta":{"ocean_post_layout":"","ocean_both_sidebars_style":"","ocean_both_sidebars_content_width":0,"ocean_both_sidebars_sidebars_width":0,"ocean_sidebar":"0","ocean_second_sidebar":"0","ocean_disable_margins":"enable","ocean_add_body_class":"","ocean_shortcode_before_top_bar":"","ocean_shortcode_after_top_bar":"","ocean_shortcode_before_header":"","ocean_shortcode_after_header":"","ocean_has_shortcode":"","ocean_shortcode_after_title":"","ocean_shortcode_before_footer_widgets":"","ocean_shortcode_after_footer_widgets":"","ocean_shortcode_before_footer_bottom":"","ocean_shortcode_after_footer_bottom":"","ocean_display_top_bar":"default","ocean_display_header":"default","ocean_header_style":"","ocean_center_header_left_menu":"0","ocean_custom_header_template":"0","ocean_custom_logo":0,"ocean_custom_retina_logo":0,"ocean_custom_logo_max_width":0,"ocean_custom_logo_tablet_max_width":0,"ocean_custom_logo_mobile_max_width":0,"ocean_custom_logo_max_height":0,"ocean_custom_logo_tablet_max_height":0,"ocean_custom_logo_mobile_max_height":0,"ocean_header_custom_menu":"0","ocean_menu_typo_font_family":"0","ocean_menu_typo_font_subset":"","ocean_menu_typo_font_size":0,"ocean_menu_typo_font_size_tablet":0,"ocean_menu_typo_font_size_mobile":0,"ocean_menu_typo_font_size_unit":"px","ocean_menu_typo_font_weight":"","ocean_menu_typo_font_weight_tablet":"","ocean_menu_typo_font_weight_mobile":"","ocean_menu_typo_transform":"","ocean_menu_typo_transform_tablet":"","ocean_menu_typo_transform_mobile":"","ocean_menu_typo_line_height":0,"ocean_menu_typo_line_height_tablet":0,"ocean_menu_typo_line_height_mobile":0,"ocean_menu_typo_line_height_unit":"","ocean_menu_typo_spacing":0,"ocean_menu_typo_spacing_tablet":0,"ocean_menu_typo_spacing_mobile":0,"ocean_menu_typo_spacing_unit":"","ocean_menu_link_color":"","ocean_menu_link_color_hover":"","ocean_menu_link_color_active":"","ocean_menu_link_background":"","ocean_menu_link_hover_background":"","ocean_menu_link_active_background":"","ocean_menu_social_links_bg":"","ocean_menu_social_hover_links_bg":"","ocean_menu_social_links_color":"","ocean_menu_social_hover_links_color":"","ocean_disable_title":"default","ocean_disable_heading":"default","ocean_post_title":"","ocean_post_subheading":"","ocean_post_title_style":"","ocean_post_title_background_color":"","ocean_post_title_background":0,"ocean_post_title_bg_image_position":"","ocean_post_title_bg_image_attachment":"","ocean_post_title_bg_image_repeat":"","ocean_post_title_bg_image_size":"","ocean_post_title_height":0,"ocean_post_title_bg_overlay":0.5,"ocean_post_title_bg_overlay_color":"","ocean_disable_breadcrumbs":"default","ocean_breadcrumbs_color":"","ocean_breadcrumbs_separator_color":"","ocean_breadcrumbs_links_color":"","ocean_breadcrumbs_links_hover_color":"","ocean_display_footer_widgets":"default","ocean_display_footer_bottom":"default","ocean_custom_footer_template":"0","footnotes":""},"class_list":["post-643","page","type-page","status-publish","hentry","entry","owp-thumbs-layout-horizontal","owp-btn-normal","owp-tabs-layout-horizontal","has-no-thumbnails","has-product-nav"],"_links":{"self":[{"href":"https:\/\/ustniki.pl\/index.php?rest_route=\/wp\/v2\/pages\/643","targetHints":{"allow":["GET"]}}],"collection":[{"href":"https:\/\/ustniki.pl\/index.php?rest_route=\/wp\/v2\/pages"}],"about":[{"href":"https:\/\/ustniki.pl\/index.php?rest_route=\/wp\/v2\/types\/page"}],"author":[{"embeddable":true,"href":"https:\/\/ustniki.pl\/index.php?rest_route=\/wp\/v2\/users\/1"}],"replies":[{"embeddable":true,"href":"https:\/\/ustniki.pl\/index.php?rest_route=%2Fwp%2Fv2%2Fcomments&post=643"}],"version-history":[{"count":7,"href":"https:\/\/ustniki.pl\/index.php?rest_route=\/wp\/v2\/pages\/643\/revisions"}],"predecessor-version":[{"id":729,"href":"https:\/\/ustniki.pl\/index.php?rest_route=\/wp\/v2\/pages\/643\/revisions\/729"}],"wp:attachment":[{"href":"https:\/\/ustniki.pl\/index.php?rest_route=%2Fwp%2Fv2%2Fmedia&parent=643"}],"curies":[{"name":"wp","href":"https:\/\/api.w.org\/{rel}","templated":true}]}}