{"id":641,"date":"2023-04-07T13:12:03","date_gmt":"2023-04-07T13:12:03","guid":{"rendered":"http:\/\/ustniki.pl\/?page_id=641"},"modified":"2023-04-10T19:40:23","modified_gmt":"2023-04-10T19:40:23","slug":"sygnalista-compliance","status":"publish","type":"page","link":"https:\/\/ustniki.pl\/?page_id=641","title":{"rendered":"Sygnalista Compliance"},"content":{"rendered":"\t\t<div data-elementor-type=\"wp-page\" data-elementor-id=\"641\" class=\"elementor elementor-641\">\n\t\t\t\t\t\t<section class=\"elementor-section elementor-top-section elementor-element elementor-element-d45fbf5 elementor-section-boxed elementor-section-height-default elementor-section-height-default\" data-id=\"d45fbf5\" data-element_type=\"section\" data-e-type=\"section\">\n\t\t\t\t\t\t<div class=\"elementor-container elementor-column-gap-default\">\n\t\t\t\t\t<div class=\"elementor-column elementor-col-100 elementor-top-column elementor-element elementor-element-df2a781\" data-id=\"df2a781\" data-element_type=\"column\" data-e-type=\"column\">\n\t\t\t<div class=\"elementor-widget-wrap elementor-element-populated\">\n\t\t\t\t\t\t<div class=\"elementor-element elementor-element-b5916dc elementor-widget elementor-widget-text-editor\" data-id=\"b5916dc\" data-element_type=\"widget\" data-e-type=\"widget\" data-widget_type=\"text-editor.default\">\n\t\t\t\t<div class=\"elementor-widget-container\">\n\t\t\t\t\t\t\t\t\t<h1>Sygnalista Compliance<\/h1><ul id=\"imagesList1\" class=\"imagesList\"><li class=\"lL\"><a class=\"quickbox[65]\" title=\"\" href=\"http:\/\/ustniki.pl\/files\/compliance.jpg\"><img decoding=\"async\" src=\"http:\/\/ustniki.pl\/files\/150\/compliance.jpg\" alt=\"\" \/><\/a><\/li><\/ul><ul id=\"imagesList2\" class=\"imagesList\"><li class=\"lL\"><a class=\"quickbox[65]\" title=\"\" href=\"http:\/\/ustniki.pl\/files\/sygnalista1.jpg\"><img decoding=\"async\" src=\"http:\/\/ustniki.pl\/files\/150\/sygnalista1.jpg\" alt=\"\" \/><\/a><\/li><\/ul><div id=\"pageDescription\" class=\"content\"><h3>Posiadamy aplikacj\u0119-\u00a0<strong>platform\u0119 zg\u0142osze\u0144 sygnalist\u00f3w<\/strong>&#8211;\u00a0chroni\u0105c\u0105\u00a0 to\u017csamo\u015b\u0107 sygnalist\u00f3w i\u00a0wspieraj\u0105c\u0105\u00a0 zarz\u0105dzanie ryzykiem w\u00a0Twojej firmie.<\/h3><p>Ju\u017c od 169 z\u0142 miesi\u0119cznie aplikacja pomo\u017ce Ci zapobiega\u0107 wypadkom oraz pomo\u017ce\u00a0 w organizacji przyjmowania zg\u0142osze\u0144 o nieprawid\u0142owo\u015bciach w firmie, pilnuje termin\u00f3w oraz ca\u0142ej procedury. Program jest tak zaprojektowany i\u017c chroni anonimowo\u015b\u0107 osoby zag\u0142uszaj\u0105cej wykroczenia jak te\u017c zapobiega nadu\u017cyciom.\u00a0<\/p><p>\u00a0<\/p><ul><li>Stworzona w\u00a0oparciu o\u00a0nowoczesne technologie<\/li><li>Pe\u0142na zgodno\u015b\u0107 z\u00a0wymogami<\/li><li>Gwarancja bezpiecze\u0144stwa Twojej firmy<\/li><li>Rozwi\u0105zanie pewne i\u00a0stabilne<\/li><li><p>Pod koniec ubieg\u0142ego roku mia\u0142a miejsce nowelizacja krajowej ustawy AML, czyli ustawy o\u00a0przeciwdzia\u0142aniu praniu pieni\u0119dzy i\u00a0finansowaniu terroryzmu. G\u0142\u00f3wnym jej celem by\u0142o dostosowanie polskich przepis\u00f3w do wymaga\u0144 tzw. unijnej V dyrektywy AML oraz IV dyrektywy AML. Jeden z\u00a0punkt\u00f3w, jaki pojawi\u0142 si\u0119 w\u00a0dokumencie, porusza tak\u017ce kwestie sygnalist\u00f3w i\u00a0whistleblowingu.<\/p><p>Znowelizowana wersja ustawy AML zosta\u0142a uzupe\u0142niona o\u00a0zapisy gwarantuj\u0105ce ochron\u0119 os\u00f3b zg\u0142aszaj\u0105cych naruszenia przepis\u00f3w z\u00a0zakresu obj\u0119tego ustaw\u0105, czyli przepis\u00f3w o\u00a0przeciwdzia\u0142aniu praniu pieni\u0119dzy i\u00a0finansowania terroryzmu. Zgodnie z\u00a0art. 53 ust. 4 ustawy AML organizacje s\u0105 zobowi\u0105zane do niepodejmowania \u017cadnych dzia\u0142a\u0144 o\u00a0charakterze represyjnym lub odwetowym wobec pracownik\u00f3w lub innych os\u00f3b wykonuj\u0105cych czynno\u015bci na rzecz instytucji obowi\u0105zanej. Ustawa wskazuje tu m.in. czynno\u015bci mog\u0105ce wp\u0142yn\u0105\u0107 na sytuacj\u0119 prawn\u0105 albo faktyczn\u0105 os\u00f3b, albo polegaj\u0105ce na kierowaniu wobec nich gr\u00f3\u017ab czy dzia\u0142a\u0144, kt\u00f3re mog\u0105 wp\u0142yn\u0105\u0107 negatywnie na ich warunki pracy czy zatrudnienia. Ponadto organizacje obj\u0119te ustaw\u0105 AML s\u0105 zobowi\u0105zane do wprowadzenia rozwi\u0105za\u0144, kt\u00f3re zminimalizuj\u0105 ryzyko negatywnych skutk\u00f3w zg\u0142oszenia wobec pracownik\u00f3w lub innych os\u00f3b pracuj\u0105cych na rzecz organizacji. Ustawa wskazuje wprowadzenie m.in. specjalnych procedur czy ochrony informacji w\u00a0zakresie danych osobowych sygnalisty oraz osoby podejrzanej o\u00a0naruszenie przepis\u00f3w. Oczywi\u015bcie przetwarzanie informacji w\u00a0ramach procesu whistleblowingowego musi odbywa\u0107 si\u0119 w\u00a0zgodzie z\u00a0RODO. Sprowadza si\u0119 to do wdro\u017cenia procedur oraz specjalnego anonimowego kana\u0142u komunikacji dla os\u00f3b zg\u0142aszaj\u0105cych nadu\u017cycia, podobnie jak w\u00a0przypadku dyrektywy o\u00a0ochronie sygnalist\u00f3w.<\/p><p>Ciekawym punktem ustawy jest r\u00f3wnie\u017c mo\u017cliwo\u015b\u0107 zg\u0142aszania narusze\u0144 przez pracownik\u00f3w czy inne osoby dzia\u0142aj\u0105ce na rzecz organizacji bezpo\u015brednio do Generalnego Inspektora Informacji Finansowej. Przepis ten ma zastosowanie, je\u015bli zg\u0142aszaj\u0105cy m\u00f3g\u0142by by\u0107 nara\u017cony na dzia\u0142ania represyjne lub inne negatywne skutki swojego dzia\u0142ania.<\/p><p>Podobnie jak w\u00a0przypadku dyrektywy o\u00a0ochronie sygnalist\u00f3w, tak i\u00a0tu rekomendujemy rzetelnie podej\u015bcie do kwestii whistleblowingu i\u00a0implementacj\u0119 procedur oraz kana\u0142\u00f3w komunikacji, kt\u00f3re b\u0119d\u0105 dawa\u0142y realn\u0105 ochron\u0119 osobie zg\u0142aszaj\u0105cej. Taki system musi wzbudza\u0107 zaufanie w\u015br\u00f3d pracownik\u00f3w, bo tylko w\u00a0ten spos\u00f3b, w\u00a0razie zaistnienia konieczno\u015bci, wybior\u0105 oni kana\u0142 wewn\u0119trzny do raportowania sytuacji niezgodnych z\u00a0ustaw\u0105 AML, a\u00a0nie zg\u0142oszenie do wspomnianego Generalnego Inspektora Informacji Finansowej. W ten spos\u00f3b firma sama mo\u017ce wyeliminowa\u0107 \u017ar\u00f3d\u0142o problemu i\u00a0zbudowa\u0107 zaufanie w\u015br\u00f3d swoich pracownik\u00f3w, bez nara\u017cania si\u0119 na negatywne konsekwencje zewn\u0119trzne, np. dotkliwe kary finansowe od regulator\u00f3w.<\/p><\/li><\/ul><\/div>\t\t\t\t\t\t\t\t<\/div>\n\t\t\t\t<\/div>\n\t\t\t\t\t<\/div>\n\t\t<\/div>\n\t\t\t\t\t<\/div>\n\t\t<\/section>\n\t\t\t\t<\/div>\n\t\t","protected":false},"excerpt":{"rendered":"<p>Sygnalista Compliance Posiadamy aplikacj\u0119-\u00a0platform\u0119 zg\u0142osze\u0144 sygnalist\u00f3w&#8211;\u00a0chroni\u0105c\u0105\u00a0 to\u017csamo\u015b\u0107 sygnalist\u00f3w i\u00a0wspieraj\u0105c\u0105\u00a0 zarz\u0105dzanie ryzykiem w\u00a0Twojej firmie. Ju\u017c od 169 z\u0142 miesi\u0119cznie aplikacja pomo\u017ce Ci zapobiega\u0107 wypadkom oraz pomo\u017ce\u00a0 w organizacji przyjmowania zg\u0142osze\u0144 o nieprawid\u0142owo\u015bciach w firmie, pilnuje termin\u00f3w oraz ca\u0142ej procedury. Program jest tak zaprojektowany i\u017c chroni anonimowo\u015b\u0107 osoby zag\u0142uszaj\u0105cej wykroczenia jak te\u017c zapobiega nadu\u017cyciom.\u00a0 \u00a0 Stworzona w\u00a0oparciu [&hellip;]<\/p>\n","protected":false},"author":1,"featured_media":0,"parent":0,"menu_order":0,"comment_status":"closed","ping_status":"closed","template":"","meta":{"ocean_post_layout":"","ocean_both_sidebars_style":"","ocean_both_sidebars_content_width":0,"ocean_both_sidebars_sidebars_width":0,"ocean_sidebar":"0","ocean_second_sidebar":"0","ocean_disable_margins":"enable","ocean_add_body_class":"","ocean_shortcode_before_top_bar":"","ocean_shortcode_after_top_bar":"","ocean_shortcode_before_header":"","ocean_shortcode_after_header":"","ocean_has_shortcode":"","ocean_shortcode_after_title":"","ocean_shortcode_before_footer_widgets":"","ocean_shortcode_after_footer_widgets":"","ocean_shortcode_before_footer_bottom":"","ocean_shortcode_after_footer_bottom":"","ocean_display_top_bar":"default","ocean_display_header":"default","ocean_header_style":"","ocean_center_header_left_menu":"0","ocean_custom_header_template":"0","ocean_custom_logo":0,"ocean_custom_retina_logo":0,"ocean_custom_logo_max_width":0,"ocean_custom_logo_tablet_max_width":0,"ocean_custom_logo_mobile_max_width":0,"ocean_custom_logo_max_height":0,"ocean_custom_logo_tablet_max_height":0,"ocean_custom_logo_mobile_max_height":0,"ocean_header_custom_menu":"0","ocean_menu_typo_font_family":"0","ocean_menu_typo_font_subset":"","ocean_menu_typo_font_size":0,"ocean_menu_typo_font_size_tablet":0,"ocean_menu_typo_font_size_mobile":0,"ocean_menu_typo_font_size_unit":"px","ocean_menu_typo_font_weight":"","ocean_menu_typo_font_weight_tablet":"","ocean_menu_typo_font_weight_mobile":"","ocean_menu_typo_transform":"","ocean_menu_typo_transform_tablet":"","ocean_menu_typo_transform_mobile":"","ocean_menu_typo_line_height":0,"ocean_menu_typo_line_height_tablet":0,"ocean_menu_typo_line_height_mobile":0,"ocean_menu_typo_line_height_unit":"","ocean_menu_typo_spacing":0,"ocean_menu_typo_spacing_tablet":0,"ocean_menu_typo_spacing_mobile":0,"ocean_menu_typo_spacing_unit":"","ocean_menu_link_color":"","ocean_menu_link_color_hover":"","ocean_menu_link_color_active":"","ocean_menu_link_background":"","ocean_menu_link_hover_background":"","ocean_menu_link_active_background":"","ocean_menu_social_links_bg":"","ocean_menu_social_hover_links_bg":"","ocean_menu_social_links_color":"","ocean_menu_social_hover_links_color":"","ocean_disable_title":"default","ocean_disable_heading":"default","ocean_post_title":"","ocean_post_subheading":"","ocean_post_title_style":"","ocean_post_title_background_color":"","ocean_post_title_background":0,"ocean_post_title_bg_image_position":"","ocean_post_title_bg_image_attachment":"","ocean_post_title_bg_image_repeat":"","ocean_post_title_bg_image_size":"","ocean_post_title_height":0,"ocean_post_title_bg_overlay":0.5,"ocean_post_title_bg_overlay_color":"","ocean_disable_breadcrumbs":"default","ocean_breadcrumbs_color":"","ocean_breadcrumbs_separator_color":"","ocean_breadcrumbs_links_color":"","ocean_breadcrumbs_links_hover_color":"","ocean_display_footer_widgets":"default","ocean_display_footer_bottom":"default","ocean_custom_footer_template":"0","footnotes":""},"class_list":["post-641","page","type-page","status-publish","hentry","entry","owp-thumbs-layout-horizontal","owp-btn-normal","owp-tabs-layout-horizontal","has-no-thumbnails","has-product-nav"],"_links":{"self":[{"href":"https:\/\/ustniki.pl\/index.php?rest_route=\/wp\/v2\/pages\/641","targetHints":{"allow":["GET"]}}],"collection":[{"href":"https:\/\/ustniki.pl\/index.php?rest_route=\/wp\/v2\/pages"}],"about":[{"href":"https:\/\/ustniki.pl\/index.php?rest_route=\/wp\/v2\/types\/page"}],"author":[{"embeddable":true,"href":"https:\/\/ustniki.pl\/index.php?rest_route=\/wp\/v2\/users\/1"}],"replies":[{"embeddable":true,"href":"https:\/\/ustniki.pl\/index.php?rest_route=%2Fwp%2Fv2%2Fcomments&post=641"}],"version-history":[{"count":5,"href":"https:\/\/ustniki.pl\/index.php?rest_route=\/wp\/v2\/pages\/641\/revisions"}],"predecessor-version":[{"id":778,"href":"https:\/\/ustniki.pl\/index.php?rest_route=\/wp\/v2\/pages\/641\/revisions\/778"}],"wp:attachment":[{"href":"https:\/\/ustniki.pl\/index.php?rest_route=%2Fwp%2Fv2%2Fmedia&parent=641"}],"curies":[{"name":"wp","href":"https:\/\/api.w.org\/{rel}","templated":true}]}}