{"id":502,"date":"2023-04-05T04:33:18","date_gmt":"2023-04-05T04:33:18","guid":{"rendered":"http:\/\/ustniki.pl\/?page_id=502"},"modified":"2026-04-06T17:36:21","modified_gmt":"2026-04-06T16:36:21","slug":"o-firmie","status":"publish","type":"page","link":"https:\/\/ustniki.pl\/?page_id=502","title":{"rendered":"O FIRMIE"},"content":{"rendered":"\t\t<div data-elementor-type=\"wp-page\" data-elementor-id=\"502\" class=\"elementor elementor-502\">\n\t\t\t\t\t\t<section class=\"elementor-section elementor-top-section elementor-element elementor-element-e799136 elementor-section-boxed elementor-section-height-default elementor-section-height-default\" data-id=\"e799136\" data-element_type=\"section\" data-e-type=\"section\">\n\t\t\t\t\t\t<div class=\"elementor-container elementor-column-gap-default\">\n\t\t\t\t\t<div class=\"elementor-column elementor-col-100 elementor-top-column elementor-element elementor-element-68e2cbf\" data-id=\"68e2cbf\" data-element_type=\"column\" data-e-type=\"column\">\n\t\t\t<div class=\"elementor-widget-wrap elementor-element-populated\">\n\t\t\t\t\t\t<div class=\"elementor-element elementor-element-b6a8023 elementor-widget elementor-widget-text-editor\" data-id=\"b6a8023\" data-element_type=\"widget\" data-e-type=\"widget\" data-widget_type=\"text-editor.default\">\n\t\t\t\t<div class=\"elementor-widget-container\">\n\t\t\t\t\t\t\t\t\t<h1 data-section-id=\"1uqh7l3\" data-start=\"259\" data-end=\"295\">\ud83d\udfe6 O nas \u2013 Medart2000 Janusz Peryt<\/h1><p data-start=\"297\" data-end=\"397\"><strong data-start=\"297\" data-end=\"397\">Od 1996 roku wspieramy pracodawc\u00f3w w budowaniu bezpiecznego i odpowiedzialnego \u015brodowiska pracy.<\/strong><\/p><p data-start=\"399\" data-end=\"568\">Pomagamy firmom <strong data-start=\"415\" data-end=\"477\">zapobiega\u0107 wypadkom, ogranicza\u0107 ryzyko i chroni\u0107 reputacj\u0119<\/strong>, dostarczaj\u0105c sprawdzone rozwi\u0105zania w zakresie kontroli trze\u017awo\u015bci oraz prewencji u\u017cywek.<\/p><p data-start=\"570\" data-end=\"705\">\u0141\u0105czymy <strong data-start=\"578\" data-end=\"617\">wiedz\u0119, technologi\u0119 i do\u015bwiadczenie<\/strong>, aby wspiera\u0107 organizacje w podejmowaniu w\u0142a\u015bciwych decyzji \u2013 zanim pojawi si\u0119 problem.<\/p><p data-start=\"707\" data-end=\"771\">\ud83d\udc49 <strong data-start=\"710\" data-end=\"771\">Zadbaj o bezpiecze\u0144stwo w swojej firmie \u2013 zr\u00f3b to z nami.<\/strong><\/p><hr data-start=\"773\" data-end=\"776\" \/><h1 data-section-id=\"k28zgc\" data-start=\"778\" data-end=\"794\">\ud83d\udfe9 Nasze motto<\/h1><p data-start=\"796\" data-end=\"848\"><strong data-start=\"796\" data-end=\"848\">\u201eAby wiedza i czucie wyprzedza\u0142y do\u015bwiadczenia.\u201d<\/strong><\/p><hr data-start=\"850\" data-end=\"853\" \/><h1 data-section-id=\"xdfmcw\" data-start=\"855\" data-end=\"872\">\ud83d\udfe6 Kim jeste\u015bmy<\/h1><p data-start=\"874\" data-end=\"976\">Medart2000 Janusz Peryt to firma z ponad <strong data-start=\"915\" data-end=\"943\">25-letnim do\u015bwiadczeniem<\/strong>, specjalizuj\u0105ca si\u0119 w systemach:<\/p><p data-start=\"978\" data-end=\"1107\">\u2714 kontroli trze\u017awo\u015bci pracownik\u00f3w<br data-start=\"1011\" data-end=\"1014\" \/>\u2714 prewencji u\u017cywek w miejscu pracy<br data-start=\"1048\" data-end=\"1051\" \/>\u2714 wsparcia pracodawc\u00f3w w dzia\u0142aniach zgodnych z prawem<\/p><p data-start=\"1109\" data-end=\"1187\">Dzia\u0142amy kompleksowo \u2013 od urz\u0105dze\u0144, przez szkolenia, a\u017c po wdro\u017cenia procedur.<\/p><hr data-start=\"1189\" data-end=\"1192\" \/><h1 data-section-id=\"12n1ucz\" data-start=\"1194\" data-end=\"1208\">\ud83d\udfe6 Co robimy<\/h1><p data-start=\"1210\" data-end=\"1278\">Nasz\u0105 misj\u0105 jest <strong data-start=\"1227\" data-end=\"1277\">ochrona ludzi, biznesu i dobrego imienia firmy<\/strong>.<\/p><p data-start=\"1280\" data-end=\"1303\">Realizujemy j\u0105 poprzez:<\/p><p data-start=\"1305\" data-end=\"1338\">\ud83d\udd39 <strong data-start=\"1308\" data-end=\"1338\">Sprzeda\u017c i serwis urz\u0105dze\u0144<\/strong><\/p><ul data-start=\"1339\" data-end=\"1431\"><li data-section-id=\"1q423rm\" data-start=\"1339\" data-end=\"1378\">alkomaty (profesjonalne i dowodowe)<\/li><li data-section-id=\"1ozxgw2\" data-start=\"1379\" data-end=\"1407\">narkotesty (np. \u015blinowe)<\/li><li data-section-id=\"xbjj29\" data-start=\"1408\" data-end=\"1431\">ustniki jednorazowe<\/li><\/ul><p data-start=\"1433\" data-end=\"1462\">\ud83d\udd39 <strong data-start=\"1436\" data-end=\"1462\">Nowoczesne rozwi\u0105zania<\/strong><\/p><ul data-start=\"1463\" data-end=\"1590\"><li data-section-id=\"nkzald\" data-start=\"1463\" data-end=\"1485\">blokady alkoholowe<\/li><li data-section-id=\"1pmcb9r\" data-start=\"1486\" data-end=\"1546\">systemy kontroli dost\u0119pu powi\u0105zane z badaniem trze\u017awo\u015bci<\/li><li data-section-id=\"1qortlw\" data-start=\"1547\" data-end=\"1590\">rozwi\u0105zania automatyczne i autonomiczne<\/li><\/ul><p data-start=\"1592\" data-end=\"1619\">\ud83d\udd39 <strong data-start=\"1595\" data-end=\"1619\">Szkolenia praktyczne<\/strong><\/p><ul data-start=\"1620\" data-end=\"1805\"><li data-section-id=\"xajnso\" data-start=\"1620\" data-end=\"1683\">badania trze\u017awo\u015bci zgodnie z przepisami (Kodeks pracy 2023)<\/li><li data-section-id=\"4biv72\" data-start=\"1684\" data-end=\"1729\">rozpoznawanie os\u00f3b \u201eniezdolnych do pracy\u201d<\/li><li data-section-id=\"18gqxca\" data-start=\"1730\" data-end=\"1805\">prowadzenie rozm\u00f3w i interwencji (w duchu bezpiecze\u0144stwa, nie represji)<\/li><\/ul><p data-start=\"1807\" data-end=\"1834\">\ud83d\udd39 <strong data-start=\"1810\" data-end=\"1834\">Wsparcie wdro\u017ceniowe<\/strong><\/p><ul data-start=\"1835\" data-end=\"1991\"><li data-section-id=\"wfv7u9\" data-start=\"1835\" data-end=\"1898\">tworzenie procedur kontroli trze\u017awo\u015bci (RODO + prawo pracy)<\/li><li data-section-id=\"fp1gay\" data-start=\"1899\" data-end=\"1942\">audyty funkcjonowania system\u00f3w kontroli<\/li><li data-section-id=\"6qpeys\" data-start=\"1943\" data-end=\"1991\">materia\u0142y edukacyjne dla pracownik\u00f3w i kadry<\/li><\/ul><hr data-start=\"1993\" data-end=\"1996\" \/><h1 data-section-id=\"1uhbvu2\" data-start=\"1998\" data-end=\"2013\">\ud83d\udfe6 Nasza rola<\/h1><p data-start=\"2015\" data-end=\"2088\">Pomagamy firmom budowa\u0107 <strong data-start=\"2039\" data-end=\"2060\">systemy prewencji<\/strong>, kt\u00f3re realnie ograniczaj\u0105:<\/p><p data-start=\"2090\" data-end=\"2207\">\u26a0 wypadki przy pracy<br data-start=\"2110\" data-end=\"2113\" \/>\u26a0 b\u0142\u0119dy i straty operacyjne<br data-start=\"2140\" data-end=\"2143\" \/>\u26a0 konflikty i problemy kadrowe<br data-start=\"2173\" data-end=\"2176\" \/>\u26a0 ryzyko prawne i wizerunkowe<\/p><p data-start=\"2209\" data-end=\"2322\">Dzia\u0142amy jako <strong data-start=\"2223\" data-end=\"2268\">partner dla HR, BHP i kadry zarz\u0105dzaj\u0105cej<\/strong> \u2013 praktycznie, konkretnie i zgodnie z realiami pracy.<\/p><hr data-start=\"2324\" data-end=\"2327\" \/><h1 data-section-id=\"xx39vt\" data-start=\"2329\" data-end=\"2353\">\ud83d\udfe6 Dlaczego Medart2000<\/h1><p data-start=\"2355\" data-end=\"2646\">\u2714 ponad 40 000 wykonanych bada\u0144 w zak\u0142adach pracy<br data-start=\"2405\" data-end=\"2408\" \/>\u2714 do\u015bwiadczenie w wielu bran\u017cach (transport, przemys\u0142, gastronomia, administracja)<br data-start=\"2490\" data-end=\"2493\" \/>\u2714 szkolenia oparte na praktyce \u2013 nie tylko teorii<br data-start=\"2542\" data-end=\"2545\" \/>\u2714 podej\u015bcie: <strong data-start=\"2558\" data-end=\"2590\">prewencja = troska, nie kara<\/strong><br data-start=\"2590\" data-end=\"2593\" \/>\u2714 znajomo\u015b\u0107 aktualnych przepis\u00f3w i reali\u00f3w kontroli<\/p><hr data-start=\"2648\" data-end=\"2651\" \/><h1 data-section-id=\"1hm34uv\" data-start=\"2653\" data-end=\"2671\">\ud83d\udfe6 O za\u0142o\u017cycielu<\/h1><p data-start=\"2673\" data-end=\"2702\">Nazywam si\u0119 <strong data-start=\"2685\" data-end=\"2701\">Janusz Peryt<\/strong>.<\/p><p data-start=\"2704\" data-end=\"2868\">Od ponad 25 lat zajmuj\u0119 si\u0119 tematyk\u0105 kontroli trze\u017awo\u015bci, bezpiecze\u0144stwa pracy i prewencji u\u017cywek. W swojej pracy \u0142\u0105cz\u0119 do\u015bwiadczenie praktyczne z wiedz\u0105 z zakresu:<\/p><p data-start=\"2870\" data-end=\"2950\">\ud83d\udd39 neurobiologii<br data-start=\"2886\" data-end=\"2889\" \/>\ud83d\udd39 psychologii zachowa\u0144<br data-start=\"2912\" data-end=\"2915\" \/>\ud83d\udd39 proces\u00f3w decyzyjnych cz\u0142owieka<\/p><p data-start=\"2952\" data-end=\"3071\">Dzi\u0119ki temu pomagam firmom nie tylko wdra\u017ca\u0107 procedury, ale te\u017c <strong data-start=\"3016\" data-end=\"3070\">rozumie\u0107 ludzi i skutecznie wp\u0142ywa\u0107 na ich decyzje<\/strong>.<\/p><p data-start=\"3073\" data-end=\"3163\">Po pracy:<br \/>\u2708\ufe0f latam<br data-start=\"3091\" data-end=\"3094\" \/>\ud83e\udd7e spaceruj\u0119 z kijkami<br data-start=\"3116\" data-end=\"3119\" \/>\ud83e\udd39 \u017congluj\u0119 \u2013 dla r\u00f3wnowagi cia\u0142a i umys\u0142u<\/p>\t\t\t\t\t\t\t\t<\/div>\n\t\t\t\t<\/div>\n\t\t\t\t\t<\/div>\n\t\t<\/div>\n\t\t\t\t\t<\/div>\n\t\t<\/section>\n\t\t\t\t<\/div>\n\t\t","protected":false},"excerpt":{"rendered":"<p>\ud83d\udfe6 O nas \u2013 Medart2000 Janusz Peryt Od 1996 roku wspieramy pracodawc\u00f3w w budowaniu bezpiecznego i odpowiedzialnego \u015brodowiska pracy. Pomagamy firmom zapobiega\u0107 wypadkom, ogranicza\u0107 ryzyko i chroni\u0107 reputacj\u0119, dostarczaj\u0105c sprawdzone rozwi\u0105zania w zakresie kontroli trze\u017awo\u015bci oraz prewencji u\u017cywek. \u0141\u0105czymy wiedz\u0119, technologi\u0119 i do\u015bwiadczenie, aby wspiera\u0107 organizacje w podejmowaniu w\u0142a\u015bciwych decyzji \u2013 zanim pojawi si\u0119 problem. [&hellip;]<\/p>\n","protected":false},"author":1,"featured_media":0,"parent":0,"menu_order":0,"comment_status":"closed","ping_status":"closed","template":"","meta":{"ocean_post_layout":"","ocean_both_sidebars_style":"","ocean_both_sidebars_content_width":0,"ocean_both_sidebars_sidebars_width":0,"ocean_sidebar":"0","ocean_second_sidebar":"0","ocean_disable_margins":"enable","ocean_add_body_class":"","ocean_shortcode_before_top_bar":"","ocean_shortcode_after_top_bar":"","ocean_shortcode_before_header":"","ocean_shortcode_after_header":"","ocean_has_shortcode":"","ocean_shortcode_after_title":"","ocean_shortcode_before_footer_widgets":"","ocean_shortcode_after_footer_widgets":"","ocean_shortcode_before_footer_bottom":"","ocean_shortcode_after_footer_bottom":"","ocean_display_top_bar":"default","ocean_display_header":"default","ocean_header_style":"","ocean_center_header_left_menu":"0","ocean_custom_header_template":"0","ocean_custom_logo":0,"ocean_custom_retina_logo":0,"ocean_custom_logo_max_width":0,"ocean_custom_logo_tablet_max_width":0,"ocean_custom_logo_mobile_max_width":0,"ocean_custom_logo_max_height":0,"ocean_custom_logo_tablet_max_height":0,"ocean_custom_logo_mobile_max_height":0,"ocean_header_custom_menu":"0","ocean_menu_typo_font_family":"0","ocean_menu_typo_font_subset":"","ocean_menu_typo_font_size":0,"ocean_menu_typo_font_size_tablet":0,"ocean_menu_typo_font_size_mobile":0,"ocean_menu_typo_font_size_unit":"px","ocean_menu_typo_font_weight":"","ocean_menu_typo_font_weight_tablet":"","ocean_menu_typo_font_weight_mobile":"","ocean_menu_typo_transform":"","ocean_menu_typo_transform_tablet":"","ocean_menu_typo_transform_mobile":"","ocean_menu_typo_line_height":0,"ocean_menu_typo_line_height_tablet":0,"ocean_menu_typo_line_height_mobile":0,"ocean_menu_typo_line_height_unit":"","ocean_menu_typo_spacing":0,"ocean_menu_typo_spacing_tablet":0,"ocean_menu_typo_spacing_mobile":0,"ocean_menu_typo_spacing_unit":"","ocean_menu_link_color":"","ocean_menu_link_color_hover":"","ocean_menu_link_color_active":"","ocean_menu_link_background":"","ocean_menu_link_hover_background":"","ocean_menu_link_active_background":"","ocean_menu_social_links_bg":"","ocean_menu_social_hover_links_bg":"","ocean_menu_social_links_color":"","ocean_menu_social_hover_links_color":"","ocean_disable_title":"default","ocean_disable_heading":"default","ocean_post_title":"","ocean_post_subheading":"","ocean_post_title_style":"","ocean_post_title_background_color":"","ocean_post_title_background":0,"ocean_post_title_bg_image_position":"","ocean_post_title_bg_image_attachment":"","ocean_post_title_bg_image_repeat":"","ocean_post_title_bg_image_size":"","ocean_post_title_height":0,"ocean_post_title_bg_overlay":0.5,"ocean_post_title_bg_overlay_color":"","ocean_disable_breadcrumbs":"default","ocean_breadcrumbs_color":"","ocean_breadcrumbs_separator_color":"","ocean_breadcrumbs_links_color":"","ocean_breadcrumbs_links_hover_color":"","ocean_display_footer_widgets":"default","ocean_display_footer_bottom":"default","ocean_custom_footer_template":"0","footnotes":""},"class_list":["post-502","page","type-page","status-publish","hentry","entry","owp-thumbs-layout-horizontal","owp-btn-normal","owp-tabs-layout-horizontal","has-no-thumbnails","has-product-nav"],"_links":{"self":[{"href":"https:\/\/ustniki.pl\/index.php?rest_route=\/wp\/v2\/pages\/502","targetHints":{"allow":["GET"]}}],"collection":[{"href":"https:\/\/ustniki.pl\/index.php?rest_route=\/wp\/v2\/pages"}],"about":[{"href":"https:\/\/ustniki.pl\/index.php?rest_route=\/wp\/v2\/types\/page"}],"author":[{"embeddable":true,"href":"https:\/\/ustniki.pl\/index.php?rest_route=\/wp\/v2\/users\/1"}],"replies":[{"embeddable":true,"href":"https:\/\/ustniki.pl\/index.php?rest_route=%2Fwp%2Fv2%2Fcomments&post=502"}],"version-history":[{"count":28,"href":"https:\/\/ustniki.pl\/index.php?rest_route=\/wp\/v2\/pages\/502\/revisions"}],"predecessor-version":[{"id":1796,"href":"https:\/\/ustniki.pl\/index.php?rest_route=\/wp\/v2\/pages\/502\/revisions\/1796"}],"wp:attachment":[{"href":"https:\/\/ustniki.pl\/index.php?rest_route=%2Fwp%2Fv2%2Fmedia&parent=502"}],"curies":[{"name":"wp","href":"https:\/\/api.w.org\/{rel}","templated":true}]}}