{"id":1487,"date":"2025-02-05T11:58:21","date_gmt":"2025-02-05T10:58:21","guid":{"rendered":"https:\/\/ustniki.pl\/?page_id=1487"},"modified":"2025-02-05T12:32:30","modified_gmt":"2025-02-05T11:32:30","slug":"kazdywazny","status":"publish","type":"page","link":"https:\/\/ustniki.pl\/?page_id=1487","title":{"rendered":"ka\u017cdy wa\u017cny"},"content":{"rendered":"\t\t<div data-elementor-type=\"wp-page\" data-elementor-id=\"1487\" class=\"elementor elementor-1487\">\n\t\t\t\t\t\t<section class=\"elementor-section elementor-top-section elementor-element elementor-element-19fb442 elementor-section-boxed elementor-section-height-default elementor-section-height-default\" data-id=\"19fb442\" data-element_type=\"section\" data-e-type=\"section\">\n\t\t\t\t\t\t<div class=\"elementor-container elementor-column-gap-default\">\n\t\t\t\t\t<div class=\"elementor-column elementor-col-100 elementor-top-column elementor-element elementor-element-b67e872\" data-id=\"b67e872\" data-element_type=\"column\" data-e-type=\"column\">\n\t\t\t<div class=\"elementor-widget-wrap elementor-element-populated\">\n\t\t\t\t\t\t<div class=\"elementor-element elementor-element-920119f elementor-widget elementor-widget-image\" data-id=\"920119f\" data-element_type=\"widget\" data-e-type=\"widget\" data-widget_type=\"image.default\">\n\t\t\t\t<div class=\"elementor-widget-container\">\n\t\t\t\t\t\t\t\t\t\t\t\t\t\t\t<img fetchpriority=\"high\" decoding=\"async\" width=\"434\" height=\"181\" src=\"https:\/\/ustniki.pl\/wp-content\/uploads\/2025\/02\/logo33-1.png\" class=\"attachment-large size-large wp-image-1489\" alt=\"\" srcset=\"https:\/\/ustniki.pl\/wp-content\/uploads\/2025\/02\/logo33-1.png 434w, https:\/\/ustniki.pl\/wp-content\/uploads\/2025\/02\/logo33-1-300x125.png 300w\" sizes=\"(max-width: 434px) 100vw, 434px\" \/>\t\t\t\t\t\t\t\t\t\t\t\t\t\t\t<\/div>\n\t\t\t\t<\/div>\n\t\t\t\t\t<\/div>\n\t\t<\/div>\n\t\t\t\t\t<\/div>\n\t\t<\/section>\n\t\t\t\t<section class=\"elementor-section elementor-top-section elementor-element elementor-element-66a8cd9 elementor-section-boxed elementor-section-height-default elementor-section-height-default\" data-id=\"66a8cd9\" data-element_type=\"section\" data-e-type=\"section\">\n\t\t\t\t\t\t<div class=\"elementor-container elementor-column-gap-default\">\n\t\t\t\t\t<div class=\"elementor-column elementor-col-100 elementor-top-column elementor-element elementor-element-3945563\" data-id=\"3945563\" data-element_type=\"column\" data-e-type=\"column\">\n\t\t\t<div class=\"elementor-widget-wrap elementor-element-populated\">\n\t\t\t\t\t\t<div class=\"elementor-element elementor-element-6274efd elementor-widget elementor-widget-text-editor\" data-id=\"6274efd\" data-element_type=\"widget\" data-e-type=\"widget\" data-widget_type=\"text-editor.default\">\n\t\t\t\t<div class=\"elementor-widget-container\">\n\t\t\t\t\t\t\t\t\t<h2>Szkolenia z Badania Trze\u017awo\u015bci Pracownik\u00f3w<\/h2><p>Czy wiesz, \u017ce prawid\u0142owo prowadzone badania trze\u017awo\u015bci s\u0105 kluczowe dla bezpiecze\u0144stwa w miejscu pracy? Oferujemy kompleksowe szkolenia z zakresu obs\u0142ugi alkomat\u00f3w i narkotest\u00f3w, kt\u00f3re pomog\u0105 Ci skutecznie i zgodnie z przepisami kontrolowa\u0107 stan trze\u017awo\u015bci Twoich pracownik\u00f3w.<\/p><h2>Dlaczego warto?<\/h2><ul><li><strong>Zgodno\u015b\u0107 z przepisami<\/strong>\u00a0\u2013 Szkolimy wed\u0142ug aktualnych regulacji prawnych, zapewniaj\u0105c pe\u0142n\u0105 zgodno\u015b\u0107 z wymogami ustawodawcy.<\/li><li><strong>Praktyczne podej\u015bcie<\/strong>\u00a0\u2013 Nauczysz si\u0119, jak skutecznie i bezb\u0142\u0119dnie korzysta\u0107 z urz\u0105dze\u0144 pomiarowych.<\/li><li><strong>Bezpiecze\u0144stwo w miejscu pracy<\/strong>\u00a0\u2013 Zadbaj o zdrowie i \u017cycie swoich pracownik\u00f3w oraz innych os\u00f3b przebywaj\u0105cych na terenie firmy.<\/li><\/ul><p>Ustawa odno\u015bnie bada\u0144 trze\u017awo\u015bci pracownik\u00f3w zosta\u0142a podpisana przez Adama Niedzielskiego w lutym 2023 a 8 sierpnia 2023 zosta\u0142 odwo\u0142any za ujawnienie danych poufnych jednego z lekarzy. W tym roku 2024 w grudniu z podobnych przyczyn opu\u015bci\u0142 stanowisko Dariusz Wieczorek i z\u0142o\u017cy\u0142 dymisj\u0119 ze stanowiska ministra szkolnictwa wy\u017cszego i nauki.<\/p><p>Te dwa przypadki daj\u0105 du\u017co do my\u015blenia i naszym zdaniem wskazuj\u0105 i potwierdzaj\u0105 potrzeb\u0119 dobrego przygotowania pracownik\u00f3w kadry nadzoru do prowadzenia bada\u0144 trze\u017awo\u015bci<\/p><p><img decoding=\"async\" class=\"alignnone size-medium wp-image-1490\" src=\"http:\/\/ustniki.pl\/wp-content\/uploads\/2025\/02\/businessmen-281x300.png\" alt=\"\" width=\"281\" height=\"300\" srcset=\"https:\/\/ustniki.pl\/wp-content\/uploads\/2025\/02\/businessmen-281x300.png 281w, https:\/\/ustniki.pl\/wp-content\/uploads\/2025\/02\/businessmen-959x1024.png 959w, https:\/\/ustniki.pl\/wp-content\/uploads\/2025\/02\/businessmen-768x820.png 768w, https:\/\/ustniki.pl\/wp-content\/uploads\/2025\/02\/businessmen-433x463.png 433w, https:\/\/ustniki.pl\/wp-content\/uploads\/2025\/02\/businessmen.png 1012w\" sizes=\"(max-width: 281px) 100vw, 281px\" \/><\/p>\t\t\t\t\t\t\t\t<\/div>\n\t\t\t\t<\/div>\n\t\t\t\t\t<\/div>\n\t\t<\/div>\n\t\t\t\t\t<\/div>\n\t\t<\/section>\n\t\t\t\t<section class=\"elementor-section elementor-top-section elementor-element elementor-element-321c6e0 elementor-section-boxed elementor-section-height-default elementor-section-height-default\" data-id=\"321c6e0\" data-element_type=\"section\" data-e-type=\"section\">\n\t\t\t\t\t\t<div class=\"elementor-container elementor-column-gap-default\">\n\t\t\t\t\t<div class=\"elementor-column elementor-col-100 elementor-top-column elementor-element elementor-element-293730e\" data-id=\"293730e\" data-element_type=\"column\" data-e-type=\"column\">\n\t\t\t<div class=\"elementor-widget-wrap elementor-element-populated\">\n\t\t\t\t\t\t<div class=\"elementor-element elementor-element-6d3aed0 elementor-widget elementor-widget-text-editor\" data-id=\"6d3aed0\" data-element_type=\"widget\" data-e-type=\"widget\" data-widget_type=\"text-editor.default\">\n\t\t\t\t<div class=\"elementor-widget-container\">\n\t\t\t\t\t\t\t\t\t<p>.<\/p><div id=\"zycie-jest-niebezpieczne\" class=\"full-size right\"><div class=\"content-out\"><div class=\"content-out2\"><div class=\"content\"><h2>Nasza oferta<\/h2><ol><li>Szkolenia z obs\u0142ugi alkomat\u00f3w<ul><li>Rodzaje alkomat\u00f3w i ich zastosowanie.<\/li><li>Praktyczne wskaz\u00f3wki dotycz\u0105ce kalibracji i interpretacji wynik\u00f3w.<\/li><\/ul><\/li><li>Szkolenia z obs\u0142ugi narkotest\u00f3w<ul><li>Sposoby przeprowadzania test\u00f3w na obecno\u015b\u0107 substancji psychoaktywnych.<\/li><li>Ograniczenia i najcz\u0119stsze b\u0142\u0119dy w interpretacji wynik\u00f3w.<\/li><\/ul><\/li><li>Kursy z procedur prawnych<ul><li>Jak prawid\u0142owo wprowadzi\u0107 i stosowa\u0107 polityk\u0119 bada\u0144 trze\u017awo\u015bci w firmie.<\/li><li>Twoje prawa i obowi\u0105zki jako pracodawcy.<\/li><li>Zasady bada\u0144 pracownika alkomatem\/narkotestem<\/li><\/ul><\/li><\/ol><\/div><\/div><\/div><div class=\"image\"><img decoding=\"async\" class=\"foto-right\" title=\"Nasza oferta\" src=\"https:\/\/www.kazdywazny.com\/assets\/header\/godnosc-mlodzi.png\" alt=\"Nasza oferta\" \/><\/div><\/div><div id=\"po-co-nam-ubezpieczenie-na-zycie\" class=\"full-size left\"><div class=\"content-out\"><div class=\"content-out2\"><div class=\"content\"><h2>Dla kogo?<\/h2><p>Nasze szkolenia s\u0105 dedykowane dla:<\/p><ul><li>Pracodawc\u00f3w i dzia\u0142\u00f3w HR.<\/li><li>Mened\u017cer\u00f3w i brygadzist\u00f3w.<\/li><li>Os\u00f3b odpowiedzialnych za BHP.<\/li><\/ul><\/div><\/div><\/div><div class=\"image\"><img decoding=\"async\" class=\"foto-left\" title=\"Dla kogo?\" src=\"https:\/\/www.kazdywazny.com\/assets\/Uploads\/why.png\" alt=\"Dla kogo?\" \/><\/div><\/div>\t\t\t\t\t\t\t\t<\/div>\n\t\t\t\t<\/div>\n\t\t\t\t\t<\/div>\n\t\t<\/div>\n\t\t\t\t\t<\/div>\n\t\t<\/section>\n\t\t\t\t<section class=\"elementor-section elementor-top-section elementor-element elementor-element-2232527 elementor-section-boxed elementor-section-height-default elementor-section-height-default\" data-id=\"2232527\" data-element_type=\"section\" data-e-type=\"section\">\n\t\t\t\t\t\t<div class=\"elementor-container elementor-column-gap-default\">\n\t\t\t\t\t<div class=\"elementor-column elementor-col-100 elementor-top-column elementor-element elementor-element-05eb32d\" data-id=\"05eb32d\" data-element_type=\"column\" data-e-type=\"column\">\n\t\t\t<div class=\"elementor-widget-wrap elementor-element-populated\">\n\t\t\t\t\t\t<div class=\"elementor-element elementor-element-31b6636 elementor-widget elementor-widget-text-editor\" data-id=\"31b6636\" data-element_type=\"widget\" data-e-type=\"widget\" data-widget_type=\"text-editor.default\">\n\t\t\t\t<div class=\"elementor-widget-container\">\n\t\t\t\t\t\t\t\t\t<h2>Co zyskasz?<\/h2><ul><li>Pewno\u015b\u0107 w przeprowadzaniu bada\u0144 trze\u017awo\u015bci.<\/li><li>Wzrost zaufania w zespole dzi\u0119ki jasnym zasadom.<\/li><li>Profesjonalizm w obs\u0142udze nowoczesnych urz\u0105dze\u0144.<h2>Kontakt<\/h2><p>\u00a0<\/p><p>\u00a0<\/p><p>\u00a0<\/p><p>Szkolenia &amp; Wsparcie<\/p><h3><br \/>Adres:<\/h3><p>Kopi\u0144ska 42\/8<br \/>\u00a0Warszawa 02-327<\/p><p>\u00a0<\/p><p>\u00a0<\/p><h3><br \/>Telefon:<\/h3><p><a class=\"mail ph\" href=\"tel:+48501134201\">+48 501 134 201<\/a><\/p><p>\u00a0<\/p><h3>E-MAIL:<\/h3><p><a class=\"mail\" href=\"mailto:janusz.peryt@agencja.metlife.pl\">peryt@peryt.pl<\/a><\/p><\/li><\/ul>\t\t\t\t\t\t\t\t<\/div>\n\t\t\t\t<\/div>\n\t\t\t\t\t<\/div>\n\t\t<\/div>\n\t\t\t\t\t<\/div>\n\t\t<\/section>\n\t\t\t\t<\/div>\n\t\t","protected":false},"excerpt":{"rendered":"<p>Szkolenia z Badania Trze\u017awo\u015bci Pracownik\u00f3w Czy wiesz, \u017ce prawid\u0142owo prowadzone badania trze\u017awo\u015bci s\u0105 kluczowe dla bezpiecze\u0144stwa w miejscu pracy? Oferujemy kompleksowe szkolenia z zakresu obs\u0142ugi alkomat\u00f3w i narkotest\u00f3w, kt\u00f3re pomog\u0105 Ci skutecznie i zgodnie z przepisami kontrolowa\u0107 stan trze\u017awo\u015bci Twoich pracownik\u00f3w. Dlaczego warto? Zgodno\u015b\u0107 z przepisami\u00a0\u2013 Szkolimy wed\u0142ug aktualnych regulacji prawnych, zapewniaj\u0105c pe\u0142n\u0105 zgodno\u015b\u0107 z [&hellip;]<\/p>\n","protected":false},"author":2,"featured_media":0,"parent":0,"menu_order":0,"comment_status":"closed","ping_status":"closed","template":"","meta":{"ocean_post_layout":"","ocean_both_sidebars_style":"","ocean_both_sidebars_content_width":0,"ocean_both_sidebars_sidebars_width":0,"ocean_sidebar":"","ocean_second_sidebar":"","ocean_disable_margins":"enable","ocean_add_body_class":"","ocean_shortcode_before_top_bar":"","ocean_shortcode_after_top_bar":"","ocean_shortcode_before_header":"","ocean_shortcode_after_header":"","ocean_has_shortcode":"","ocean_shortcode_after_title":"","ocean_shortcode_before_footer_widgets":"","ocean_shortcode_after_footer_widgets":"","ocean_shortcode_before_footer_bottom":"","ocean_shortcode_after_footer_bottom":"","ocean_display_top_bar":"default","ocean_display_header":"default","ocean_header_style":"","ocean_center_header_left_menu":"","ocean_custom_header_template":"","ocean_custom_logo":0,"ocean_custom_retina_logo":0,"ocean_custom_logo_max_width":0,"ocean_custom_logo_tablet_max_width":0,"ocean_custom_logo_mobile_max_width":0,"ocean_custom_logo_max_height":0,"ocean_custom_logo_tablet_max_height":0,"ocean_custom_logo_mobile_max_height":0,"ocean_header_custom_menu":"","ocean_menu_typo_font_family":"","ocean_menu_typo_font_subset":"","ocean_menu_typo_font_size":0,"ocean_menu_typo_font_size_tablet":0,"ocean_menu_typo_font_size_mobile":0,"ocean_menu_typo_font_size_unit":"px","ocean_menu_typo_font_weight":"","ocean_menu_typo_font_weight_tablet":"","ocean_menu_typo_font_weight_mobile":"","ocean_menu_typo_transform":"","ocean_menu_typo_transform_tablet":"","ocean_menu_typo_transform_mobile":"","ocean_menu_typo_line_height":0,"ocean_menu_typo_line_height_tablet":0,"ocean_menu_typo_line_height_mobile":0,"ocean_menu_typo_line_height_unit":"","ocean_menu_typo_spacing":0,"ocean_menu_typo_spacing_tablet":0,"ocean_menu_typo_spacing_mobile":0,"ocean_menu_typo_spacing_unit":"","ocean_menu_link_color":"","ocean_menu_link_color_hover":"","ocean_menu_link_color_active":"","ocean_menu_link_background":"","ocean_menu_link_hover_background":"","ocean_menu_link_active_background":"","ocean_menu_social_links_bg":"","ocean_menu_social_hover_links_bg":"","ocean_menu_social_links_color":"","ocean_menu_social_hover_links_color":"","ocean_disable_title":"default","ocean_disable_heading":"default","ocean_post_title":"","ocean_post_subheading":"","ocean_post_title_style":"","ocean_post_title_background_color":"","ocean_post_title_background":0,"ocean_post_title_bg_image_position":"","ocean_post_title_bg_image_attachment":"","ocean_post_title_bg_image_repeat":"","ocean_post_title_bg_image_size":"","ocean_post_title_height":0,"ocean_post_title_bg_overlay":0.5,"ocean_post_title_bg_overlay_color":"","ocean_disable_breadcrumbs":"default","ocean_breadcrumbs_color":"","ocean_breadcrumbs_separator_color":"","ocean_breadcrumbs_links_color":"","ocean_breadcrumbs_links_hover_color":"","ocean_display_footer_widgets":"default","ocean_display_footer_bottom":"default","ocean_custom_footer_template":"","footnotes":""},"class_list":["post-1487","page","type-page","status-publish","hentry","entry","owp-thumbs-layout-horizontal","owp-btn-normal","owp-tabs-layout-horizontal","has-no-thumbnails","has-product-nav"],"_links":{"self":[{"href":"https:\/\/ustniki.pl\/index.php?rest_route=\/wp\/v2\/pages\/1487","targetHints":{"allow":["GET"]}}],"collection":[{"href":"https:\/\/ustniki.pl\/index.php?rest_route=\/wp\/v2\/pages"}],"about":[{"href":"https:\/\/ustniki.pl\/index.php?rest_route=\/wp\/v2\/types\/page"}],"author":[{"embeddable":true,"href":"https:\/\/ustniki.pl\/index.php?rest_route=\/wp\/v2\/users\/2"}],"replies":[{"embeddable":true,"href":"https:\/\/ustniki.pl\/index.php?rest_route=%2Fwp%2Fv2%2Fcomments&post=1487"}],"version-history":[{"count":14,"href":"https:\/\/ustniki.pl\/index.php?rest_route=\/wp\/v2\/pages\/1487\/revisions"}],"predecessor-version":[{"id":1506,"href":"https:\/\/ustniki.pl\/index.php?rest_route=\/wp\/v2\/pages\/1487\/revisions\/1506"}],"wp:attachment":[{"href":"https:\/\/ustniki.pl\/index.php?rest_route=%2Fwp%2Fv2%2Fmedia&parent=1487"}],"curies":[{"name":"wp","href":"https:\/\/api.w.org\/{rel}","templated":true}]}}