{"id":1144,"date":"2023-07-10T09:53:05","date_gmt":"2023-07-10T08:53:05","guid":{"rendered":"https:\/\/ustniki.pl\/?page_id=1144"},"modified":"2023-07-10T09:55:30","modified_gmt":"2023-07-10T08:55:30","slug":"nie-istnieje-bezpieczna-dawka-alkoholu-nowe-wyniki-badan","status":"publish","type":"page","link":"https:\/\/ustniki.pl\/?page_id=1144","title":{"rendered":"Nie istnieje bezpieczna dawka alkoholu \u2013 nowe wyniki bada\u0144\u00a0"},"content":{"rendered":"\t\t<div data-elementor-type=\"wp-page\" data-elementor-id=\"1144\" class=\"elementor elementor-1144\">\n\t\t\t\t\t\t<section class=\"elementor-section elementor-top-section elementor-element elementor-element-892416c elementor-section-boxed elementor-section-height-default elementor-section-height-default\" data-id=\"892416c\" data-element_type=\"section\" data-e-type=\"section\">\n\t\t\t\t\t\t<div class=\"elementor-container elementor-column-gap-default\">\n\t\t\t\t\t<div class=\"elementor-column elementor-col-100 elementor-top-column elementor-element elementor-element-c6fb1e1\" data-id=\"c6fb1e1\" data-element_type=\"column\" data-e-type=\"column\">\n\t\t\t<div class=\"elementor-widget-wrap elementor-element-populated\">\n\t\t\t\t\t\t<div class=\"elementor-element elementor-element-a6c9da3 elementor-widget__width-initial elementor-widget elementor-widget-text-editor\" data-id=\"a6c9da3\" data-element_type=\"widget\" data-e-type=\"widget\" data-widget_type=\"text-editor.default\">\n\t\t\t\t<div class=\"elementor-widget-container\">\n\t\t\t\t\t\t\t\t\t<p><strong>Nie istnieje bezpieczna dawka alkoholu \u2013 nowe wyniki bada\u0144\u00a0 <\/strong><\/p><p><strong>Nowe dane potwierdzone badaniami z \u00a02016 roku<\/strong><\/p><p><strong>Najnowsze wyniki bada\u0144 opublikowane w mi\u0119dzynarodowym czasopi\u015bmie medycznym \u201eThe Lancet\u201d potwierdzaj\u0105, \u017ce ka\u017cda dawka alkoholu negatywnie wp\u0142ywa na zdrowie.<\/strong><\/p><p>Picie alkoholu jest g\u0142\u00f3wnym czynnikiem ryzyka zachorowania na marsko\u015b\u0107 w\u0105troby, niekt\u00f3re nowotwory czy choroby sercowo-naczyniowe. W wyniku spo\u017cycia alkoholu dochodzi tak\u017ce do wielu uraz\u00f3w i obra\u017ce\u0144, zwi\u0105zanych ze stosowaniem przemocy czy uczestniczeniem w wypadkach drogowych. Zerowe spo\u017cycie alkoholu minimalizuje og\u00f3lne ryzyko utraty zdrowia.<\/p><p><strong>Ka\u017cda ilo\u015b\u0107 alkoholu szkodzi<br \/><\/strong>Wyniki bada\u0144 s\u0105 jednoznaczne: spo\u017cycie alkoholu generuje globalne problemy i negatywnie wp\u0142ywa na stan zdrowia publicznego, odpowiadaj\u0105c za prawie 10 proc. zgon\u00f3w w populacji os\u00f3b w wieku 15-49 lat.<\/p><p>Odkrycia badaczy sugeruj\u0105, \u017ce polityka zdrowotna wymaga zdecydowanych dzia\u0142a\u0144, kt\u00f3re b\u0119d\u0105 przeciwdzia\u0142a\u0107 spo\u017cyciu alkoholu i obala\u0107 mity na jego temat. Szeroko rozpowszechniony pogl\u0105d dotycz\u0105cy korzystnego wp\u0142ywu niewielkich dawek alkoholu na zdrowie wymaga natychmiastowej rewizji. Nowe metody bada\u0144 i pog\u0142\u0119bione analizy pokazuj\u0105 bowiem skal\u0119, w jakiej spo\u017cycie alkoholu przyczynia si\u0119 do \u015bmierci i niepe\u0142nosprawno\u015bci. Badacze podkre\u015blaj\u0105, \u017ce nie istnieje bezpieczna dawka alkoholu.<\/p><p><strong>Alkohol jest jedn\u0105 z g\u0142\u00f3wnych przyczyn \u015bmierci na \u015bwiecie<br \/><\/strong>Badanie oceniaj\u0105ce wp\u0142yw i skutki spo\u017cycia alkoholu na zdrowie w latach 1990-2016 w 195 krajach wykaza\u0142o, \u017ce w 2016 roku na ca\u0142ym \u015bwiecie zmar\u0142o w wyniku spo\u017cycia alkoholu prawie 3 miliony os\u00f3b. 12 proc. zgon\u00f3w dotyczy\u0142o m\u0119\u017cczyzn w wieku od 15. do 49. r.\u017c.<\/p><p><strong>\u00a0Europa nie ma czym si\u0119 chwali\u0107 \u2013 najwa\u017cniejsze fakty<\/strong><\/p><ul><li>W Regionie Europejskim WHO odnotowuje si\u0119 najwi\u0119cej przypadk\u00f3w z\u0142ego stanu zdrowia i przedwczesnej \u015bmierci spowodowanych spo\u017cywaniem alkoholu;<\/li><li>Im wi\u0119ksze jest spo\u017cycie alkoholu w poszczeg\u00f3lnych krajach (w przeliczeniu na jednego mieszka\u0144ca), tym wi\u0119ksze jest prawdopodobie\u0144stwo szk\u00f3d zwi\u0105zanych z piciem i uzale\u017cnieniem od alkoholu;<\/li><li>Zar\u00f3wno ilo\u015b\u0107 spo\u017cywanego alkoholu, jak i cz\u0119stotliwo\u015b\u0107 picia zwi\u0119kszaj\u0105 ryzyko szk\u00f3d zdrowotnych oraz spo\u0142ecznych;<\/li><li>Ryzyko \u015bmierci wzrasta liniowo wraz z ilo\u015bci\u0105 spo\u017cywanego alkoholu;<\/li><li>Unia Europejska jest regionem najbardziej dotkni\u0119tym problemem nadmiernego picia. Jedna pi\u0105ta populacji europejskiej w wieku 15+ mia\u0142a epizody ci\u0119\u017ckiego spo\u017cycia alkoholu (5 lub wi\u0119cej drink\u00f3w lub 60 gram\u00f3w alkoholu przy jednej okazji) przynajmniej raz w tygodniu. Ci\u0119\u017ckie picie epizodyczne jest powszechne we wszystkich grupach wiekowych w ca\u0142ej Europie.<\/li><\/ul><p><strong>Co\u015b si\u0119 musi zmieni\u0107<br \/><\/strong>Wyniki bada\u0144 zaprezentowane w czasopi\u015bmie \u201eLancet\u201d potwierdzaj\u0105 konieczno\u015b\u0107 ograniczenia szk\u00f3d wynikaj\u0105cych ze spo\u017cywania alkoholu. Pomys\u0142\u00f3w jest wiele \u2013 opodatkowanie i regulacja cen, w tym ustalenie minimalnej ceny jednostkowej, oraz kontrola rynku czy ograniczenie fizycznej dost\u0119pno\u015bci alkoholu\u2026 Minimalna cena jednostkowa za alkohol zosta\u0142a wprowadzona w Szkocji w maju 2018 roku. Oczekuje si\u0119, \u017ce wska\u017aniki \u015bmiertelno\u015bci i zapadalno\u015bci na r\u00f3\u017cne choroby w wyniku spo\u017cycia alkoholu b\u0119d\u0105 znacznie mniejsze od tych zaprezentowanych w badaniu.<\/p><p>\u0179r\u00f3d\u0142a: http:\/\/www.euro.who.int\/en\/health-topics\/disease-prevention\/alcohol-use\/news\/news\/2018\/09 \/there-is-no-safe-level-of-alcohol,-new-study-confirms https:\/\/www.thelancet.com\/action\/showPdf?pii=S0140-6736%2818%2931310-2 https:\/\/www.thelancet.com\/journals\/lancet\/article\/PIIS0140-6736(18)31571-X\/fulltext<\/p><p>\u00a0<\/p>\t\t\t\t\t\t\t\t<\/div>\n\t\t\t\t<\/div>\n\t\t\t\t\t<\/div>\n\t\t<\/div>\n\t\t\t\t\t<\/div>\n\t\t<\/section>\n\t\t\t\t<\/div>\n\t\t","protected":false},"excerpt":{"rendered":"<p>Nie istnieje bezpieczna dawka alkoholu \u2013 nowe wyniki bada\u0144\u00a0 Nowe dane potwierdzone badaniami z \u00a02016 roku Najnowsze wyniki bada\u0144 opublikowane w mi\u0119dzynarodowym czasopi\u015bmie medycznym \u201eThe Lancet\u201d potwierdzaj\u0105, \u017ce ka\u017cda dawka alkoholu negatywnie wp\u0142ywa na zdrowie. Picie alkoholu jest g\u0142\u00f3wnym czynnikiem ryzyka zachorowania na marsko\u015b\u0107 w\u0105troby, niekt\u00f3re nowotwory czy choroby sercowo-naczyniowe. W wyniku spo\u017cycia alkoholu dochodzi [&hellip;]<\/p>\n","protected":false},"author":2,"featured_media":0,"parent":0,"menu_order":0,"comment_status":"closed","ping_status":"closed","template":"","meta":{"ocean_post_layout":"","ocean_both_sidebars_style":"","ocean_both_sidebars_content_width":0,"ocean_both_sidebars_sidebars_width":0,"ocean_sidebar":"","ocean_second_sidebar":"","ocean_disable_margins":"enable","ocean_add_body_class":"","ocean_shortcode_before_top_bar":"","ocean_shortcode_after_top_bar":"","ocean_shortcode_before_header":"","ocean_shortcode_after_header":"","ocean_has_shortcode":"","ocean_shortcode_after_title":"","ocean_shortcode_before_footer_widgets":"","ocean_shortcode_after_footer_widgets":"","ocean_shortcode_before_footer_bottom":"","ocean_shortcode_after_footer_bottom":"","ocean_display_top_bar":"default","ocean_display_header":"default","ocean_header_style":"","ocean_center_header_left_menu":"","ocean_custom_header_template":"","ocean_custom_logo":0,"ocean_custom_retina_logo":0,"ocean_custom_logo_max_width":0,"ocean_custom_logo_tablet_max_width":0,"ocean_custom_logo_mobile_max_width":0,"ocean_custom_logo_max_height":0,"ocean_custom_logo_tablet_max_height":0,"ocean_custom_logo_mobile_max_height":0,"ocean_header_custom_menu":"","ocean_menu_typo_font_family":"","ocean_menu_typo_font_subset":"","ocean_menu_typo_font_size":0,"ocean_menu_typo_font_size_tablet":0,"ocean_menu_typo_font_size_mobile":0,"ocean_menu_typo_font_size_unit":"px","ocean_menu_typo_font_weight":"","ocean_menu_typo_font_weight_tablet":"","ocean_menu_typo_font_weight_mobile":"","ocean_menu_typo_transform":"","ocean_menu_typo_transform_tablet":"","ocean_menu_typo_transform_mobile":"","ocean_menu_typo_line_height":0,"ocean_menu_typo_line_height_tablet":0,"ocean_menu_typo_line_height_mobile":0,"ocean_menu_typo_line_height_unit":"","ocean_menu_typo_spacing":0,"ocean_menu_typo_spacing_tablet":0,"ocean_menu_typo_spacing_mobile":0,"ocean_menu_typo_spacing_unit":"","ocean_menu_link_color":"","ocean_menu_link_color_hover":"","ocean_menu_link_color_active":"","ocean_menu_link_background":"","ocean_menu_link_hover_background":"","ocean_menu_link_active_background":"","ocean_menu_social_links_bg":"","ocean_menu_social_hover_links_bg":"","ocean_menu_social_links_color":"","ocean_menu_social_hover_links_color":"","ocean_disable_title":"default","ocean_disable_heading":"default","ocean_post_title":"","ocean_post_subheading":"","ocean_post_title_style":"","ocean_post_title_background_color":"","ocean_post_title_background":0,"ocean_post_title_bg_image_position":"","ocean_post_title_bg_image_attachment":"","ocean_post_title_bg_image_repeat":"","ocean_post_title_bg_image_size":"","ocean_post_title_height":0,"ocean_post_title_bg_overlay":0.5,"ocean_post_title_bg_overlay_color":"","ocean_disable_breadcrumbs":"default","ocean_breadcrumbs_color":"","ocean_breadcrumbs_separator_color":"","ocean_breadcrumbs_links_color":"","ocean_breadcrumbs_links_hover_color":"","ocean_display_footer_widgets":"default","ocean_display_footer_bottom":"default","ocean_custom_footer_template":"","footnotes":""},"class_list":["post-1144","page","type-page","status-publish","hentry","entry","owp-thumbs-layout-horizontal","owp-btn-normal","owp-tabs-layout-horizontal","has-no-thumbnails","has-product-nav"],"_links":{"self":[{"href":"https:\/\/ustniki.pl\/index.php?rest_route=\/wp\/v2\/pages\/1144","targetHints":{"allow":["GET"]}}],"collection":[{"href":"https:\/\/ustniki.pl\/index.php?rest_route=\/wp\/v2\/pages"}],"about":[{"href":"https:\/\/ustniki.pl\/index.php?rest_route=\/wp\/v2\/types\/page"}],"author":[{"embeddable":true,"href":"https:\/\/ustniki.pl\/index.php?rest_route=\/wp\/v2\/users\/2"}],"replies":[{"embeddable":true,"href":"https:\/\/ustniki.pl\/index.php?rest_route=%2Fwp%2Fv2%2Fcomments&post=1144"}],"version-history":[{"count":4,"href":"https:\/\/ustniki.pl\/index.php?rest_route=\/wp\/v2\/pages\/1144\/revisions"}],"predecessor-version":[{"id":1148,"href":"https:\/\/ustniki.pl\/index.php?rest_route=\/wp\/v2\/pages\/1144\/revisions\/1148"}],"wp:attachment":[{"href":"https:\/\/ustniki.pl\/index.php?rest_route=%2Fwp%2Fv2%2Fmedia&parent=1144"}],"curies":[{"name":"wp","href":"https:\/\/api.w.org\/{rel}","templated":true}]}}