{"id":1089,"date":"2023-06-18T17:36:58","date_gmt":"2023-06-18T16:36:58","guid":{"rendered":"https:\/\/ustniki.pl\/?page_id=1089"},"modified":"2026-01-02T09:40:33","modified_gmt":"2026-01-02T08:40:33","slug":"elektroniczny-dyspozytor-ruchu-edr","status":"publish","type":"page","link":"https:\/\/ustniki.pl\/?page_id=1089","title":{"rendered":"Elektroniczny Dyspozytor Ruchu EDyR"},"content":{"rendered":"\t\t<div data-elementor-type=\"wp-page\" data-elementor-id=\"1089\" class=\"elementor elementor-1089\">\n\t\t\t\t\t\t<section class=\"elementor-section elementor-top-section elementor-element elementor-element-f98b97f elementor-section-boxed elementor-section-height-default elementor-section-height-default\" data-id=\"f98b97f\" data-element_type=\"section\" data-e-type=\"section\">\n\t\t\t\t\t\t<div class=\"elementor-container elementor-column-gap-default\">\n\t\t\t\t\t<div class=\"elementor-column elementor-col-100 elementor-top-column elementor-element elementor-element-c660d2a\" data-id=\"c660d2a\" data-element_type=\"column\" data-e-type=\"column\">\n\t\t\t<div class=\"elementor-widget-wrap elementor-element-populated\">\n\t\t\t\t\t\t<div class=\"elementor-element elementor-element-31f14f6 elementor-widget__width-initial elementor-widget elementor-widget-image\" data-id=\"31f14f6\" data-element_type=\"widget\" data-e-type=\"widget\" data-widget_type=\"image.default\">\n\t\t\t\t<div class=\"elementor-widget-container\">\n\t\t\t\t\t\t\t\t\t\t\t\t\t\t\t<img fetchpriority=\"high\" decoding=\"async\" width=\"1024\" height=\"768\" src=\"https:\/\/ustniki.pl\/wp-content\/uploads\/2023\/04\/edyr-opat-1024x768.jpg\" class=\"attachment-large size-large wp-image-1425\" alt=\"\" srcset=\"https:\/\/ustniki.pl\/wp-content\/uploads\/2023\/04\/edyr-opat-1024x768.jpg 1024w, https:\/\/ustniki.pl\/wp-content\/uploads\/2023\/04\/edyr-opat-300x225.jpg 300w, https:\/\/ustniki.pl\/wp-content\/uploads\/2023\/04\/edyr-opat-768x576.jpg 768w, https:\/\/ustniki.pl\/wp-content\/uploads\/2023\/04\/edyr-opat-1536x1152.jpg 1536w, https:\/\/ustniki.pl\/wp-content\/uploads\/2023\/04\/edyr-opat-2048x1536.jpg 2048w, https:\/\/ustniki.pl\/wp-content\/uploads\/2023\/04\/edyr-opat-433x325.jpg 433w\" sizes=\"(max-width: 1024px) 100vw, 1024px\" \/>\t\t\t\t\t\t\t\t\t\t\t\t\t\t\t<\/div>\n\t\t\t\t<\/div>\n\t\t\t\t<div class=\"elementor-element elementor-element-5a085c5 elementor-widget__width-initial elementor-widget elementor-widget-image\" data-id=\"5a085c5\" data-element_type=\"widget\" data-e-type=\"widget\" data-widget_type=\"image.default\">\n\t\t\t\t<div class=\"elementor-widget-container\">\n\t\t\t\t\t\t\t\t\t\t\t\t\t\t\t<img decoding=\"async\" width=\"768\" height=\"280\" src=\"https:\/\/ustniki.pl\/wp-content\/uploads\/2023\/06\/edr2.png\" class=\"attachment-large size-large wp-image-1092\" alt=\"\" srcset=\"https:\/\/ustniki.pl\/wp-content\/uploads\/2023\/06\/edr2.png 768w, https:\/\/ustniki.pl\/wp-content\/uploads\/2023\/06\/edr2-300x109.png 300w, https:\/\/ustniki.pl\/wp-content\/uploads\/2023\/06\/edr2-433x158.png 433w\" sizes=\"(max-width: 768px) 100vw, 768px\" \/>\t\t\t\t\t\t\t\t\t\t\t\t\t\t\t<\/div>\n\t\t\t\t<\/div>\n\t\t\t\t<div class=\"elementor-element elementor-element-43ea3e4 elementor-widget__width-initial elementor-widget elementor-widget-image\" data-id=\"43ea3e4\" data-element_type=\"widget\" data-e-type=\"widget\" data-widget_type=\"image.default\">\n\t\t\t\t<div class=\"elementor-widget-container\">\n\t\t\t\t\t\t\t\t\t\t\t\t\t\t\t<img decoding=\"async\" width=\"200\" height=\"150\" src=\"https:\/\/ustniki.pl\/wp-content\/uploads\/2024\/07\/safexxx.jpg\" class=\"attachment-large size-large wp-image-1396\" alt=\"\" \/>\t\t\t\t\t\t\t\t\t\t\t\t\t\t\t<\/div>\n\t\t\t\t<\/div>\n\t\t\t\t<div class=\"elementor-element elementor-element-80f6558 elementor-widget elementor-widget-text-editor\" data-id=\"80f6558\" data-element_type=\"widget\" data-e-type=\"widget\" data-widget_type=\"text-editor.default\">\n\t\t\t\t<div class=\"elementor-widget-container\">\n\t\t\t\t\t\t\t\t\t<div class=\"woocommerce-tabs wc-tabs-wrapper\"><div id=\"tab-description\" class=\"woocommerce-Tabs-panel woocommerce-Tabs-panel--description panel entry-content wc-tab\" role=\"tabpanel\" aria-labelledby=\"tab-title-description\"><p><strong>\u00a0 \u00a0 \u00a0<\/strong><\/p><p><strong>Elektroniczny Dyspozytor Ruchu \u2013 EDyR<\/strong><\/p><p><strong>EDyR<\/strong> to nowoczesne, inteligentne urz\u0105dzenie automatyzuj\u0105ce prac\u0119 dyspozytora ruchu. System wydaje klucze do pojazd\u00f3w, dokumenty oraz inne warto\u015bciowe przedmioty <strong>wy\u0142\u0105cznie osobom uprawnionym i zdolnym do pracy<\/strong>, po uprzedniej weryfikacji to\u017csamo\u015bci i stanu trze\u017awo\u015bci.<\/p><p><strong>\ud83d\udd10 Nowoczesna identyfikacja u\u017cytkownika<\/strong><\/p><p>EDyR rozpoznaje osoby loguj\u0105ce si\u0119 do systemu poprzez:<\/p><ul><li>kart\u0119 RFID,<\/li><li>indywidualny kod PIN,<\/li><li><strong>rozpoznawanie twarzy (biometria)<\/strong>,<\/li><li>inne metody identyfikacji dostosowane do potrzeb pracodawcy.<\/li><\/ul><p>Dzi\u0119ki zastosowaniu biometrii urz\u0105dzenie eliminuje ryzyko \u201eu\u017cyczenia karty\u201d lub kodu osobom nieuprawnionym.<\/p><p><strong>\ud83e\udde0 System ucz\u0105cy si\u0119 \u2013 bezpiecze\u0144stwo nowej generacji<\/strong><\/p><p>EDyR wykorzystuje elementy <strong>uczenia maszynowego<\/strong>, dzi\u0119ki czemu:<\/p><ul><li>uczy si\u0119 wzorc\u00f3w zachowa\u0144 pracownik\u00f3w,<\/li><li>identyfikuje nieprawid\u0142owo\u015bci w procesie logowania,<\/li><li><strong>wspiera rozpoznawanie os\u00f3b potencjalnie b\u0119d\u0105cych pod wp\u0142ywem narkotyk\u00f3w lub innych substancji psychoaktywnych<\/strong>,<\/li><li>zwi\u0119ksza skuteczno\u015b\u0107 prewencji i ogranicza dopuszczenie do pracy os\u00f3b niezdolnych psychofizycznie.<\/li><\/ul><p>System nie ocenia \u2013 <strong>system chroni<\/strong>: pracownika, flot\u0119 i pracodawc\u0119.<\/p><p><strong>\ud83d\ude97 Kontrola przed wydaniem kluczy<\/strong><\/p><p>Przed otwarciem skrytki EDyR:<\/p><ul><li>przeprowadza badanie trze\u017awo\u015bci,<\/li><li>weryfikuje uprawnienia,<\/li><li>rejestruje ka\u017cd\u0105 czynno\u015b\u0107 (data, godzina, u\u017cytkownik),<\/li><li>zapisuje moment pobrania i zdania pojazdu lub dokument\u00f3w,<\/li><li>zapisuje inne zaprogramowane zdarzenia zgodnie z polityk\u0105 firmy.<\/li><\/ul><p><strong>\ud83c\udfe2 Dla kogo?<\/strong><\/p><p>Rozwi\u0105zanie dedykowane jest:<\/p><ul><li>ma\u0142ym firmom transportowym \u2013 <strong>EDyR mo\u017ce ca\u0142kowicie zast\u0105pi\u0107 dyspozytora<\/strong>,<\/li><li>du\u017cym przedsi\u0119biorstwom \u2013 <strong>EDyR wspiera dyspozytor\u00f3w<\/strong>, szczeg\u00f3lnie w godzinach porannego szczytu, kiedy nat\u0119\u017cenie ruchu jest najwi\u0119ksze, przejmuj\u0105c obs\u0142ug\u0119 cz\u0119\u015bci pracownik\u00f3w wskazanych przez pracodawc\u0119.<\/li><\/ul><p><strong>\ud83d\uddc4\ufe0f Modu\u0142owa budowa<\/strong><\/p><ul><li>Konfiguracje: <strong>10, 20, 30, 40, 50 do 100 i wi\u0119cej skrytek<\/strong><\/li><li>Cena zale\u017cna od liczby schowk\u00f3w<\/li><li>Na zdj\u0119ciu: wersja z <strong>20 skrytkami<\/strong><\/li><li>Ka\u017cda skrytka mie\u015bci:<ul><li>segregator z dokumentami,<\/li><li>kluczyki,<\/li><li>inne drobne, warto\u015bciowe przedmioty<\/li><\/ul><\/li><\/ul><p><strong>\u2699\ufe0f Eksploatacja i zarz\u0105dzanie<\/strong><\/p><ul><li>Czas realizacji (produkcja + monta\u017c): <strong>ok. 60 dni<\/strong><\/li><li>Szkolenie z obs\u0142ugi: <strong>ok. 1 godziny<\/strong><\/li><li>Obs\u0142uga intuicyjna i przyjazna dla u\u017cytkownika<\/li><li>Zdalne zarz\u0105dzanie przez sie\u0107 (panel administratora)<\/li><li>Zasilanie awaryjne:<ul><li>standardowo <strong>1 godzina<\/strong>,<\/li><li>mo\u017cliwo\u015b\u0107 rozbudowy do kilku godzin<\/li><\/ul><\/li><li>Awaryjne otwarcie skrytek kluczem serwisowym<br \/><em>(wszystkie takie operacje s\u0105 automatycznie rejestrowane w systemie)<\/em><\/li><\/ul><\/div><\/div>\t\t\t\t\t\t\t\t<\/div>\n\t\t\t\t<\/div>\n\t\t\t\t<div class=\"elementor-element elementor-element-06029e1 elementor-widget__width-initial elementor-widget elementor-widget-image\" data-id=\"06029e1\" data-element_type=\"widget\" data-e-type=\"widget\" data-widget_type=\"image.default\">\n\t\t\t\t<div class=\"elementor-widget-container\">\n\t\t\t\t\t\t\t\t\t\t\t\t\t\t\t<img loading=\"lazy\" decoding=\"async\" width=\"600\" height=\"400\" src=\"https:\/\/ustniki.pl\/wp-content\/uploads\/2024\/02\/ebs123.jpg\" class=\"attachment-medium_large size-medium_large wp-image-1344\" alt=\"\" srcset=\"https:\/\/ustniki.pl\/wp-content\/uploads\/2024\/02\/ebs123.jpg 600w, https:\/\/ustniki.pl\/wp-content\/uploads\/2024\/02\/ebs123-300x200.jpg 300w, https:\/\/ustniki.pl\/wp-content\/uploads\/2024\/02\/ebs123-433x289.jpg 433w\" sizes=\"(max-width: 600px) 100vw, 600px\" \/>\t\t\t\t\t\t\t\t\t\t\t\t\t\t\t<\/div>\n\t\t\t\t<\/div>\n\t\t\t\t<div class=\"elementor-element elementor-element-506a740 elementor-widget__width-initial elementor-widget elementor-widget-image\" data-id=\"506a740\" data-element_type=\"widget\" data-e-type=\"widget\" data-widget_type=\"image.default\">\n\t\t\t\t<div class=\"elementor-widget-container\">\n\t\t\t\t\t\t\t\t\t\t\t\t\t\t\t<img loading=\"lazy\" decoding=\"async\" width=\"1024\" height=\"850\" src=\"https:\/\/ustniki.pl\/wp-content\/uploads\/2024\/11\/walizka2-apl-1024x850.jpg\" class=\"attachment-large size-large wp-image-1533\" alt=\"\" srcset=\"https:\/\/ustniki.pl\/wp-content\/uploads\/2024\/11\/walizka2-apl-1024x850.jpg 1024w, https:\/\/ustniki.pl\/wp-content\/uploads\/2024\/11\/walizka2-apl-300x249.jpg 300w, https:\/\/ustniki.pl\/wp-content\/uploads\/2024\/11\/walizka2-apl-768x637.jpg 768w, https:\/\/ustniki.pl\/wp-content\/uploads\/2024\/11\/walizka2-apl-1536x1275.jpg 1536w, https:\/\/ustniki.pl\/wp-content\/uploads\/2024\/11\/walizka2-apl-2048x1700.jpg 2048w, https:\/\/ustniki.pl\/wp-content\/uploads\/2024\/11\/walizka2-apl-433x359.jpg 433w\" sizes=\"(max-width: 1024px) 100vw, 1024px\" \/>\t\t\t\t\t\t\t\t\t\t\t\t\t\t\t<\/div>\n\t\t\t\t<\/div>\n\t\t\t\t<div class=\"elementor-element elementor-element-375cd33 elementor-widget__width-initial elementor-widget elementor-widget-image\" data-id=\"375cd33\" data-element_type=\"widget\" data-e-type=\"widget\" data-widget_type=\"image.default\">\n\t\t\t\t<div class=\"elementor-widget-container\">\n\t\t\t\t\t\t\t\t\t\t\t\t\t\t\t<img loading=\"lazy\" decoding=\"async\" width=\"548\" height=\"1024\" src=\"https:\/\/ustniki.pl\/wp-content\/uploads\/2024\/11\/walizka1-apl-548x1024.jpg\" class=\"attachment-large size-large wp-image-1534\" alt=\"\" srcset=\"https:\/\/ustniki.pl\/wp-content\/uploads\/2024\/11\/walizka1-apl-548x1024.jpg 548w, https:\/\/ustniki.pl\/wp-content\/uploads\/2024\/11\/walizka1-apl-161x300.jpg 161w, https:\/\/ustniki.pl\/wp-content\/uploads\/2024\/11\/walizka1-apl-768x1435.jpg 768w, https:\/\/ustniki.pl\/wp-content\/uploads\/2024\/11\/walizka1-apl-822x1536.jpg 822w, https:\/\/ustniki.pl\/wp-content\/uploads\/2024\/11\/walizka1-apl-433x809.jpg 433w, https:\/\/ustniki.pl\/wp-content\/uploads\/2024\/11\/walizka1-apl.jpg 1080w\" sizes=\"(max-width: 548px) 100vw, 548px\" \/>\t\t\t\t\t\t\t\t\t\t\t\t\t\t\t<\/div>\n\t\t\t\t<\/div>\n\t\t\t\t\t<\/div>\n\t\t<\/div>\n\t\t\t\t\t<\/div>\n\t\t<\/section>\n\t\t\t\t<\/div>\n\t\t","protected":false},"excerpt":{"rendered":"<p>\u00a0 \u00a0 \u00a0 Elektroniczny Dyspozytor Ruchu \u2013 EDyR EDyR to nowoczesne, inteligentne urz\u0105dzenie automatyzuj\u0105ce prac\u0119 dyspozytora ruchu. System wydaje klucze do pojazd\u00f3w, dokumenty oraz inne warto\u015bciowe przedmioty wy\u0142\u0105cznie osobom uprawnionym i zdolnym do pracy, po uprzedniej weryfikacji to\u017csamo\u015bci i stanu trze\u017awo\u015bci. \ud83d\udd10 Nowoczesna identyfikacja u\u017cytkownika EDyR rozpoznaje osoby loguj\u0105ce si\u0119 do systemu poprzez: kart\u0119 RFID, [&hellip;]<\/p>\n","protected":false},"author":2,"featured_media":0,"parent":0,"menu_order":0,"comment_status":"closed","ping_status":"closed","template":"","meta":{"ocean_post_layout":"","ocean_both_sidebars_style":"","ocean_both_sidebars_content_width":0,"ocean_both_sidebars_sidebars_width":0,"ocean_sidebar":"","ocean_second_sidebar":"","ocean_disable_margins":"enable","ocean_add_body_class":"","ocean_shortcode_before_top_bar":"","ocean_shortcode_after_top_bar":"","ocean_shortcode_before_header":"","ocean_shortcode_after_header":"","ocean_has_shortcode":"","ocean_shortcode_after_title":"","ocean_shortcode_before_footer_widgets":"","ocean_shortcode_after_footer_widgets":"","ocean_shortcode_before_footer_bottom":"","ocean_shortcode_after_footer_bottom":"","ocean_display_top_bar":"default","ocean_display_header":"default","ocean_header_style":"","ocean_center_header_left_menu":"","ocean_custom_header_template":"","ocean_custom_logo":0,"ocean_custom_retina_logo":0,"ocean_custom_logo_max_width":0,"ocean_custom_logo_tablet_max_width":0,"ocean_custom_logo_mobile_max_width":0,"ocean_custom_logo_max_height":0,"ocean_custom_logo_tablet_max_height":0,"ocean_custom_logo_mobile_max_height":0,"ocean_header_custom_menu":"","ocean_menu_typo_font_family":"","ocean_menu_typo_font_subset":"","ocean_menu_typo_font_size":0,"ocean_menu_typo_font_size_tablet":0,"ocean_menu_typo_font_size_mobile":0,"ocean_menu_typo_font_size_unit":"px","ocean_menu_typo_font_weight":"","ocean_menu_typo_font_weight_tablet":"","ocean_menu_typo_font_weight_mobile":"","ocean_menu_typo_transform":"","ocean_menu_typo_transform_tablet":"","ocean_menu_typo_transform_mobile":"","ocean_menu_typo_line_height":0,"ocean_menu_typo_line_height_tablet":0,"ocean_menu_typo_line_height_mobile":0,"ocean_menu_typo_line_height_unit":"","ocean_menu_typo_spacing":0,"ocean_menu_typo_spacing_tablet":0,"ocean_menu_typo_spacing_mobile":0,"ocean_menu_typo_spacing_unit":"","ocean_menu_link_color":"","ocean_menu_link_color_hover":"","ocean_menu_link_color_active":"","ocean_menu_link_background":"","ocean_menu_link_hover_background":"","ocean_menu_link_active_background":"","ocean_menu_social_links_bg":"","ocean_menu_social_hover_links_bg":"","ocean_menu_social_links_color":"","ocean_menu_social_hover_links_color":"","ocean_disable_title":"default","ocean_disable_heading":"default","ocean_post_title":"","ocean_post_subheading":"","ocean_post_title_style":"","ocean_post_title_background_color":"","ocean_post_title_background":0,"ocean_post_title_bg_image_position":"","ocean_post_title_bg_image_attachment":"","ocean_post_title_bg_image_repeat":"","ocean_post_title_bg_image_size":"","ocean_post_title_height":0,"ocean_post_title_bg_overlay":0.5,"ocean_post_title_bg_overlay_color":"","ocean_disable_breadcrumbs":"default","ocean_breadcrumbs_color":"","ocean_breadcrumbs_separator_color":"","ocean_breadcrumbs_links_color":"","ocean_breadcrumbs_links_hover_color":"","ocean_display_footer_widgets":"default","ocean_display_footer_bottom":"default","ocean_custom_footer_template":"","footnotes":""},"class_list":["post-1089","page","type-page","status-publish","hentry","entry","owp-thumbs-layout-horizontal","owp-btn-normal","owp-tabs-layout-horizontal","has-no-thumbnails","has-product-nav"],"_links":{"self":[{"href":"https:\/\/ustniki.pl\/index.php?rest_route=\/wp\/v2\/pages\/1089","targetHints":{"allow":["GET"]}}],"collection":[{"href":"https:\/\/ustniki.pl\/index.php?rest_route=\/wp\/v2\/pages"}],"about":[{"href":"https:\/\/ustniki.pl\/index.php?rest_route=\/wp\/v2\/types\/page"}],"author":[{"embeddable":true,"href":"https:\/\/ustniki.pl\/index.php?rest_route=\/wp\/v2\/users\/2"}],"replies":[{"embeddable":true,"href":"https:\/\/ustniki.pl\/index.php?rest_route=%2Fwp%2Fv2%2Fcomments&post=1089"}],"version-history":[{"count":95,"href":"https:\/\/ustniki.pl\/index.php?rest_route=\/wp\/v2\/pages\/1089\/revisions"}],"predecessor-version":[{"id":1710,"href":"https:\/\/ustniki.pl\/index.php?rest_route=\/wp\/v2\/pages\/1089\/revisions\/1710"}],"wp:attachment":[{"href":"https:\/\/ustniki.pl\/index.php?rest_route=%2Fwp%2Fv2%2Fmedia&parent=1089"}],"curies":[{"name":"wp","href":"https:\/\/api.w.org\/{rel}","templated":true}]}}